{"id":3332,"date":"2017-12-18T18:33:19","date_gmt":"2017-12-18T18:33:19","guid":{"rendered":"http:\/\/biblian.is\/gudbrandsbiblia\/ordskvidirnir-10-kafli\/"},"modified":"2017-12-18T18:33:19","modified_gmt":"2017-12-18T18:33:19","slug":"ordskvidirnir-10-kafli","status":"publish","type":"page","link":"https:\/\/biblian.is\/gudbrandsbiblia\/ordskvidirnir-10-kafli\/","title":{"rendered":"Or\u00f0skvi\u00f0irnir 10. kafli"},"content":{"rendered":"<p>X.<\/p>\n<p>\tEinn vitur sonur gle\u00f0ur sinn f\u00f6\u00f0ur en f\u00e1v\u00eds sonur er m\u00f3\u00f0ur sinnar hrygg\u00f0. <span class=\"athugasemd\" title=\"Infra 15\">[<\/span> <\/p>\n<p>\tRangfengi\u00f0 f\u00e9 sto\u00f0ar ekki en r\u00e9ttl\u00e6ti frelsar fr\u00e1 dau\u00f0a. <span class=\"athugasemd\" title=\"Rangfengi\u00f0 f\u00e9\">[<\/span> Ekki l\u00e6tur Drottinn s\u00e1l hins r\u00e9ttl\u00e1ta nokkurt hungur \u00feola en hann steypir f\u00e9fletting \u00f3mildra. <span class=\"athugasemd\" title=\"\u00deeir e\u00f0 me\u00f0 annarra manna ska\u00f0a r\u00edkir ver\u00f0a\">[<\/span> <\/p>\n<p>\tEin l\u00f6t h\u00f6nd gj\u00f6rir f\u00e1t\u00e6kt en ein \u00ferifin h\u00f6nd gj\u00f6rir au\u00f0gan.<\/p>\n<p>\tHver hann samandregur \u00e1 sumrinu s\u00e1 er hygginn en s\u00e1 e\u00f0 hann sefur um kornskur\u00f0art\u00edmann <span class=\"athugasemd\" title=\"a \/ Sk\u00f6mm og hei\u00f0ur kallar Sal\u00f3mon oft f\u00e1t\u00e6kt og r\u00edkd\u00f3m af \u00fev\u00ed a\u00f0 hver hann er r\u00edkur hann hefur \u00e6ru\">[<\/span> ver\u00f0ur skamma\u00f0ur.<\/p>\n<p>\tBlessan Drottins er yfir h\u00f6f\u00f0i hins r\u00e9ttl\u00e1ta en munn \u00feeirra \u00f3gu\u00f0hr\u00e6ddu yfirfellur \u00feeirra rangl\u00e6ti.<\/p>\n<p>\tMinning r\u00e9ttl\u00e1tra bl\u00edfur \u00ed blessan en nafn \u00f3gu\u00f0r\u00e6kinna f\u00fanar.<\/p>\n<p>\tHygginn ma\u00f0ur af hjarta me\u00f0tekur bo\u00f0or\u00f0in en s\u00e1 sem heimskulegan munn hefur ver\u00f0ur sleginn. <span class=\"athugasemd\" title=\"Infra 12\">[<\/span> <\/p>\n<p>\tHver e\u00f0 saklaus lifir hann lifir \u00f6ruggur en s\u00e1 e\u00f0 rangsn\u00fainn er \u00e1 s\u00ednum vegum mun opinber ver\u00f0a.<\/p>\n<p>\tHver hann bendir me\u00f0 augunum uppreisir \u00e1hyggju og s\u00e1 e\u00f0 heimskan munn hefur ver\u00f0ur sleginn. <span class=\"athugasemd\" title=\"S\u00edra. 17\">[<\/span> <\/p>\n<p>\tMunnur hins r\u00e9ttl\u00e1tra er l\u00edfsins \u00e6\u00f0r en munn \u00f3mildra mun rangl\u00e6ti \u00feeirra hylja.<\/p>\n<p>\tHatur kveikir upp deilur en k\u00e6rleikurinn hylur allar misgj\u00f6r\u00f0ir. <span class=\"athugasemd\" title=\"K\u00e6rleiki ver\u00f0ur ei til ills egndur. i. Cor. xiy.\">[<\/span> <\/p>\n<p>\t\u00cd v\u00f6rum viturs manns finns viska en \u00e1 bak hins heimska h\u00e6fir v\u00f6ndur.<\/p>\n<p>\tHyggnir menn geyma l\u00e6rd\u00f3msins en munnur hins heimska er <span class=\"athugasemd\" title=\"a \/ \u00dea\u00f0 er, h\u00e1ska og \u00f3lukku\">[<\/span> skelfingunni n\u00e1l\u00e6gur. <\/p>\n<p>\tR\u00edkd\u00f3mur au\u00f0igs manns er hans sterkur sta\u00f0ur en hina f\u00e1t\u00e6ku blj\u00faga gj\u00f6rir \u00feeirra arm\u00f3\u00f0.<\/p>\n<p>\tR\u00e9ttl\u00e1tur ma\u00f0ur neytir sinna au\u00f0\u00e6fa til <span class=\"athugasemd\" title=\"b \/ A\u00f0 n\u00e6ra sig og s\u00edna\">[<\/span> l\u00edfsins en \u00f3gu\u00f0r\u00e6kinn ma\u00f0ur br\u00fakar s\u00ednar inntektir til syndar.<\/p>\n<p>\tA\u00f0 var\u00f0veita \u00f6gunina er vegur til l\u00edfsins en s\u00e1 sem hirtingina fyrirl\u00edtur mun fara <span class=\"athugasemd\" title=\"c \/ (Villt) \/ honum mun ekki vel vegna\">[<\/span> villt.<\/p>\n<p>\t<span class=\"athugasemd\" title=\"d \/ (Falsmunnar) \/ Einn er s\u00e1 hann \u00e1minnir ekki sinn br\u00f3\u00f0ur s\u00ednar syndir, e\u00f0ur ef hann fellur \u00fe\u00e1 gle\u00f0st hann \u00fear vi\u00f0, annar bakm\u00e6lir og gj\u00f6rir \u00f6ngvum gagn \u00fear me\u00f0.\">[<\/span> Falsmunnar dylja sitt hatur og s\u00e1 bakm\u00e1lugur er hann er f\u00e1v\u00eds.<\/p>\n<p>\tHvar a\u00f0 er margm\u00e6lgin fer ekki fram \u00e1n syndar en hver s\u00ednar varir heftir s\u00e1 er forsj\u00e1ll.<\/p>\n<p>\tTunga hins r\u00e9ttl\u00e1ta er kostulegt silfur en \u00f3mildra hjarta er \u00f6ngvu neytt.<\/p>\n<p>\tVarir hins r\u00e9ttl\u00e1ta f\u00e6\u00f0a marga en hinis heimsku munu deyja \u00ed sinni f\u00e1visku.<\/p>\n<p>\tBlessan Drottins au\u00f0gar fyrir utan \u00e1hyggju en heimskur ma\u00f0ur m\u00f3t\u00fer\u00f3ast og sp\u00e9ast a\u00f0 \u00fear ofan \u00e1. En s\u00e1 ma\u00f0ur er hygginn sem \u00fea\u00f0 gaumg\u00e6fir.<\/p>\n<p>\t\u00dea\u00f0 sem \u00f3gu\u00f0hr\u00e6ddur ma\u00f0ur \u00f3ttast mun yfir hann koma og \u00fea\u00f0 r\u00e9ttl\u00e1tir girnast mun \u00feeim veitt ver\u00f0a.<\/p>\n<p>\t\u00d3mildur ma\u00f0ur er svo sem ve\u00f0urstormur s\u00e1 skyndilega af l\u00ed\u00f0ur og ekki er lengur en r\u00e9ttl\u00e1tur ma\u00f0ur helst vi\u00f0 a\u00f0 eil\u00edfu.<\/p>\n<p>\tSem <span class=\"athugasemd\" title=\"a \/ (Edik) \/ Hvar a\u00f0 eru laussinna\u00f0ir herrar og emb\u00e6ttismenn, \u00fear sj\u00e1 augun ekki og b\u00edta ekki tennurnar, \u00fea\u00f0 er, \u00fear l\u00ed\u00f0ur undir lok b\u00e6\u00f0i agi og hirting\">[<\/span> ediki\u00f0 gj\u00f6rir t\u00f6nnunum og reykurinn augunum, svo gj\u00f6rir og latur ma\u00f0ur \u00feeim er hann sendir.<\/p>\n<p>\t\u00d3tti Drottins lengir l\u00edfdagana en \u00e1r \u00f3gu\u00f0r\u00e6kinna munu styttast.<\/p>\n<p>\tBi\u00f0 r\u00e9ttl\u00e1tra mun a\u00f0 f\u00f6gnu\u00f0i ver\u00f0a en von \u00f3mildra fyrirferst.<\/p>\n<p>\tVegur Drottins er traust r\u00e9ttl\u00e1ts manns en illgj\u00f6r\u00f0amenn eru uggandi.<\/p>\n<p>\tR\u00e9ttl\u00e1tum manni ver\u00f0ur alldrei kollvarpa\u00f0 en \u00f3mildir menn munu ekki \u00ed landinu bl\u00edfa.<\/p>\n<p>\tMunnur hins r\u00e9ttl\u00e1ta gefur v\u00edsd\u00f3m en munnur rangsn\u00fainna manna ver\u00f0ur uppr\u00e6ttur.<\/p>\n<p>\tVarir r\u00e9ttl\u00e1ts manns kenna heiln\u00e6milegt en munnur \u00f3mildra er rangsn\u00fainn.<\/p>\n","protected":false},"excerpt":{"rendered":"<p>X. Einn vitur sonur gle\u00f0ur sinn f\u00f6\u00f0ur en f\u00e1v\u00eds sonur er m\u00f3\u00f0ur sinnar hrygg\u00f0. [ Rangfengi\u00f0 f\u00e9 sto\u00f0ar ekki en r\u00e9ttl\u00e6ti frelsar fr\u00e1 dau\u00f0a. [ Ekki l\u00e6tur Drottinn s\u00e1l hins r\u00e9ttl\u00e1ta nokkurt hungur \u00feola en hann steypir f\u00e9fletting \u00f3mildra. [ Ein l\u00f6t h\u00f6nd gj\u00f6rir f\u00e1t\u00e6kt en ein \u00ferifin h\u00f6nd gj\u00f6rir au\u00f0gan. Hver hann samandregur \u00e1 sumrinu s\u00e1 er hygginn en s\u00e1 e\u00f0 hann sefur um kornskur\u00f0art\u00edmann [ ver\u00f0ur skamma\u00f0ur. Blessan Drottins er yfir h\u00f6f\u00f0i hins r\u00e9ttl\u00e1ta en munn \u00feeirra \u00f3gu\u00f0hr\u00e6ddu yfirfellur \u00feeirra rangl\u00e6ti. Minning r\u00e9ttl\u00e1tra bl\u00edfur \u00ed blessan en nafn \u00f3gu\u00f0r\u00e6kinna f\u00fanar. Hygginn ma\u00f0ur af hjarta me\u00f0tekur bo\u00f0or\u00f0in en s\u00e1 <a href=\"https:\/\/biblian.is\/gudbrandsbiblia\/ordskvidirnir-10-kafli\/\"> [&#8230;]<\/a><\/p>\n","protected":false},"author":1,"featured_media":0,"parent":0,"menu_order":0,"comment_status":"open","ping_status":"open","template":"bibliukaflar.php","meta":{"footnotes":""},"class_list":["post-3332","page","type-page","status-publish","hentry"],"_links":{"self":[{"href":"https:\/\/biblian.is\/gudbrandsbiblia\/wp-json\/wp\/v2\/pages\/3332","targetHints":{"allow":["GET"]}}],"collection":[{"href":"https:\/\/biblian.is\/gudbrandsbiblia\/wp-json\/wp\/v2\/pages"}],"about":[{"href":"https:\/\/biblian.is\/gudbrandsbiblia\/wp-json\/wp\/v2\/types\/page"}],"author":[{"embeddable":true,"href":"https:\/\/biblian.is\/gudbrandsbiblia\/wp-json\/wp\/v2\/users\/1"}],"replies":[{"embeddable":true,"href":"https:\/\/biblian.is\/gudbrandsbiblia\/wp-json\/wp\/v2\/comments?post=3332"}],"version-history":[{"count":0,"href":"https:\/\/biblian.is\/gudbrandsbiblia\/wp-json\/wp\/v2\/pages\/3332\/revisions"}],"wp:attachment":[{"href":"https:\/\/biblian.is\/gudbrandsbiblia\/wp-json\/wp\/v2\/media?parent=3332"}],"curies":[{"name":"wp","href":"https:\/\/api.w.org\/{rel}","templated":true}]}}