{"id":3331,"date":"2017-12-18T18:33:19","date_gmt":"2017-12-18T18:33:19","guid":{"rendered":"http:\/\/biblian.is\/gudbrandsbiblia\/ordskvidirnir-9-kafli\/"},"modified":"2017-12-18T18:33:19","modified_gmt":"2017-12-18T18:33:19","slug":"ordskvidirnir-9-kafli","status":"publish","type":"page","link":"https:\/\/biblian.is\/gudbrandsbiblia\/ordskvidirnir-9-kafli\/","title":{"rendered":"Or\u00f0skvi\u00f0irnir 9. kafli"},"content":{"rendered":"<p>IX.<\/p>\n<p>Viskan bygg\u00f0i s\u00e9r h\u00fas og hj\u00f3 sj\u00f6 st\u00f3lpa, sl\u00e1tra\u00f0i f\u00e9 s\u00ednu, uppskenkti sitt v\u00edn og bj\u00f3 sitt bor\u00f0 og sendi \u00fat s\u00ednar amb\u00e1ttir a\u00f0 bj\u00f3\u00f0a upp \u00e1 sal borgarinnar. Hver hann er bernskur komi hann h\u00e9r, og til f\u00e1v\u00edsra sag\u00f0i h\u00fan: Komi\u00f0 og eti\u00f0 mitt brau\u00f0 og drekki\u00f0 v\u00edni\u00f0 \u00fea\u00f0 eg y\u00f0ur byrla og yfirgefi\u00f0 bernsklegt ath\u00e6fi, \u00fe\u00e1 munu \u00fe\u00e9r lifa og gangi\u00f0 \u00e1 skynseminnar vegi.<\/p>\n<p>\tHver hann agar sp\u00e9linn mann hann hl\u00fdtur sk\u00f6mm fyrir a\u00f0 hafa og s\u00e1 hann vandar um vi\u00f0 \u00f3gu\u00f0r\u00e6kinn ver\u00f0ur h\u00e6ddur. \u00c1v\u00edta ekki <span class=\"athugasemd\" title=\"a \/ (Sp\u00e9linn) \/ svo kallar Sal\u00f3mon alla forsm\u00e1endur og m\u00f3tstandara sannleiksins\">[<\/span> sp\u00e9linn mann, hann hatar \u00feig. <span class=\"athugasemd\" title=\"Heimurinn vill vera \u00f3straffa\u00f0ur\">[<\/span> \u00c1v\u00edta hygginn mann og mun hann elska \u00feig. Gef \u00fe\u00fa vitrum manni og mun hann hyggnast. Kenn \u00fe\u00fa r\u00e9ttl\u00e1tum og mun hann \u00e1 auka.<\/p>\n<p>\tUpphaf viskunnar er \u00f3tti Drottins og spekin nemur \u00fea\u00f0 sem heilagt er. <span class=\"athugasemd\" title=\"S\u00edrak. 1. S\u00e1l. 3. 91.\">[<\/span> \u00dev\u00ed a\u00f0 \u00fear fyrir munu margfaldast dagar \u00fe\u00ednir og \u00e1r l\u00edfs \u00fe\u00edns aukast. S\u00e9rtu vitur, so ertu \u00fe\u00e9r vitur, s\u00e9rtu h\u00e1\u00f0gjarn muntu \u00fea\u00f0 einnsaman bera.<\/p>\n<p>\t\u00dear er ein heimskufull, galin, kraftm\u00e1lug kona og veit ekkert. H\u00fan situr \u00ed s\u00ednum h\u00fasdyrum \u00e1 st\u00f3li, h\u00e1tt upp \u00ed sta\u00f0num, a\u00f0 bj\u00f3\u00f0a \u00f6llum \u00feeim sem umfara \u00fear og r\u00e9ttan ganga fram sinn veg. S\u00e1 sem bernskur er fari s\u00e1 hinga\u00f0, og til hins heimska talar h\u00fan: \u00d3frj\u00e1ls v\u00f6tn eru s\u00e6t og leyndarbrau\u00f0 eru lystileg. En hann veit ekki a\u00f0 \u00ed \u00feeim sta\u00f0 er dau\u00f0i og hennar gestir \u00ed ne\u00f0sta helv\u00edti.<\/p>\n<p>\u00deessir eru or\u00f0skvi\u00f0ir Salomonis.<\/p>\n","protected":false},"excerpt":{"rendered":"<p>IX. Viskan bygg\u00f0i s\u00e9r h\u00fas og hj\u00f3 sj\u00f6 st\u00f3lpa, sl\u00e1tra\u00f0i f\u00e9 s\u00ednu, uppskenkti sitt v\u00edn og bj\u00f3 sitt bor\u00f0 og sendi \u00fat s\u00ednar amb\u00e1ttir a\u00f0 bj\u00f3\u00f0a upp \u00e1 sal borgarinnar. Hver hann er bernskur komi hann h\u00e9r, og til f\u00e1v\u00edsra sag\u00f0i h\u00fan: Komi\u00f0 og eti\u00f0 mitt brau\u00f0 og drekki\u00f0 v\u00edni\u00f0 \u00fea\u00f0 eg y\u00f0ur byrla og yfirgefi\u00f0 bernsklegt ath\u00e6fi, \u00fe\u00e1 munu \u00fe\u00e9r lifa og gangi\u00f0 \u00e1 skynseminnar vegi. Hver hann agar sp\u00e9linn mann hann hl\u00fdtur sk\u00f6mm fyrir a\u00f0 hafa og s\u00e1 hann vandar um vi\u00f0 \u00f3gu\u00f0r\u00e6kinn ver\u00f0ur h\u00e6ddur. \u00c1v\u00edta ekki [ sp\u00e9linn mann, hann hatar \u00feig. [ \u00c1v\u00edta hygginn mann og <a href=\"https:\/\/biblian.is\/gudbrandsbiblia\/ordskvidirnir-9-kafli\/\"> [&#8230;]<\/a><\/p>\n","protected":false},"author":1,"featured_media":0,"parent":0,"menu_order":0,"comment_status":"open","ping_status":"open","template":"bibliukaflar.php","meta":{"footnotes":""},"class_list":["post-3331","page","type-page","status-publish","hentry"],"_links":{"self":[{"href":"https:\/\/biblian.is\/gudbrandsbiblia\/wp-json\/wp\/v2\/pages\/3331","targetHints":{"allow":["GET"]}}],"collection":[{"href":"https:\/\/biblian.is\/gudbrandsbiblia\/wp-json\/wp\/v2\/pages"}],"about":[{"href":"https:\/\/biblian.is\/gudbrandsbiblia\/wp-json\/wp\/v2\/types\/page"}],"author":[{"embeddable":true,"href":"https:\/\/biblian.is\/gudbrandsbiblia\/wp-json\/wp\/v2\/users\/1"}],"replies":[{"embeddable":true,"href":"https:\/\/biblian.is\/gudbrandsbiblia\/wp-json\/wp\/v2\/comments?post=3331"}],"version-history":[{"count":0,"href":"https:\/\/biblian.is\/gudbrandsbiblia\/wp-json\/wp\/v2\/pages\/3331\/revisions"}],"wp:attachment":[{"href":"https:\/\/biblian.is\/gudbrandsbiblia\/wp-json\/wp\/v2\/media?parent=3331"}],"curies":[{"name":"wp","href":"https:\/\/api.w.org\/{rel}","templated":true}]}}