{"id":3330,"date":"2017-12-18T18:33:19","date_gmt":"2017-12-18T18:33:19","guid":{"rendered":"http:\/\/biblian.is\/gudbrandsbiblia\/ordskvidirnir-8-kafli\/"},"modified":"2017-12-18T18:33:19","modified_gmt":"2017-12-18T18:33:19","slug":"ordskvidirnir-8-kafli","status":"publish","type":"page","link":"https:\/\/biblian.is\/gudbrandsbiblia\/ordskvidirnir-8-kafli\/","title":{"rendered":"Or\u00f0skvi\u00f0irnir 8. kafli"},"content":{"rendered":"<p>VIII.<\/p>\n<p>Hvert kallar spekin ekki og l\u00e6tur viskan ekki til s\u00edn heyra? Auglj\u00f3slega \u00e1 veginum og \u00e1 str\u00e6tunum stendur h\u00fan, \u00ed borgarhli\u00f0unum \u00fear sem menn innganga hr\u00f3par h\u00fan: Heyri, \u00fe\u00e9r menn, eg kalla til y\u00f0ar og hr\u00f3pa til sonu mannanna. \u00de\u00e9r \u00f3fr\u00f3\u00f0ir, skilji \u00fe\u00e9r viskuna og \u00fe\u00e9r heimskufullir, gefi \u00fe\u00e9r gaum a\u00f0. Heyri\u00f0 m\u00e9r \u00fev\u00ed a\u00f0 eg vil tala \u00fea\u00f0 sem <span class=\"athugasemd\" title=\"a \/ (H\u00f6f\u00f0inglegt) \/ H\u00f6f\u00f0ingjarnir skulu \u00e6rlega og lofsamlega handt\u00e9ra, tala og gj\u00f6ra, svo menn megi \u00feeirra d\u00e6mum \u00e1 loft halda og eftir fylgja og ekki svo sem \u00f3\u00feokkar, v\u00edkingar, e\u00f0ur j\u00f6tnar. Sap. 3\">[<\/span> h\u00f6f\u00f0inglegt er og kenna \u00fea\u00f0 sem r\u00e9tt er. \u00dev\u00ed a\u00f0 munnur minn skal sannindi tala og m\u00ednar varir skulu hata \u00fea\u00f0 sem \u00f3gu\u00f0legt er. R\u00e9ttfer\u00f0ugar eru r\u00e6\u00f0ur m\u00edns munns, \u00fear er ei neitt rangsn\u00fai\u00f0 \u00fat \u00ed n\u00e9 falskt. Allar eru \u00fe\u00e6r sannar \u00feeim sem \u00fe\u00e6r skilja og r\u00e9ttar \u00feeim sem \u00fe\u00e6r vilja me\u00f0taka.<\/p>\n<p>\tMe\u00f0taki\u00f0 m\u00edna \u00f6gun heldur en silfur og meti\u00f0 meira l\u00e6rd\u00f3m en kostulegt gull. \u00dev\u00ed a\u00f0 viskan er gimsteinum betri og allt hva\u00f0 \u00e6skja m\u00e1 kann ekki vi\u00f0 hana a\u00f0 samjafnast. Eg, viskan, b\u00fd hj\u00e1 hyggindunum og kann a\u00f0 gefa g\u00f3\u00f0 r\u00e1\u00f0. \u00d3tti Drottins hatar \u00fea\u00f0 illa, drambl\u00e6ti, hofm\u00f3\u00f0 og rangan veg og eg er \u00f3vin rangsn\u00fanum munni.<\/p>\n<p>\tEg kann a\u00f0 r\u00e1\u00f0leggja og framkv\u00e6ma, eg hefi hyggindi og magt. Fyrir mig stj\u00f3rna k\u00f3ngarnir og setja r\u00e1\u00f0sherrarnir l\u00f6gm\u00e1lsr\u00e9ttinn. Fyrir mig r\u00edkja h\u00f6f\u00f0ingjarnir og allir valdsmenn \u00e1 j\u00f6r\u00f0u. Eg elska \u00fe\u00e1 sem mig elska og \u00feeir sem \u00e1rla leita m\u00edn finna mig. Au\u00f0\u00e6fi og d\u00fdr\u00f0 eru me\u00f0 m\u00e9r, sannarlegt g\u00f3ss og r\u00e9ttl\u00e6ti. Betri er minn \u00e1v\u00f6xtur en gull og \u00fea\u00f0 besta gull og m\u00edn inntekt er betri en \u00fatvali\u00f0 silfur. Eg geng \u00e1 r\u00e9ttum vegi og \u00e1 mi\u00f0jum st\u00edgum r\u00e9ttarins so a\u00f0 eg vel r\u00e1\u00f0stafi m\u00ednum elskulegum og fylli \u00feeirra f\u00e9sj\u00f3\u00f0u.<\/p>\n<p>\tDrottinn hefur haft mig \u00ed upphafi sinna vega, fyrr en hann nokku\u00f0 gj\u00f6r\u00f0i var eg \u00fear. <span class=\"athugasemd\" title=\"Sap. 9\">[<\/span> Eg er eil\u00edflega tilskikku\u00f0 fr\u00e1 upphafi, fyrr en jar\u00f0r\u00edki\u00f0 var, \u00fe\u00e1 undirdj\u00fapin voru enn ekki var eg algj\u00f6r\u00f0, \u00fe\u00e1 e\u00f0 vatsbrunnarnir enn ekki uppspruttu, \u00e1\u00f0ur en fj\u00f6llin voru ni\u00f0ursett og fyrr en h\u00e1lsarnir var eg tilreidd. Hann haf\u00f0i \u00fe\u00e1 ekki enn skapa\u00f0 j\u00f6r\u00f0ina og \u00fea\u00f0 \u00e1 henni er, ei heldur undirst\u00f6\u00f0ur jar\u00f0arinnar. \u00deegar hann tilreiddi himnana var eg n\u00e1l\u00e6g, \u00fe\u00e1 hann h\u00f6ndla\u00f0i undirdj\u00fapi\u00f0 me\u00f0 sinni m\u00e6ling, \u00fe\u00e1 hann festi \u00fear upp yfir sk\u00fdin og undirdj\u00fapin v\u00edkkandi, \u00fe\u00e1 hann setti sj\u00f3num s\u00edn takm\u00f6rk og v\u00f6tnunum a\u00f0 \u00feau yfirgengi ekki s\u00edna b\u00edfalning, \u00fe\u00e1 hann lag\u00f0i jar\u00f0arinnar grundv\u00f6ll var eg meistari hj\u00e1 honum og haf\u00f0i daglega m\u00edna lyst og l\u00e9k fyrir honum allt\u00ed\u00f0. Eg l\u00e9k \u00e1 hans jar\u00f0arhnetti og m\u00edn lyst er hj\u00e1 mannanna sonum.<\/p>\n<p>\t\u00dear fyrir hl\u00fd\u00f0i\u00f0 m\u00e9r n\u00fa, synir m\u00ednir. S\u00e6lir eru \u00feeir sem m\u00edna vegu var\u00f0veita. Heyri\u00f0 umv\u00f6ndunina og veri\u00f0 hyggnir og hir\u00f0i\u00f0 ekki hana a\u00f0 forleggja. S\u00e6ll er s\u00e1 ma\u00f0ur sem m\u00e9r hl\u00fd\u00f0ir og vakir daglega vi\u00f0 m\u00ednar dyr og heldur v\u00f6r\u00f0 vi\u00f0 m\u00edna dyrastafi. Hver mig finnur s\u00e1 finnur l\u00edfi\u00f0 og mun g\u00f3\u00f0vild \u00f6\u00f0last af Drottni en hver hann syndgast vi\u00f0 mig s\u00e1 s\u00e6rir s\u00e1l s\u00edna. Allir \u00feeir sem hata mig elska dau\u00f0ann.&#8220;<\/p>\n","protected":false},"excerpt":{"rendered":"<p>VIII. Hvert kallar spekin ekki og l\u00e6tur viskan ekki til s\u00edn heyra? Auglj\u00f3slega \u00e1 veginum og \u00e1 str\u00e6tunum stendur h\u00fan, \u00ed borgarhli\u00f0unum \u00fear sem menn innganga hr\u00f3par h\u00fan: Heyri, \u00fe\u00e9r menn, eg kalla til y\u00f0ar og hr\u00f3pa til sonu mannanna. \u00de\u00e9r \u00f3fr\u00f3\u00f0ir, skilji \u00fe\u00e9r viskuna og \u00fe\u00e9r heimskufullir, gefi \u00fe\u00e9r gaum a\u00f0. Heyri\u00f0 m\u00e9r \u00fev\u00ed a\u00f0 eg vil tala \u00fea\u00f0 sem [ h\u00f6f\u00f0inglegt er og kenna \u00fea\u00f0 sem r\u00e9tt er. \u00dev\u00ed a\u00f0 munnur minn skal sannindi tala og m\u00ednar varir skulu hata \u00fea\u00f0 sem \u00f3gu\u00f0legt er. R\u00e9ttfer\u00f0ugar eru r\u00e6\u00f0ur m\u00edns munns, \u00fear er ei neitt rangsn\u00fai\u00f0 \u00fat \u00ed n\u00e9 falskt. <a href=\"https:\/\/biblian.is\/gudbrandsbiblia\/ordskvidirnir-8-kafli\/\"> [&#8230;]<\/a><\/p>\n","protected":false},"author":1,"featured_media":0,"parent":0,"menu_order":0,"comment_status":"open","ping_status":"open","template":"bibliukaflar.php","meta":{"footnotes":""},"class_list":["post-3330","page","type-page","status-publish","hentry"],"_links":{"self":[{"href":"https:\/\/biblian.is\/gudbrandsbiblia\/wp-json\/wp\/v2\/pages\/3330","targetHints":{"allow":["GET"]}}],"collection":[{"href":"https:\/\/biblian.is\/gudbrandsbiblia\/wp-json\/wp\/v2\/pages"}],"about":[{"href":"https:\/\/biblian.is\/gudbrandsbiblia\/wp-json\/wp\/v2\/types\/page"}],"author":[{"embeddable":true,"href":"https:\/\/biblian.is\/gudbrandsbiblia\/wp-json\/wp\/v2\/users\/1"}],"replies":[{"embeddable":true,"href":"https:\/\/biblian.is\/gudbrandsbiblia\/wp-json\/wp\/v2\/comments?post=3330"}],"version-history":[{"count":0,"href":"https:\/\/biblian.is\/gudbrandsbiblia\/wp-json\/wp\/v2\/pages\/3330\/revisions"}],"wp:attachment":[{"href":"https:\/\/biblian.is\/gudbrandsbiblia\/wp-json\/wp\/v2\/media?parent=3330"}],"curies":[{"name":"wp","href":"https:\/\/api.w.org\/{rel}","templated":true}]}}