{"id":3327,"date":"2017-12-18T18:33:19","date_gmt":"2017-12-18T18:33:19","guid":{"rendered":"http:\/\/biblian.is\/gudbrandsbiblia\/ordskvidirnir-5-kafli\/"},"modified":"2017-12-18T18:33:19","modified_gmt":"2017-12-18T18:33:19","slug":"ordskvidirnir-5-kafli","status":"publish","type":"page","link":"https:\/\/biblian.is\/gudbrandsbiblia\/ordskvidirnir-5-kafli\/","title":{"rendered":"Or\u00f0skvi\u00f0irnir 5. kafli"},"content":{"rendered":"<p>V.<\/p>\n<p>Son minn, athuga m\u00edna speki og hneig eyru \u00fe\u00edn til minnar kenningar so \u00fe\u00fa var\u00f0veitir gott r\u00e1\u00f0 og munnur \u00feinn viti greinarmun. \u00dev\u00ed a\u00f0 sk\u00e6kjunnar varir eru s\u00e6tar svo sem hunangsseimur og hennar barki er mj\u00fakari en vi\u00f0smj\u00f6r en s\u00ed\u00f0armeir beiskari en malurt og b\u00edtur so sem eitt tv\u00edeggja\u00f0 sver\u00f0. F\u00e6tur hennar hlaupa allt \u00ed dau\u00f0ann og hennar gangur \u00ed helv\u00edti. Ei gengur h\u00fan um l\u00edfsins veg, dreift liggja hennar f\u00f3tspor svo h\u00fan veit ekki hvar h\u00fan fer.<\/p>\n<p>\tSo hl\u00fd\u00f0i\u00f0 m\u00e9r n\u00fa, m\u00ednir synir, og v\u00edki\u00f0 ei fr\u00e1 or\u00f0um m\u00edns munns. L\u00e1t vegu \u00fe\u00edna langt fr\u00e1 henni vera og n\u00e1lgast ekki hennar h\u00fasdyr a\u00f0 \u00fe\u00fa ekki <span class=\"athugasemd\" title=\"a \/ (Annarlegum) \/ \u00dev\u00eda \u00f0 saurl\u00edfismenn ey\u00f0a s\u00ednu g\u00f3ssi og l\u00edfi me\u00f0 vondum sk\u00e1lkum, \u00feeir e\u00f0 \u00fe\u00e1 eftir \u00e1 gefa \u00feeim ekki munnbita sem a\u00f0 ske\u00f0i \u00feeim tapa\u00f0a syni e\u00f0 \u00ed Gu\u00f0spjallinu getur \u00fe\u00e1 hann haf\u00f0i s\u00f3a\u00f0 \u00f6llu s\u00ednu g\u00f3ssi. Luc. xv.\">[<\/span> annarlegum gefir \u00feinn hei\u00f0ur og \u00feeim grimmdarfullu \u00fe\u00edn \u00e1r, svo a\u00f0 \u00f6ngvir annarlegir sig se\u00f0ji af \u00fe\u00ednu megni og \u00feitt erfi\u00f0i s\u00e9 ei \u00ed annars h\u00fasi, so a\u00f0 me\u00f0 seinsta hlj\u00f3tir \u00fe\u00fa a\u00f0 andvarpa \u00feegar \u00fe\u00fa hefur eytt \u00fe\u00ednu l\u00edfi og g\u00f3ssi og segja: &#8222;Av\u00ed, hversu hef eg hata\u00f0 agann og hjarta mitt hefur hirtingina fyrirliti\u00f0! Eg hefi ekki hl\u00fdtt raust minna l\u00e6rife\u00f0ra og ekki hneigt mitt eyra til \u00feeirra sem m\u00e9r kenndu! Eg er so n\u00e6r kominn \u00ed \u00f3lukku fyrir \u00f6llum l\u00fd\u00f0 og \u00f6llu f\u00f3lki!&#8220;<\/p>\n<p>\tDrekktu vatn \u00far \u00feinni lind og flj\u00f3tandi bekki \u00far \u00fe\u00ednum brunni. L\u00e1ttu brunna \u00fe\u00edna \u00fatkv\u00edslast og \u00fe\u00edna vatsl\u00e6ki um str\u00e6tin renna. En haf \u00fe\u00fa \u00fe\u00e1 alleina og enginn annarlegur me\u00f0 \u00fe\u00e9r. \u00deinn brunnur s\u00e9 blessa\u00f0ur og fagna \u00fe\u00fa me\u00f0 h\u00fasfr\u00fa \u00feinnar \u00e6sku. H\u00fan er so elskuleg sem <span class=\"athugasemd\" title=\"b \/ Ein hind \/ \u00dea\u00f0 er tala\u00f0 eftir almennilegum or\u00f0skvi\u00f0 og sagt so miki\u00f0: Vertu hj\u00e1 konu \u00feinni og b\u00f6rnum og geym \u00fe\u00fa eigur \u00fe\u00ednar so \u00fe\u00fa \u00feeim ei ey\u00f0ir me\u00f0 portkonu heldur \u00f6\u00f0rum \u00fear me\u00f0 hj\u00e1lpir \u00fev\u00ed a\u00f0 enginn hagur er \u00e1 j\u00f6r\u00f0u elskulegri en s\u00e1 n\u00e6r manni og konu vel til samans kemur\">[<\/span> ein hind og \u00feekkileg sem einn hindark\u00e1lfur. L\u00e1ttu hennar elsku \u00feig \u00e6t\u00ed\u00f0 se\u00f0ja og hress \u00feig jafnan me\u00f0 hennar \u00e1st.<\/p>\n<p>\tHvar fyrir, son minn, viltu vermast af annarlegri og \u00ed annarrar skauti a\u00f0 fa\u00f0mast? \u00dev\u00ed s\u00e9rhvers manns vegir eru lj\u00f3sir fyrir Drottni og hann m\u00e6lir allar \u00feeirra g\u00f6ngur. Misgj\u00f6r\u00f0ir hins \u00f3milda munu hann h\u00f6ndla og me\u00f0 sn\u00f6ru sinna synda mun hann haldinn ver\u00f0a. Hann mun deyja \u00fear fyrir a\u00f0 hann vill s\u00e9r ekki segjast l\u00e1ta og sakir sinnar mikillar heimsku mun honum illa vegna.<\/p>\n","protected":false},"excerpt":{"rendered":"<p>V. Son minn, athuga m\u00edna speki og hneig eyru \u00fe\u00edn til minnar kenningar so \u00fe\u00fa var\u00f0veitir gott r\u00e1\u00f0 og munnur \u00feinn viti greinarmun. \u00dev\u00ed a\u00f0 sk\u00e6kjunnar varir eru s\u00e6tar svo sem hunangsseimur og hennar barki er mj\u00fakari en vi\u00f0smj\u00f6r en s\u00ed\u00f0armeir beiskari en malurt og b\u00edtur so sem eitt tv\u00edeggja\u00f0 sver\u00f0. F\u00e6tur hennar hlaupa allt \u00ed dau\u00f0ann og hennar gangur \u00ed helv\u00edti. Ei gengur h\u00fan um l\u00edfsins veg, dreift liggja hennar f\u00f3tspor svo h\u00fan veit ekki hvar h\u00fan fer. So hl\u00fd\u00f0i\u00f0 m\u00e9r n\u00fa, m\u00ednir synir, og v\u00edki\u00f0 ei fr\u00e1 or\u00f0um m\u00edns munns. L\u00e1t vegu \u00fe\u00edna langt fr\u00e1 henni vera og <a href=\"https:\/\/biblian.is\/gudbrandsbiblia\/ordskvidirnir-5-kafli\/\"> [&#8230;]<\/a><\/p>\n","protected":false},"author":1,"featured_media":0,"parent":0,"menu_order":0,"comment_status":"open","ping_status":"open","template":"bibliukaflar.php","meta":{"footnotes":""},"class_list":["post-3327","page","type-page","status-publish","hentry"],"_links":{"self":[{"href":"https:\/\/biblian.is\/gudbrandsbiblia\/wp-json\/wp\/v2\/pages\/3327","targetHints":{"allow":["GET"]}}],"collection":[{"href":"https:\/\/biblian.is\/gudbrandsbiblia\/wp-json\/wp\/v2\/pages"}],"about":[{"href":"https:\/\/biblian.is\/gudbrandsbiblia\/wp-json\/wp\/v2\/types\/page"}],"author":[{"embeddable":true,"href":"https:\/\/biblian.is\/gudbrandsbiblia\/wp-json\/wp\/v2\/users\/1"}],"replies":[{"embeddable":true,"href":"https:\/\/biblian.is\/gudbrandsbiblia\/wp-json\/wp\/v2\/comments?post=3327"}],"version-history":[{"count":0,"href":"https:\/\/biblian.is\/gudbrandsbiblia\/wp-json\/wp\/v2\/pages\/3327\/revisions"}],"wp:attachment":[{"href":"https:\/\/biblian.is\/gudbrandsbiblia\/wp-json\/wp\/v2\/media?parent=3327"}],"curies":[{"name":"wp","href":"https:\/\/api.w.org\/{rel}","templated":true}]}}