{"id":3326,"date":"2017-12-18T18:33:19","date_gmt":"2017-12-18T18:33:19","guid":{"rendered":"http:\/\/biblian.is\/gudbrandsbiblia\/ordskvidirnir-4-kafli\/"},"modified":"2017-12-18T18:33:19","modified_gmt":"2017-12-18T18:33:19","slug":"ordskvidirnir-4-kafli","status":"publish","type":"page","link":"https:\/\/biblian.is\/gudbrandsbiblia\/ordskvidirnir-4-kafli\/","title":{"rendered":"Or\u00f0skvi\u00f0irnir 4. kafli"},"content":{"rendered":"<p>IIII.<\/p>\n<p>Heyri\u00f0, synir m\u00ednir, hirtingu f\u00f6\u00f0urs y\u00f0ars og gaumg\u00e6fi\u00f0 og l\u00e6ri\u00f0 so \u00fe\u00e9r ver\u00f0i\u00f0 forsj\u00e1lir. \u00dev\u00ed a\u00f0 eg gef y\u00f0ur g\u00f3\u00f0an l\u00e6rd\u00f3m, forl\u00e1ti\u00f0 ei mitt l\u00f6gm\u00e1l. \u00dev\u00ed a\u00f0 eg var og sonur f\u00f6\u00f0ur m\u00edns, fr\u00ed\u00f0ur einkason m\u00f3\u00f0ur minnar, hann kenndi m\u00e9r og sag\u00f0i:<\/p>\n<p>\tL\u00e1ttu \u00feitt hjarta me\u00f0taka mitt or\u00f0, haltu m\u00edn bo\u00f0or\u00f0, so muntu lifa, nem \u00fe\u00fa v\u00edsd\u00f3m, nem \u00fe\u00fa skilning, gleym ekki og breg\u00f0 ekki af or\u00f0um munns m\u00edns. Yfirgef hann ekki, svo mun hann halda \u00fe\u00e9r, elska \u00fe\u00fa hann, svo mun hann var\u00f0veita \u00feig. \u00dev\u00ed a\u00f0 upphaf viskunnar er \u00fea\u00f0 ef mann hl\u00fd\u00f0ir henni gjarnan og hefur hyggindin k\u00e6rri en mikil au\u00f0\u00e6fi. Vir\u00f0 hana mikils og mun h\u00fan hefja \u00feig og gj\u00f6ra \u00feig hei\u00f0arlegan ef \u00fe\u00fa umfa\u00f0mar hana. H\u00fan mun \u00feitt h\u00f6fu\u00f0 fagurlega fr\u00edkka og pr\u00fd\u00f0a \u00fea\u00f0 me\u00f0 fegur\u00f0ark\u00f3r\u00f3nu.<\/p>\n<p>\t\u00dev\u00ed heyr n\u00fa, son minn, og me\u00f0tak m\u00edn or\u00f0, so munu lengjast l\u00edfdagar \u00fe\u00ednir. Eg vil v\u00edsa \u00fe\u00e9r viskunnar veg og lei\u00f0a \u00feig \u00e1 r\u00e9tta g\u00f6tu svo a\u00f0 \u00fe\u00e1 \u00fe\u00fa gengur veiti \u00fe\u00e9r eigi m\u00e6\u00f0i\u00f0 \u00fe\u00edn ganga og mei\u00f0ir \u00feig ei \u00fe\u00e1 \u00fe\u00fa hleypur. \u00deol \u00fe\u00fa agann, yfirgef hann ei, geym \u00fe\u00fa hann, \u00fev\u00ed a\u00f0 hann er \u00feitt l\u00edf.<\/p>\n<p>\tKom \u00fe\u00fa ekki \u00e1 stigu \u00f3mildra og gakk \u00fe\u00fa ekki \u00e1 vegi vondra manna. L\u00e1ttu hann fara, vert ekki \u00fear \u00e1, v\u00edktu \u00fear fr\u00e1 og gakktu hj\u00e1 honum. \u00dev\u00ed a\u00f0 \u00feeir sofa ekki nema \u00feeir hafi nokku\u00f0 illt gj\u00f6rt, \u00feeir hafa \u00f6ngva hv\u00edld nema \u00feeir hafi gj\u00f6rt ska\u00f0a. \u00dev\u00ed a\u00f0 \u00feeir hafa n\u00e6rt sig af rangfengnu brau\u00f0i og drekka af rangl\u00e6tisins v\u00edni. En st\u00edgur r\u00e9ttl\u00e1tra sk\u00edn sem anna\u00f0 lj\u00f3s \u00fea\u00f0 sem framl\u00ed\u00f0ur og l\u00fdsir \u00fear til dagur er en vegur \u00f3mildra er svo sem myrkur og \u00feeir vita ekki hvar \u00feeir munu detta.<\/p>\n<p>\tSon minn, hl\u00fdttu or\u00f0um m\u00ednum og hneig eyra \u00feitt til minnar r\u00e6\u00f0u. L\u00e1ttu hana ekki fr\u00e1 \u00fe\u00ednum augum fara, hirtu hana \u00ed hjarta \u00fe\u00ednu \u00fev\u00ed a\u00f0 h\u00fan er \u00feeirra l\u00edf sem hana finna og heilbrig\u00f0i allra \u00feeirra l\u00edkama. Geym hjarta \u00feitt af allri vandvirkt \u00fev\u00ed a\u00f0 \u00fear \u00fat af gengur l\u00edfi\u00f0. Burtsk\u00fafa fr\u00e1 \u00fe\u00e9r heimskum munni og l\u00e1ttu h\u00e1\u00f0gjarnar varir langt fr\u00e1 \u00fe\u00e9r. Augu \u00fe\u00edn l\u00e1ttu r\u00e9tt fram fyrir sig sj\u00e1 og skima ekki me\u00f0 \u00fe\u00ednum augum. L\u00e1ttu \u00feinn f\u00f3t jafnframt fyrir \u00feig st\u00edga, svo gengur \u00fe\u00fa st\u00f6\u00f0uglega, halla \u00fe\u00e9r hverki til h\u00e6gri handar n\u00e9 vinstri, sn\u00fa \u00fe\u00ednum f\u00f3tum fr\u00e1 illsku.<\/p>\n","protected":false},"excerpt":{"rendered":"<p>IIII. Heyri\u00f0, synir m\u00ednir, hirtingu f\u00f6\u00f0urs y\u00f0ars og gaumg\u00e6fi\u00f0 og l\u00e6ri\u00f0 so \u00fe\u00e9r ver\u00f0i\u00f0 forsj\u00e1lir. \u00dev\u00ed a\u00f0 eg gef y\u00f0ur g\u00f3\u00f0an l\u00e6rd\u00f3m, forl\u00e1ti\u00f0 ei mitt l\u00f6gm\u00e1l. \u00dev\u00ed a\u00f0 eg var og sonur f\u00f6\u00f0ur m\u00edns, fr\u00ed\u00f0ur einkason m\u00f3\u00f0ur minnar, hann kenndi m\u00e9r og sag\u00f0i: L\u00e1ttu \u00feitt hjarta me\u00f0taka mitt or\u00f0, haltu m\u00edn bo\u00f0or\u00f0, so muntu lifa, nem \u00fe\u00fa v\u00edsd\u00f3m, nem \u00fe\u00fa skilning, gleym ekki og breg\u00f0 ekki af or\u00f0um munns m\u00edns. Yfirgef hann ekki, svo mun hann halda \u00fe\u00e9r, elska \u00fe\u00fa hann, svo mun hann var\u00f0veita \u00feig. \u00dev\u00ed a\u00f0 upphaf viskunnar er \u00fea\u00f0 ef mann hl\u00fd\u00f0ir henni gjarnan og hefur hyggindin <a href=\"https:\/\/biblian.is\/gudbrandsbiblia\/ordskvidirnir-4-kafli\/\"> [&#8230;]<\/a><\/p>\n","protected":false},"author":1,"featured_media":0,"parent":0,"menu_order":0,"comment_status":"open","ping_status":"open","template":"bibliukaflar.php","meta":{"footnotes":""},"class_list":["post-3326","page","type-page","status-publish","hentry"],"_links":{"self":[{"href":"https:\/\/biblian.is\/gudbrandsbiblia\/wp-json\/wp\/v2\/pages\/3326","targetHints":{"allow":["GET"]}}],"collection":[{"href":"https:\/\/biblian.is\/gudbrandsbiblia\/wp-json\/wp\/v2\/pages"}],"about":[{"href":"https:\/\/biblian.is\/gudbrandsbiblia\/wp-json\/wp\/v2\/types\/page"}],"author":[{"embeddable":true,"href":"https:\/\/biblian.is\/gudbrandsbiblia\/wp-json\/wp\/v2\/users\/1"}],"replies":[{"embeddable":true,"href":"https:\/\/biblian.is\/gudbrandsbiblia\/wp-json\/wp\/v2\/comments?post=3326"}],"version-history":[{"count":0,"href":"https:\/\/biblian.is\/gudbrandsbiblia\/wp-json\/wp\/v2\/pages\/3326\/revisions"}],"wp:attachment":[{"href":"https:\/\/biblian.is\/gudbrandsbiblia\/wp-json\/wp\/v2\/media?parent=3326"}],"curies":[{"name":"wp","href":"https:\/\/api.w.org\/{rel}","templated":true}]}}