{"id":3325,"date":"2017-12-18T18:33:19","date_gmt":"2017-12-18T18:33:19","guid":{"rendered":"http:\/\/biblian.is\/gudbrandsbiblia\/ordskvidirnir-3-kafli\/"},"modified":"2017-12-18T18:33:19","modified_gmt":"2017-12-18T18:33:19","slug":"ordskvidirnir-3-kafli","status":"publish","type":"page","link":"https:\/\/biblian.is\/gudbrandsbiblia\/ordskvidirnir-3-kafli\/","title":{"rendered":"Or\u00f0skvi\u00f0irnir 3. kafli"},"content":{"rendered":"<p>III.<\/p>\n<p>Son minn, gleym ekki m\u00ednu l\u00f6gm\u00e1li og geymi hjarta \u00feitt mitt bo\u00f0or\u00f0, \u00fev\u00ed a\u00f0 \u00feau munu auka \u00fe\u00e9r langa l\u00edfdaga, g\u00f3\u00f0 \u00e1r og fri\u00f0, miskunn og sannleikur munu \u00feig ekki yfirgefa. <span class=\"athugasemd\" title=\"Deut. 8. 30\">[<\/span> Festu \u00feau um h\u00e1ls \u00fe\u00e9r og skrifa \u00feau \u00e1 spj\u00f6ld hjarta \u00fe\u00edns, svo muntu hylli og <span class=\"athugasemd\" title=\"a \/ (Kl\u00f3kindi) \/ \u00de\u00fa munt ver\u00f0a einn f\u00ednn skynsamur mann \u00feeim e\u00f0 allt vel s\u00f3mir og framgengur \u00fea\u00f0 \u00fe\u00fa uppbyrjar\">[<\/span> kl\u00f3kindi finna sem Gu\u00f0i og m\u00f6nnum vel l\u00edka.<\/p>\n<p>\tHaf \u00fe\u00fa traust \u00e1 Drottni af \u00f6llu hjarta \u00fe\u00ednu og vona ekki upp \u00e1 \u00fe\u00edna visku. Hugsa heldur til hans \u00ed \u00f6llum \u00fe\u00ednum vegum og mun hann grei\u00f0a g\u00f6tu \u00fe\u00edna. Eigi skaltu \u00feykjast hygginn, \u00f3ttast heldur Drottin og l\u00e1t af illu, \u00fea\u00f0 mun \u00fe\u00ednum nafla heiln\u00e6mt vera og \u00fe\u00edn bein hressa.<\/p>\n<p>\tHei\u00f0ra Drottin af au\u00f0\u00e6fum \u00fe\u00ednum og af frumf\u00f3rninni allra \u00feinna inntekta, \u00fe\u00e1 munu fullar ver\u00f0a kornhl\u00f6\u00f0ur \u00fe\u00ednar og \u00fe\u00ednar v\u00edn\u00fer\u00fagur fullar \u00fat af fl\u00f3a.<\/p>\n<p>\tSon minn, burtkasta ekki tyttan Drottins og vertu ekki \u00f3\u00feolugur vi\u00f0 hans hirting \u00fev\u00ed a\u00f0 hvern \u00feann sem Drottinn elskar \u00feann hirtir hann og hefur \u00e1 honum \u00fe\u00f3knan svo sem fa\u00f0ir \u00e1 syni. <span class=\"athugasemd\" title=\"Tobie 4 \/ Luc. 14 \/ Ebre. 12 \/ Apoc. 3\">[<\/span> <\/p>\n<p>\tS\u00e6ll er s\u00e1 ma\u00f0ur sem spekina finnur og s\u00e1 ma\u00f0ur er skynsemina \u00f6\u00f0last \u00fev\u00ed a\u00f0 betra er hana a\u00f0 f\u00e1 en miki\u00f0 silfur og hennar \u00e1v\u00f6xtur er betri en gull. H\u00fan er d\u00fdrm\u00e6tari gimsteinum og allt hva\u00f0 \u00fe\u00fa \u00e6skja kannt er ekki vi\u00f0 hana samanjafnanda. Langir l\u00edfdagar eru \u00e1 h\u00e6gri h\u00f6nd henni og hei\u00f0ur og au\u00f0\u00e6fi \u00e1 vinstri h\u00f6nd. Hennar vegir eru lj\u00faflegir og allir hennar st\u00edgir eru fri\u00f0samlegir. H\u00fan er l\u00edfsins tr\u00e9 \u00f6llum \u00feeim sem h\u00f6ndla hana og \u00feeir eru s\u00e6lir sem henni halda. \u00dev\u00ed a\u00f0 me\u00f0 spekinni hefur Drottinn j\u00f6r\u00f0ina grundvalla\u00f0 og himnana sta\u00f0sfest me\u00f0 hennar visku, me\u00f0 hans <span class=\"athugasemd\" title=\"sword Or\u00f0\">[<\/span> v\u00edsd\u00f3mi eru undirdj\u00fapin sundurgreind og me\u00f0 d\u00f6ggvandi dropum sk\u00fdin gj\u00f6r\u00f0. <\/p>\n<p>\tSon minn, l\u00e1ttu ekki hana fr\u00e1 \u00fe\u00ednum augum hverfa, \u00fe\u00e1 muntu fars\u00e6ll og hygginn ver\u00f0a. \u00dea\u00f0 mun vera l\u00edf s\u00e1lu \u00feinni og lj\u00faflegt munni \u00fe\u00ednum, \u00fe\u00e1 gengur \u00fe\u00fa \u00feinn veg \u00f6ruggur so a\u00f0 \u00feinn f\u00f3tur mei\u00f0ist ekki. Leggir \u00fe\u00fa \u00feig \u00fe\u00e1 muntu ekki \u00f3ttasleginn ver\u00f0a heldur s\u00e6tlega sofa svo \u00fe\u00fa \u00feurfir ekki uggandi a\u00f0 vera fyrir voveiflegum skelfingum n\u00e9 fyrir \u00e1hlaupi \u00f3mildra \u00feegar \u00fea\u00f0 kemur. <span class=\"athugasemd\" title=\"S\u00e1l. 112\">[<\/span> \u00dev\u00ed a\u00f0 Drottinn er \u00feitt traust, hann geymir \u00feinn f\u00f3t svo a\u00f0 hann ver\u00f0i ekki fanginn. <\/p>\n<p>\tAfseg eigi \u00feeim hinum nau\u00f0stadda gott a\u00f0 gj\u00f6ra ef Gu\u00f0 gefur \u00fe\u00e9r hvar af \u00fe\u00fa getur gefi\u00f0.<\/p>\n<p>\tSeg ekki til vinar \u00fe\u00edns: &#8222;Far \u00ed burt og kom aftur, \u00e1 morgun skal eg gefa \u00fe\u00e9r&#8220; ef \u00fe\u00fa hefur \u00fe\u00e1 strax til a\u00f0 gefa.<\/p>\n<p>\tHugsa ekki illt vin \u00fe\u00ednum sem \u00fe\u00e9r tr\u00fair vel, k\u00edfa ekki vi\u00f0 nokkurn mann \u00e1n sakar ef hann hefur ekki gj\u00f6rt \u00fe\u00e9r nokku\u00f0 illt. \u00d6funda ekki illskufullan mann og vel \u00fe\u00e9r \u00f6ngva hans vegu \u00fev\u00ed a\u00f0 hver sem einn affallinn er hann er fyrir Drottni sv\u00edvir\u00f0ing og hj\u00e1 r\u00e9ttfer\u00f0ugum er hans heimugleikur.<\/p>\n<p>\tB\u00f6lvan Drottins er \u00ed h\u00fasi \u00f3gu\u00f0r\u00e6kinna en h\u00fas r\u00e9ttl\u00e1tra mun blessa\u00f0 ver\u00f0a. A\u00f0 h\u00e1\u00f0gj\u00f6rnum mun hann h\u00e6\u00f0a en h\u00f3gv\u00e6rum n\u00e1\u00f0ina gefa. Hyggnir menn munu hei\u00f0urinn erfa en \u00fe\u00f3 <span class=\"athugasemd\" title=\"a \/ (Heimskir) \/ \u00dea\u00f0 eru h\u00e1\u00f0gjarnir laussinna\u00f0ir menn sem hverki skeyta Gu\u00f0i n\u00e9 hans or\u00f0i\">[<\/span> heimskir komist h\u00e1tt ver\u00f0a \u00feeir \u00fe\u00f3 skamma\u00f0ir.<\/p>\n","protected":false},"excerpt":{"rendered":"<p>III. Son minn, gleym ekki m\u00ednu l\u00f6gm\u00e1li og geymi hjarta \u00feitt mitt bo\u00f0or\u00f0, \u00fev\u00ed a\u00f0 \u00feau munu auka \u00fe\u00e9r langa l\u00edfdaga, g\u00f3\u00f0 \u00e1r og fri\u00f0, miskunn og sannleikur munu \u00feig ekki yfirgefa. [ Festu \u00feau um h\u00e1ls \u00fe\u00e9r og skrifa \u00feau \u00e1 spj\u00f6ld hjarta \u00fe\u00edns, svo muntu hylli og [ kl\u00f3kindi finna sem Gu\u00f0i og m\u00f6nnum vel l\u00edka. Haf \u00fe\u00fa traust \u00e1 Drottni af \u00f6llu hjarta \u00fe\u00ednu og vona ekki upp \u00e1 \u00fe\u00edna visku. Hugsa heldur til hans \u00ed \u00f6llum \u00fe\u00ednum vegum og mun hann grei\u00f0a g\u00f6tu \u00fe\u00edna. Eigi skaltu \u00feykjast hygginn, \u00f3ttast heldur Drottin og l\u00e1t af illu, \u00fea\u00f0 <a href=\"https:\/\/biblian.is\/gudbrandsbiblia\/ordskvidirnir-3-kafli\/\"> [&#8230;]<\/a><\/p>\n","protected":false},"author":1,"featured_media":0,"parent":0,"menu_order":0,"comment_status":"open","ping_status":"open","template":"bibliukaflar.php","meta":{"footnotes":""},"class_list":["post-3325","page","type-page","status-publish","hentry"],"_links":{"self":[{"href":"https:\/\/biblian.is\/gudbrandsbiblia\/wp-json\/wp\/v2\/pages\/3325","targetHints":{"allow":["GET"]}}],"collection":[{"href":"https:\/\/biblian.is\/gudbrandsbiblia\/wp-json\/wp\/v2\/pages"}],"about":[{"href":"https:\/\/biblian.is\/gudbrandsbiblia\/wp-json\/wp\/v2\/types\/page"}],"author":[{"embeddable":true,"href":"https:\/\/biblian.is\/gudbrandsbiblia\/wp-json\/wp\/v2\/users\/1"}],"replies":[{"embeddable":true,"href":"https:\/\/biblian.is\/gudbrandsbiblia\/wp-json\/wp\/v2\/comments?post=3325"}],"version-history":[{"count":0,"href":"https:\/\/biblian.is\/gudbrandsbiblia\/wp-json\/wp\/v2\/pages\/3325\/revisions"}],"wp:attachment":[{"href":"https:\/\/biblian.is\/gudbrandsbiblia\/wp-json\/wp\/v2\/media?parent=3325"}],"curies":[{"name":"wp","href":"https:\/\/api.w.org\/{rel}","templated":true}]}}