{"id":3321,"date":"2017-12-18T18:33:19","date_gmt":"2017-12-18T18:33:19","guid":{"rendered":"http:\/\/biblian.is\/gudbrandsbiblia\/salmarnir-149-kafli\/"},"modified":"2017-12-18T18:33:19","modified_gmt":"2017-12-18T18:33:19","slug":"salmarnir-149-kafli","status":"publish","type":"page","link":"https:\/\/biblian.is\/gudbrandsbiblia\/salmarnir-149-kafli\/","title":{"rendered":"S\u00e1lmarnir 149. kafli"},"content":{"rendered":"<p>CXLIX.<\/p>\n<p>Halel\u00faja.<\/p>\n<p>Syngi\u00f0 Drottni n\u00fdjan lofs\u00f6ng, samkundan heilagra \u00e1 hann a\u00f0 lofa.<\/p>\n<p>\t\u00cdsrael gle\u00f0ji sig \u00feess sem hann hefur gj\u00f6rt, synir S\u00edon veri gla\u00f0ir yfir s\u00ednum konungi.<\/p>\n<p>\tHans nafn skulu \u00feeir \u00ed dansinum lofa, me\u00f0ur bumbum og h\u00f6rpum eiga \u00feeir honum a\u00f0 spila.<\/p>\n<p>\t\u00dev\u00ed a\u00f0 Drottinn hefur \u00fe\u00f3knan \u00e1 s\u00ednu f\u00f3lki og hj\u00e1lpar hinum f\u00e1r\u00e1\u00f0a \u00e1g\u00e6tlegana.<\/p>\n<p>\tHinir heil\u00f6gu skulu gla\u00f0v\u00e6rir vera og vegsama og hei\u00f0ra \u00ed s\u00ednum hv\u00edlur\u00famum.<\/p>\n<p>\t\u00deeirra munnur skal Gu\u00f0 \u00ed or\u00f0um hefja og skulu tv\u00edeggju\u00f0 sver\u00f0 \u00ed h\u00f6ndum hafa,<\/p>\n<p>\tso e\u00f0 \u00feeir megi hefndina fremja me\u00f0al hei\u00f0inna og refsingina me\u00f0al f\u00f3lksins,<\/p>\n<p>\t\u00feeirra konunga a\u00f0 binda me\u00f0 fj\u00f6trum og \u00feeirra e\u00f0laborna me\u00f0ur j\u00e1rnvi\u00f0jum,<\/p>\n<p>\tso a\u00f0 \u00feeir gj\u00f6ri \u00feeim \u00feann d\u00f3m hvar af skrifa\u00f0 stendur. Svoddan d\u00fdr\u00f0 eiga allir hans heilagir a\u00f0 hafa. Halel\u00fajja.<\/p>\n","protected":false},"excerpt":{"rendered":"<p>CXLIX. Halel\u00faja. Syngi\u00f0 Drottni n\u00fdjan lofs\u00f6ng, samkundan heilagra \u00e1 hann a\u00f0 lofa. \u00cdsrael gle\u00f0ji sig \u00feess sem hann hefur gj\u00f6rt, synir S\u00edon veri gla\u00f0ir yfir s\u00ednum konungi. Hans nafn skulu \u00feeir \u00ed dansinum lofa, me\u00f0ur bumbum og h\u00f6rpum eiga \u00feeir honum a\u00f0 spila. \u00dev\u00ed a\u00f0 Drottinn hefur \u00fe\u00f3knan \u00e1 s\u00ednu f\u00f3lki og hj\u00e1lpar hinum f\u00e1r\u00e1\u00f0a \u00e1g\u00e6tlegana. Hinir heil\u00f6gu skulu gla\u00f0v\u00e6rir vera og vegsama og hei\u00f0ra \u00ed s\u00ednum hv\u00edlur\u00famum. \u00deeirra munnur skal Gu\u00f0 \u00ed or\u00f0um hefja og skulu tv\u00edeggju\u00f0 sver\u00f0 \u00ed h\u00f6ndum hafa, so e\u00f0 \u00feeir megi hefndina fremja me\u00f0al hei\u00f0inna og refsingina me\u00f0al f\u00f3lksins, \u00feeirra konunga a\u00f0 binda me\u00f0 fj\u00f6trum <a href=\"https:\/\/biblian.is\/gudbrandsbiblia\/salmarnir-149-kafli\/\"> [&#8230;]<\/a><\/p>\n","protected":false},"author":1,"featured_media":0,"parent":0,"menu_order":0,"comment_status":"open","ping_status":"open","template":"bibliukaflar.php","meta":{"footnotes":""},"class_list":["post-3321","page","type-page","status-publish","hentry"],"_links":{"self":[{"href":"https:\/\/biblian.is\/gudbrandsbiblia\/wp-json\/wp\/v2\/pages\/3321","targetHints":{"allow":["GET"]}}],"collection":[{"href":"https:\/\/biblian.is\/gudbrandsbiblia\/wp-json\/wp\/v2\/pages"}],"about":[{"href":"https:\/\/biblian.is\/gudbrandsbiblia\/wp-json\/wp\/v2\/types\/page"}],"author":[{"embeddable":true,"href":"https:\/\/biblian.is\/gudbrandsbiblia\/wp-json\/wp\/v2\/users\/1"}],"replies":[{"embeddable":true,"href":"https:\/\/biblian.is\/gudbrandsbiblia\/wp-json\/wp\/v2\/comments?post=3321"}],"version-history":[{"count":0,"href":"https:\/\/biblian.is\/gudbrandsbiblia\/wp-json\/wp\/v2\/pages\/3321\/revisions"}],"wp:attachment":[{"href":"https:\/\/biblian.is\/gudbrandsbiblia\/wp-json\/wp\/v2\/media?parent=3321"}],"curies":[{"name":"wp","href":"https:\/\/api.w.org\/{rel}","templated":true}]}}