{"id":3319,"date":"2017-12-18T18:33:19","date_gmt":"2017-12-18T18:33:19","guid":{"rendered":"http:\/\/biblian.is\/gudbrandsbiblia\/salmarnir-147-kafli\/"},"modified":"2017-12-18T18:33:19","modified_gmt":"2017-12-18T18:33:19","slug":"salmarnir-147-kafli","status":"publish","type":"page","link":"https:\/\/biblian.is\/gudbrandsbiblia\/salmarnir-147-kafli\/","title":{"rendered":"S\u00e1lmarnir 147. kafli"},"content":{"rendered":"<p>CXLVII.<\/p>\n<p>Lofi \u00fe\u00e9r Drottin \u00fev\u00ed a\u00f0 vorn Gu\u00f0 a\u00f0 lofa \u00fea\u00f0 er forkostulegur hlutur, svoddan lof er \u00e1g\u00e6tt og lystilegt.<\/p>\n<p>\tDrottinn hann uppbyggir Jer\u00fasalem og lei\u00f0ir til samans hina sundurtv\u00edstru\u00f0u \u00ed \u00cdsrael. <\/p>\n<p>\tHann l\u00e6knar sundurknosa\u00f0a \u00ed hj\u00f6rtum og bindur um \u00feeirra s\u00e1rindi.<\/p>\n<p>\tHann telur stj\u00f6rnurnar og nefnir \u00fe\u00e6r allar me\u00f0 s\u00ednum n\u00f6fnum.<\/p>\n<p>\tVor Drottinn er mikill og hans kraftur er mikill og er \u00f3umr\u00e6\u00f0ilegur so sem \u00fea\u00f0 hann regerar.<\/p>\n<p>\tDrottinn veitir uppreisn hinum f\u00e1r\u00e1\u00f0a en ni\u00f0url\u00e6gir hinn \u00f3gu\u00f0lega allt til jar\u00f0ar.<\/p>\n<p>\tSyngi\u00f0 fyrir Drottni me\u00f0 \u00feakkargj\u00f6r\u00f0 og lofi\u00f0 vorn Gu\u00f0 me\u00f0 h\u00f6rpusl\u00e6tti,<\/p>\n<p>\thver e\u00f0 himininn hylur me\u00f0 sk\u00fdjunum og gefur regn \u00e1 j\u00f6r\u00f0ina, hann s\u00e1 e\u00f0 l\u00e6tur grasi\u00f0 vaxa \u00e1 fj\u00f6llunum,<\/p>\n<p>\thver e\u00f0 f\u00e9na\u00f0inum gefur sitt f\u00f3\u00f0ur, \u00feeim ungum hrafnanna sem til hans kalla.<\/p>\n<p>\tEigi hefur hann neina ge\u00f0\u00feekkni \u00e1 sterkleik hestsins n\u00e9 nokkra \u00fe\u00f3knan \u00e1 neins manns f\u00f3tleggjum.<\/p>\n<p>\tDrottinn hefur \u00fe\u00f3knan \u00e1 \u00feeim sem hann \u00f3ttast og \u00e1 \u00feeim sem vona upp \u00e1 hans miskunnsemi.<\/p>\n<p>\tPr\u00edsa \u00fe\u00fa, Jer\u00fasalem, Drottin, lofa \u00fe\u00fa, S\u00edon, \u00feinn Gu\u00f0,<\/p>\n<p>\t\u00fev\u00ed a\u00f0 hann styrkir l\u00e1sana \u00feinna portdyra og blessar \u00fe\u00edn b\u00f6rn \u00fear fyrir innan.<\/p>\n<p>\tHann \u00fatvegar \u00fe\u00ednum lands\u00e1lfum fri\u00f0 og se\u00f0ur \u00feig me\u00f0 \u00fev\u00ed hinu besta hveiti.<\/p>\n<p>\tHann sendir s\u00edna r\u00e6\u00f0u \u00e1 j\u00f6r\u00f0ina, hans or\u00f0 \u00feau hlaupa snarlegana.<\/p>\n<p>\tHann gefur snj\u00f3inn svo sem ull, hann dreifir hr\u00edmfrostinu sem \u00f6sku.<\/p>\n<p>\tHann fleygir s\u00ednu hagli sem munnbitum, hver f\u00e6r sta\u00f0ist fyrir \u00fe\u00ednu <span class=\"athugasemd\" title=\"b \/ Hann l\u00e6tur sl\u00edkt frost koma og kulda a\u00f0 \u00e1n elds og varma kann enginn a\u00f0 lifa\">[<\/span> frosti?<\/p>\n<p>\tHann m\u00e6lir eitt or\u00f0, \u00fe\u00e1 br\u00e1\u00f0nar \u00fea\u00f0 ni\u00f0ur, hann l\u00e6tur sinn vind bl\u00e1sa, \u00fe\u00e1 \u00fei\u00f0nar \u00fea\u00f0 aftur.<\/p>\n<p>\tHann kunngj\u00f6rir Jakob s\u00edn or\u00f0, \u00cdsrael s\u00edna d\u00f3ma og r\u00e9ttl\u00e6tingar.<\/p>\n<p>\tSl\u00edkt gj\u00f6rir hann \u00f6ngri hei\u00f0inni \u00fej\u00f3\u00f0 n\u00e9 l\u00e6tur hana vita s\u00edna d\u00f3ma. Halel\u00faja.<\/p>\n","protected":false},"excerpt":{"rendered":"<p>CXLVII. Lofi \u00fe\u00e9r Drottin \u00fev\u00ed a\u00f0 vorn Gu\u00f0 a\u00f0 lofa \u00fea\u00f0 er forkostulegur hlutur, svoddan lof er \u00e1g\u00e6tt og lystilegt. Drottinn hann uppbyggir Jer\u00fasalem og lei\u00f0ir til samans hina sundurtv\u00edstru\u00f0u \u00ed \u00cdsrael. Hann l\u00e6knar sundurknosa\u00f0a \u00ed hj\u00f6rtum og bindur um \u00feeirra s\u00e1rindi. Hann telur stj\u00f6rnurnar og nefnir \u00fe\u00e6r allar me\u00f0 s\u00ednum n\u00f6fnum. Vor Drottinn er mikill og hans kraftur er mikill og er \u00f3umr\u00e6\u00f0ilegur so sem \u00fea\u00f0 hann regerar. Drottinn veitir uppreisn hinum f\u00e1r\u00e1\u00f0a en ni\u00f0url\u00e6gir hinn \u00f3gu\u00f0lega allt til jar\u00f0ar. Syngi\u00f0 fyrir Drottni me\u00f0 \u00feakkargj\u00f6r\u00f0 og lofi\u00f0 vorn Gu\u00f0 me\u00f0 h\u00f6rpusl\u00e6tti, hver e\u00f0 himininn hylur me\u00f0 sk\u00fdjunum og gefur <a href=\"https:\/\/biblian.is\/gudbrandsbiblia\/salmarnir-147-kafli\/\"> [&#8230;]<\/a><\/p>\n","protected":false},"author":1,"featured_media":0,"parent":0,"menu_order":0,"comment_status":"open","ping_status":"open","template":"bibliukaflar.php","meta":{"footnotes":""},"class_list":["post-3319","page","type-page","status-publish","hentry"],"_links":{"self":[{"href":"https:\/\/biblian.is\/gudbrandsbiblia\/wp-json\/wp\/v2\/pages\/3319","targetHints":{"allow":["GET"]}}],"collection":[{"href":"https:\/\/biblian.is\/gudbrandsbiblia\/wp-json\/wp\/v2\/pages"}],"about":[{"href":"https:\/\/biblian.is\/gudbrandsbiblia\/wp-json\/wp\/v2\/types\/page"}],"author":[{"embeddable":true,"href":"https:\/\/biblian.is\/gudbrandsbiblia\/wp-json\/wp\/v2\/users\/1"}],"replies":[{"embeddable":true,"href":"https:\/\/biblian.is\/gudbrandsbiblia\/wp-json\/wp\/v2\/comments?post=3319"}],"version-history":[{"count":0,"href":"https:\/\/biblian.is\/gudbrandsbiblia\/wp-json\/wp\/v2\/pages\/3319\/revisions"}],"wp:attachment":[{"href":"https:\/\/biblian.is\/gudbrandsbiblia\/wp-json\/wp\/v2\/media?parent=3319"}],"curies":[{"name":"wp","href":"https:\/\/api.w.org\/{rel}","templated":true}]}}