{"id":3316,"date":"2017-12-18T18:33:19","date_gmt":"2017-12-18T18:33:19","guid":{"rendered":"http:\/\/biblian.is\/gudbrandsbiblia\/salmarnir-144-kafli\/"},"modified":"2017-12-18T18:33:19","modified_gmt":"2017-12-18T18:33:19","slug":"salmarnir-144-kafli","status":"publish","type":"page","link":"https:\/\/biblian.is\/gudbrandsbiblia\/salmarnir-144-kafli\/","title":{"rendered":"S\u00e1lmarnir 144. kafli"},"content":{"rendered":"<p>CXLIIII.<\/p>\n<p>Dav\u00ed\u00f0s.<\/p>\n<p>Lofa\u00f0ur s\u00e9 Drottinn, m\u00edn huggun, s\u00e1 e\u00f0 l\u00e6rir m\u00ednar hendur a\u00f0 str\u00ed\u00f0a og m\u00edna hnefa a\u00f0 berjast,<\/p>\n<p>\tm\u00edn miskunn og minn kastali, m\u00edn hl\u00edf og minn frelsari, minn skj\u00f6ldur upp \u00e1 hvern eg treysti, s\u00e1 e\u00f0 l\u00fd\u00f0skyldar mitt f\u00f3lk undir mig.<\/p>\n<p>\tDrottinn, hva\u00f0 er ma\u00f0urinn \u00feess \u00fea\u00f0 \u00fe\u00fa annist hann svo og mannsins son a\u00f0 \u00fe\u00fa undir hann svo?\t<\/p>\n<p>\tEr ma\u00f0urinn ekki \u00e1l\u00edka og annar h\u00e9g\u00f3mi? Hans \u00e6vi \u00ed burt l\u00ed\u00f0ur svo sem annar skuggi.<\/p>\n<p>\tDrottinn, hneig \u00fe\u00fa himnana og st\u00edg h\u00e9r <span class=\"athugasemd\" title=\"a \/ \u00dea\u00f0 er, l\u00e1t \u00fe\u00ednar rei\u00f0ar\u00ferumur hlj\u00f3\u00f0a og sl\u00e1 \u00fe\u00fa \u00f3vinina\">[<\/span> ofan, kom \u00fe\u00fa vi\u00f0 fj\u00f6llin svo a\u00f0 upp af \u00feeim rj\u00faki.\t<\/p>\n<p>\tL\u00e1t eldingar flj\u00faga og \u00ed sundurdreif \u00feeim, send \u00fat \u00fe\u00edna geisla og skelf \u00fe\u00e1.<\/p>\n<p>\tSend \u00fe\u00fa \u00fe\u00edna h\u00f6nd ofan a\u00f0 h\u00e6\u00f0inni og leys mig og frelsa mig \u00fat af \u00feeim st\u00f3rv\u00f6tnum, af hendi \u00feeirra <span class=\"athugasemd\" title=\"b \/ Annarlegir synir, \u00feeir sem ekki eru r\u00e9ttilega Gu\u00f0s b\u00f6rn \u00ed tr\u00fanni heldur hafa \u00fea\u00f0 nafn a\u00f0 yfirvarpi\">[<\/span> annarlegra sona,<\/p>\n<p>\thverra l\u00e6rd\u00f3mur \u00fea\u00f0 f\u00e1fengur er<\/p>\n<p>\tog hverra verk \u00feau falskleg eru.<\/p>\n<p>\tGu\u00f0, \u00fe\u00e9r vil eg syngja n\u00fdjan lofs\u00f6ng, eg vil spila fyrir \u00fe\u00e9r \u00e1 psalterio t\u00edu strengjanna, <\/p>\n<p>\t\u00fe\u00fa sem sigur gefur konungunum og frelsar \u00feinn \u00fej\u00f3n Dav\u00ed\u00f0 af mor\u00f0ingjasver\u00f0i hins illgjarna.<\/p>\n<p>\tLeys mig einnin og frelsa mig \u00fat af hendi \u00feeirra annarlegra sona hverra l\u00e6rd\u00f3mur a\u00f0 er engin nytsemi og \u00feeirra verk falskleg,<\/p>\n<p>\t\u00fea\u00f0 vorir synir uppvaxi \u00ed ungd\u00f3mi s\u00ednum sem n\u00fdplanta\u00f0ir kvistir og vorar d\u00e6tur svo sem \u00fatskornir p\u00edlarar, l\u00edka sem k\u00f3nglegar hallir <span class=\"athugasemd\" title=\"Svo tala og \u00f3ska \u00feeir \u00f3gu\u00f0hr\u00e6ddu \u00feeir e\u00f0 ekki treysta \u00e1 Gu\u00f0, svo sem \u00fe\u00e1 hinn r\u00edki \u00ed evangelio Luc. xy.\">[<\/span> <\/p>\n<p>\tog a\u00f0 vor matarh\u00fas s\u00e9 full \u00feau e\u00f0 fram kunna a\u00f0 gefa hverja matarn\u00e6g\u00f0 eftir a\u00f0ra og svo \u00fea\u00f0 vorir sau\u00f0ir framlei\u00f0i \u00fe\u00fasund og hundra\u00f0 \u00fe\u00fasund \u00ed vorum bygg\u00f0arl\u00f6gum,<\/p>\n<p>\t\u00fea\u00f0 vorir uxar framkomi \u00e6rnu erfi\u00f0i, so \u00fea\u00f0 enginn ska\u00f0i, ekkert tj\u00f3n n\u00e9 nokkurt kl\u00f6gum\u00e1l s\u00e9 \u00e1 vorum str\u00e6tum.<\/p>\n<p>\tHeppi\u00f0 er \u00fea\u00f0 f\u00b4\u00f0olk hverju e\u00f0 so gengur en heppi\u00f0 er \u00fea\u00f0 f\u00f3lk hvers Gu\u00f0 a\u00f0 Drottinn er.<\/p>\n","protected":false},"excerpt":{"rendered":"<p>CXLIIII. Dav\u00ed\u00f0s. Lofa\u00f0ur s\u00e9 Drottinn, m\u00edn huggun, s\u00e1 e\u00f0 l\u00e6rir m\u00ednar hendur a\u00f0 str\u00ed\u00f0a og m\u00edna hnefa a\u00f0 berjast, m\u00edn miskunn og minn kastali, m\u00edn hl\u00edf og minn frelsari, minn skj\u00f6ldur upp \u00e1 hvern eg treysti, s\u00e1 e\u00f0 l\u00fd\u00f0skyldar mitt f\u00f3lk undir mig. Drottinn, hva\u00f0 er ma\u00f0urinn \u00feess \u00fea\u00f0 \u00fe\u00fa annist hann svo og mannsins son a\u00f0 \u00fe\u00fa undir hann svo? Er ma\u00f0urinn ekki \u00e1l\u00edka og annar h\u00e9g\u00f3mi? Hans \u00e6vi \u00ed burt l\u00ed\u00f0ur svo sem annar skuggi. Drottinn, hneig \u00fe\u00fa himnana og st\u00edg h\u00e9r [ ofan, kom \u00fe\u00fa vi\u00f0 fj\u00f6llin svo a\u00f0 upp af \u00feeim rj\u00faki. L\u00e1t eldingar flj\u00faga og <a href=\"https:\/\/biblian.is\/gudbrandsbiblia\/salmarnir-144-kafli\/\"> [&#8230;]<\/a><\/p>\n","protected":false},"author":1,"featured_media":0,"parent":0,"menu_order":0,"comment_status":"open","ping_status":"open","template":"bibliukaflar.php","meta":{"footnotes":""},"class_list":["post-3316","page","type-page","status-publish","hentry"],"_links":{"self":[{"href":"https:\/\/biblian.is\/gudbrandsbiblia\/wp-json\/wp\/v2\/pages\/3316","targetHints":{"allow":["GET"]}}],"collection":[{"href":"https:\/\/biblian.is\/gudbrandsbiblia\/wp-json\/wp\/v2\/pages"}],"about":[{"href":"https:\/\/biblian.is\/gudbrandsbiblia\/wp-json\/wp\/v2\/types\/page"}],"author":[{"embeddable":true,"href":"https:\/\/biblian.is\/gudbrandsbiblia\/wp-json\/wp\/v2\/users\/1"}],"replies":[{"embeddable":true,"href":"https:\/\/biblian.is\/gudbrandsbiblia\/wp-json\/wp\/v2\/comments?post=3316"}],"version-history":[{"count":0,"href":"https:\/\/biblian.is\/gudbrandsbiblia\/wp-json\/wp\/v2\/pages\/3316\/revisions"}],"wp:attachment":[{"href":"https:\/\/biblian.is\/gudbrandsbiblia\/wp-json\/wp\/v2\/media?parent=3316"}],"curies":[{"name":"wp","href":"https:\/\/api.w.org\/{rel}","templated":true}]}}