{"id":3315,"date":"2017-12-18T18:33:19","date_gmt":"2017-12-18T18:33:19","guid":{"rendered":"http:\/\/biblian.is\/gudbrandsbiblia\/salmarnir-143-kafli\/"},"modified":"2017-12-18T18:33:19","modified_gmt":"2017-12-18T18:33:19","slug":"salmarnir-143-kafli","status":"publish","type":"page","link":"https:\/\/biblian.is\/gudbrandsbiblia\/salmarnir-143-kafli\/","title":{"rendered":"S\u00e1lmarnir 143. kafli"},"content":{"rendered":"<p>CXLIII.<\/p>\n<p>S\u00e1lmur Dav\u00ed\u00f0s.<\/p>\n<p>Drottinn, heyr \u00fe\u00fa m\u00edna b\u00e6n, hygg a\u00f0 minni gr\u00e1tbei\u00f0ni, fyrir \u00fe\u00edns sannleiks sakir, b\u00e6nheyr \u00fe\u00fa mig \u00fe\u00edns r\u00e9ttl\u00e6tis vegna.<\/p>\n<p>\tOg gakk ekki \u00ed d\u00f3m vi\u00f0 \u00fer\u00e6l \u00feinn \u00fev\u00ed a\u00f0 fyrir \u00fe\u00e9r er enginn lifandi (manna) r\u00e9ttfer\u00f0ugur.<\/p>\n<p>\t\u00dev\u00ed a\u00f0 \u00f3vinurinn ofs\u00e6kir s\u00e1lu m\u00edna og ni\u00f0ursl\u00e6r mitt l\u00edf til jar\u00f0ar, hann setur mig \u00fat \u00ed myrkri\u00f0 svo sem hina dau\u00f0u \u00ed ver\u00f6ldinni<\/p>\n<p>\tog minn andi er angra\u00f0ur \u00ed m\u00e9r, mitt hjarta er sturla\u00f0 \u00ed m\u00ednu brj\u00f3sti.<\/p>\n<p>\tEg minnunst \u00e1 hina fyrri dagana, eg tala um allar \u00fe\u00ednar d\u00e1semdir og segi \u00fat af verkum \u00feinna handa.<\/p>\n<p>\tEg \u00fatbrei\u00f0i m\u00ednar hendur til \u00fe\u00edn, m\u00edna s\u00e1l \u00feyrstir eftir \u00fe\u00e9r, svo sem \u00f6nnur \u00feurr j\u00f6r\u00f0. Sela.<\/p>\n<p>\tDrottinn, b\u00e6nheyr \u00fe\u00fa mig br\u00e1\u00f0legana, minn andi forgengur, vend ekki \u00fe\u00ednu andliti fr\u00e1 m\u00e9r svo a\u00f0 eg ver\u00f0i ekki l\u00edkur \u00feeim sem \u00ed gr\u00f6fina ni\u00f0urst\u00edga.<\/p>\n<p>\tL\u00e1ttu mig <span class=\"athugasemd\" title=\"a \/ snarlega \u00ed t\u00edma, eigi seint n\u00e9 treglega\">[<\/span> snemma heyra \u00fe\u00edna n\u00e1\u00f0 \u00fev\u00ed a\u00f0 eg vona upp \u00e1 \u00feig, gj\u00f6r \u00fe\u00fa m\u00e9r kunnan \u00feann veginn hvar a\u00f0 eg skal upp \u00e1 ganga \u00fev\u00ed a\u00f0 mig forlengir eftir \u00fe\u00e9r.<\/p>\n<p>\tFrelsa \u00fe\u00fa mig, minn Gu\u00f0, \u00fat af \u00f3vinum m\u00ednum. Til \u00fe\u00edn fl\u00fd eg.<\/p>\n<p>\tKenn \u00fe\u00fa m\u00e9r a\u00f0 gj\u00f6ra eftir \u00fe\u00ednum vilja \u00fev\u00ed a\u00f0 \u00fe\u00fa ert minn Gu\u00f0, \u00fe\u00ednn g\u00f3\u00f0ur andi hann lei\u00f0i mig \u00e1 r\u00e9ttum vegi.<\/p>\n<p>\tDrottinn, endurl\u00edfga \u00fe\u00fa mig fyrir \u00fe\u00edns nafns sakir, lei\u00f0 s\u00e1lu m\u00edna \u00fat af h\u00f6rmunginni \u00fe\u00edns r\u00e9ttl\u00e6tis vegna.<\/p>\n<p>\tOg fyrirfar \u00f3vinum m\u00ednum \u00feinnar miskunnar vegna og glata \u00feeim \u00f6llum sem angra m\u00edna s\u00e1lu \u00fev\u00ed a\u00f0 eg em \u00feinn \u00fer\u00e6ll.<\/p>\n","protected":false},"excerpt":{"rendered":"<p>CXLIII. S\u00e1lmur Dav\u00ed\u00f0s. Drottinn, heyr \u00fe\u00fa m\u00edna b\u00e6n, hygg a\u00f0 minni gr\u00e1tbei\u00f0ni, fyrir \u00fe\u00edns sannleiks sakir, b\u00e6nheyr \u00fe\u00fa mig \u00fe\u00edns r\u00e9ttl\u00e6tis vegna. Og gakk ekki \u00ed d\u00f3m vi\u00f0 \u00fer\u00e6l \u00feinn \u00fev\u00ed a\u00f0 fyrir \u00fe\u00e9r er enginn lifandi (manna) r\u00e9ttfer\u00f0ugur. \u00dev\u00ed a\u00f0 \u00f3vinurinn ofs\u00e6kir s\u00e1lu m\u00edna og ni\u00f0ursl\u00e6r mitt l\u00edf til jar\u00f0ar, hann setur mig \u00fat \u00ed myrkri\u00f0 svo sem hina dau\u00f0u \u00ed ver\u00f6ldinni og minn andi er angra\u00f0ur \u00ed m\u00e9r, mitt hjarta er sturla\u00f0 \u00ed m\u00ednu brj\u00f3sti. Eg minnunst \u00e1 hina fyrri dagana, eg tala um allar \u00fe\u00ednar d\u00e1semdir og segi \u00fat af verkum \u00feinna handa. Eg \u00fatbrei\u00f0i m\u00ednar hendur <a href=\"https:\/\/biblian.is\/gudbrandsbiblia\/salmarnir-143-kafli\/\"> [&#8230;]<\/a><\/p>\n","protected":false},"author":1,"featured_media":0,"parent":0,"menu_order":0,"comment_status":"open","ping_status":"open","template":"bibliukaflar.php","meta":{"footnotes":""},"class_list":["post-3315","page","type-page","status-publish","hentry"],"_links":{"self":[{"href":"https:\/\/biblian.is\/gudbrandsbiblia\/wp-json\/wp\/v2\/pages\/3315","targetHints":{"allow":["GET"]}}],"collection":[{"href":"https:\/\/biblian.is\/gudbrandsbiblia\/wp-json\/wp\/v2\/pages"}],"about":[{"href":"https:\/\/biblian.is\/gudbrandsbiblia\/wp-json\/wp\/v2\/types\/page"}],"author":[{"embeddable":true,"href":"https:\/\/biblian.is\/gudbrandsbiblia\/wp-json\/wp\/v2\/users\/1"}],"replies":[{"embeddable":true,"href":"https:\/\/biblian.is\/gudbrandsbiblia\/wp-json\/wp\/v2\/comments?post=3315"}],"version-history":[{"count":0,"href":"https:\/\/biblian.is\/gudbrandsbiblia\/wp-json\/wp\/v2\/pages\/3315\/revisions"}],"wp:attachment":[{"href":"https:\/\/biblian.is\/gudbrandsbiblia\/wp-json\/wp\/v2\/media?parent=3315"}],"curies":[{"name":"wp","href":"https:\/\/api.w.org\/{rel}","templated":true}]}}