{"id":3314,"date":"2017-12-18T18:33:19","date_gmt":"2017-12-18T18:33:19","guid":{"rendered":"http:\/\/biblian.is\/gudbrandsbiblia\/salmarnir-142-kafli\/"},"modified":"2017-12-18T18:33:19","modified_gmt":"2017-12-18T18:33:19","slug":"salmarnir-142-kafli","status":"publish","type":"page","link":"https:\/\/biblian.is\/gudbrandsbiblia\/salmarnir-142-kafli\/","title":{"rendered":"S\u00e1lmarnir 142. kafli"},"content":{"rendered":"<p>CXLII.<\/p>\n<p>Menntan Dav\u00ed\u00f0s. Til a\u00f0 bi\u00f0ja. \u00de\u00e1 e\u00f0 hann var \u00ed hellirnum.<\/p>\n<p>Me\u00f0ur minni raust kalla eg til Drottins, me\u00f0 raust minni gr\u00e1tb\u00e6ni eg til Drottins. <span class=\"athugasemd\" title=\"1. Reg. 22. 24\">[<\/span> <\/p>\n<p>\tEg \u00fathelli m\u00ednu m\u00e1li fyrir honum og kunngj\u00f6ri fyrir honum m\u00edna ney\u00f0.<\/p>\n<p>\tN\u00e6r e\u00f0 minn andi er \u00fat \u00ed \u00e1nau\u00f0 staddur \u00fe\u00e1 me\u00f0tak \u00fe\u00fa mig. \u00deeir leggja sn\u00f6rur \u00e1 veginn fyrir mig \u00fear e\u00f0 eg upp \u00e1 geng.<\/p>\n<p>\tSko\u00f0a \u00fe\u00fa til h\u00e6gri handar og sj\u00e1, \u00fear vill enginn \u00feekkja mig, eg kann og ekki umfl\u00fdja, enginn er s\u00e1 a\u00f0 hir\u00f0ir um m\u00edna s\u00e1lu.<\/p>\n<p>\tDrottinn, til \u00fe\u00edn kalla eg og segi: \u00de\u00fa ert m\u00edn hj\u00e1lparvon, mitt hlutskipti \u00e1 j\u00f6r\u00f0u lifandi manna.<\/p>\n<p>\tHygg a\u00f0 minni kveinkan \u00fev\u00ed a\u00f0 eg ver\u00f0 n\u00e6sta \u00fevinga\u00f0ur, frelsa \u00fe\u00fa mig \u00ed fr\u00e1 m\u00ednum ofs\u00f3knurum \u00fev\u00ed a\u00f0 \u00feeir eru m\u00e9r of megtugir.<\/p>\n<p>\tLei\u00f0 m\u00edna s\u00e1lu \u00fat af <span class=\"athugasemd\" title=\"a \/ Af ney\u00f0 og m\u00f3tgangi, \u00ed hverjum eg em staddur\">[<\/span> d\u00fdflissunni so a\u00f0 eg \u00feakki \u00fe\u00ednu nafni. Hinir r\u00e9ttfer\u00f0ugu munu safnast til m\u00edn n\u00e6r e\u00f0 \u00fe\u00fa gj\u00f6rir m\u00e9r gott til.<\/p>\n","protected":false},"excerpt":{"rendered":"<p>CXLII. Menntan Dav\u00ed\u00f0s. Til a\u00f0 bi\u00f0ja. \u00de\u00e1 e\u00f0 hann var \u00ed hellirnum. Me\u00f0ur minni raust kalla eg til Drottins, me\u00f0 raust minni gr\u00e1tb\u00e6ni eg til Drottins. [ Eg \u00fathelli m\u00ednu m\u00e1li fyrir honum og kunngj\u00f6ri fyrir honum m\u00edna ney\u00f0. N\u00e6r e\u00f0 minn andi er \u00fat \u00ed \u00e1nau\u00f0 staddur \u00fe\u00e1 me\u00f0tak \u00fe\u00fa mig. \u00deeir leggja sn\u00f6rur \u00e1 veginn fyrir mig \u00fear e\u00f0 eg upp \u00e1 geng. Sko\u00f0a \u00fe\u00fa til h\u00e6gri handar og sj\u00e1, \u00fear vill enginn \u00feekkja mig, eg kann og ekki umfl\u00fdja, enginn er s\u00e1 a\u00f0 hir\u00f0ir um m\u00edna s\u00e1lu. Drottinn, til \u00fe\u00edn kalla eg og segi: \u00de\u00fa ert m\u00edn <a href=\"https:\/\/biblian.is\/gudbrandsbiblia\/salmarnir-142-kafli\/\"> [&#8230;]<\/a><\/p>\n","protected":false},"author":1,"featured_media":0,"parent":0,"menu_order":0,"comment_status":"open","ping_status":"open","template":"bibliukaflar.php","meta":{"footnotes":""},"class_list":["post-3314","page","type-page","status-publish","hentry"],"_links":{"self":[{"href":"https:\/\/biblian.is\/gudbrandsbiblia\/wp-json\/wp\/v2\/pages\/3314","targetHints":{"allow":["GET"]}}],"collection":[{"href":"https:\/\/biblian.is\/gudbrandsbiblia\/wp-json\/wp\/v2\/pages"}],"about":[{"href":"https:\/\/biblian.is\/gudbrandsbiblia\/wp-json\/wp\/v2\/types\/page"}],"author":[{"embeddable":true,"href":"https:\/\/biblian.is\/gudbrandsbiblia\/wp-json\/wp\/v2\/users\/1"}],"replies":[{"embeddable":true,"href":"https:\/\/biblian.is\/gudbrandsbiblia\/wp-json\/wp\/v2\/comments?post=3314"}],"version-history":[{"count":0,"href":"https:\/\/biblian.is\/gudbrandsbiblia\/wp-json\/wp\/v2\/pages\/3314\/revisions"}],"wp:attachment":[{"href":"https:\/\/biblian.is\/gudbrandsbiblia\/wp-json\/wp\/v2\/media?parent=3314"}],"curies":[{"name":"wp","href":"https:\/\/api.w.org\/{rel}","templated":true}]}}