{"id":3313,"date":"2017-12-18T18:33:15","date_gmt":"2017-12-18T18:33:15","guid":{"rendered":"http:\/\/biblian.is\/gudbrandsbiblia\/salmarnir-141-kafli\/"},"modified":"2017-12-18T18:33:15","modified_gmt":"2017-12-18T18:33:15","slug":"salmarnir-141-kafli","status":"publish","type":"page","link":"https:\/\/biblian.is\/gudbrandsbiblia\/salmarnir-141-kafli\/","title":{"rendered":"S\u00e1lmarnir 141. kafli"},"content":{"rendered":"<p>CXLI.<\/p>\n<p>S\u00e1lmur Dav\u00ed\u00f0s.<\/p>\n<p>Drottinn, eg hr\u00f3pa til \u00fe\u00edn, fl\u00fdttu \u00fe\u00e9r til m\u00edn, hygg a\u00f0 raust minni n\u00e6r a\u00f0 eg \u00e1kalla \u00feig,<\/p>\n<p>\t\u00fea\u00f0 m\u00edn b\u00e6n m\u00e6tti duga fyrir \u00fe\u00e9r sem reykelsisf\u00f3rn, minna handanna upphafning l\u00edka sem anna\u00f0 kv\u00f6ldt\u00edmaoffur.<\/p>\n<p>\tDrottinn var\u00f0veiti minn munn og hann geymi m\u00ednar varir.<\/p>\n<p>\tHneig ekki mitt hjarta upp \u00e1 nokkursh\u00e1ttar illsku til a\u00f0 fremja \u00f3gu\u00f0legt ath\u00e6fi me\u00f0ur illvirkjurunum so a\u00f0 eg eti ekkert \u00fat af \u00fev\u00ed sem \u00feeim \u00fe\u00f3knast.<\/p>\n<p>\tHinn r\u00e9ttfer\u00f0ugi hann hegni m\u00e9r lj\u00faflegana og \u00e1telji mig, \u00fea\u00f0 sama mun m\u00e9r so gj\u00f6ra gott sem balsamum \u00e1 m\u00ednu h\u00f6f\u00f0i \u00fev\u00ed a\u00f0 eg bi\u00f0 i\u00f0uglega \u00fea\u00f0 hinir gj\u00f6ri m\u00e9r \u00f6ngvan ska\u00f0a.<\/p>\n<p>\t\u00deeirra l\u00e6rife\u00f0ur ver\u00f0i ni\u00f0urslegnir \u00ed gr\u00fdttan sta\u00f0, \u00fe\u00e1 munu \u00feeir minn l\u00e6rd\u00f3m heyra mega \u00fea\u00f0 hann \u00e1stsamlegur s\u00e9.<\/p>\n<p>\tVor bein \u00feau eru \u00ed sundurdreif\u00f0 allt ni\u00f0ur \u00ed heljargrunn, svo sem \u00f6nnur r\u00f3tu\u00f0 og umvelt j\u00f6r\u00f0.<\/p>\n<p>\t\u00dev\u00ed a\u00f0 upp \u00e1 \u00feig, Drottinn Drottinn, l\u00edta m\u00edn augu, eg treysti \u00e1 \u00feig, forgleym ekki s\u00e1lu minni.<\/p>\n<p>\tVar\u00f0veit mig fyrir \u00feeirri sn\u00f6runni sem \u00feeir hafa lagt m\u00e9r og fyrir gildrunni \u00feeirra illvirkjanna.<\/p>\n<p>\tHinir \u00f3gu\u00f0legu hver me\u00f0 \u00f6\u00f0rum innfalla \u00ed sj\u00e1lfra sinna v\u00e9lanet en eg me\u00f0 jafna\u00f0i mun ganga \u00fear framhj\u00e1.<\/p>\n","protected":false},"excerpt":{"rendered":"<p>CXLI. S\u00e1lmur Dav\u00ed\u00f0s. Drottinn, eg hr\u00f3pa til \u00fe\u00edn, fl\u00fdttu \u00fe\u00e9r til m\u00edn, hygg a\u00f0 raust minni n\u00e6r a\u00f0 eg \u00e1kalla \u00feig, \u00fea\u00f0 m\u00edn b\u00e6n m\u00e6tti duga fyrir \u00fe\u00e9r sem reykelsisf\u00f3rn, minna handanna upphafning l\u00edka sem anna\u00f0 kv\u00f6ldt\u00edmaoffur. Drottinn var\u00f0veiti minn munn og hann geymi m\u00ednar varir. Hneig ekki mitt hjarta upp \u00e1 nokkursh\u00e1ttar illsku til a\u00f0 fremja \u00f3gu\u00f0legt ath\u00e6fi me\u00f0ur illvirkjurunum so a\u00f0 eg eti ekkert \u00fat af \u00fev\u00ed sem \u00feeim \u00fe\u00f3knast. Hinn r\u00e9ttfer\u00f0ugi hann hegni m\u00e9r lj\u00faflegana og \u00e1telji mig, \u00fea\u00f0 sama mun m\u00e9r so gj\u00f6ra gott sem balsamum \u00e1 m\u00ednu h\u00f6f\u00f0i \u00fev\u00ed a\u00f0 eg bi\u00f0 i\u00f0uglega \u00fea\u00f0 hinir <a href=\"https:\/\/biblian.is\/gudbrandsbiblia\/salmarnir-141-kafli\/\"> [&#8230;]<\/a><\/p>\n","protected":false},"author":1,"featured_media":0,"parent":0,"menu_order":0,"comment_status":"open","ping_status":"open","template":"bibliukaflar.php","meta":{"footnotes":""},"class_list":["post-3313","page","type-page","status-publish","hentry"],"_links":{"self":[{"href":"https:\/\/biblian.is\/gudbrandsbiblia\/wp-json\/wp\/v2\/pages\/3313","targetHints":{"allow":["GET"]}}],"collection":[{"href":"https:\/\/biblian.is\/gudbrandsbiblia\/wp-json\/wp\/v2\/pages"}],"about":[{"href":"https:\/\/biblian.is\/gudbrandsbiblia\/wp-json\/wp\/v2\/types\/page"}],"author":[{"embeddable":true,"href":"https:\/\/biblian.is\/gudbrandsbiblia\/wp-json\/wp\/v2\/users\/1"}],"replies":[{"embeddable":true,"href":"https:\/\/biblian.is\/gudbrandsbiblia\/wp-json\/wp\/v2\/comments?post=3313"}],"version-history":[{"count":0,"href":"https:\/\/biblian.is\/gudbrandsbiblia\/wp-json\/wp\/v2\/pages\/3313\/revisions"}],"wp:attachment":[{"href":"https:\/\/biblian.is\/gudbrandsbiblia\/wp-json\/wp\/v2\/media?parent=3313"}],"curies":[{"name":"wp","href":"https:\/\/api.w.org\/{rel}","templated":true}]}}