{"id":3312,"date":"2017-12-18T18:33:15","date_gmt":"2017-12-18T18:33:15","guid":{"rendered":"http:\/\/biblian.is\/gudbrandsbiblia\/salmarnir-140-kafli\/"},"modified":"2017-12-18T18:33:15","modified_gmt":"2017-12-18T18:33:15","slug":"salmarnir-140-kafli","status":"publish","type":"page","link":"https:\/\/biblian.is\/gudbrandsbiblia\/salmarnir-140-kafli\/","title":{"rendered":"S\u00e1lmarnir 140. kafli"},"content":{"rendered":"<p>CXL. <\/p>\n<p>S\u00e1lmur Dav\u00ed\u00f0s fyrir a\u00f0 syngja.<\/p>\n<p>Frelsa \u00fe\u00fa mig, Drottinn, \u00ed fr\u00e1 \u00feeim vondu m\u00f6nnum, var\u00f0veit mig fyrir \u00feeim illskufullum l\u00fd\u00f0,<\/p>\n<p>\t\u00feeir e\u00f0 hugsa illt \u00ed s\u00ednum hj\u00f6rtum og daglega \u00f3fri\u00f0 upphefja. <span class=\"athugasemd\" title=\"R\u00f3m. 3 \/ S\u00e1l. 14. 53.\">[<\/span> <\/p>\n<p>\t\u00deeir hvetja s\u00ednar tungur sem h\u00f6ggormar, n\u00f6\u00f0rueitur er undir \u00feeirra v\u00f6rum. Sela.<\/p>\n<p>\tVar\u00f0veit mig, Drottinn, fyrir hendi \u00f3gu\u00f0hr\u00e6ddra, geym \u00fe\u00fa m\u00edn fyrir \u00feeim illskum\u00f6nnum sem \u00feenkja minni g\u00f6ngu um a\u00f0 velta.<\/p>\n<p>\tHinir drambl\u00e1tu leggja sn\u00f6rur fyrir mig og brei\u00f0a \u00fat v\u00e9lastrengi m\u00e9r til \u00e1netjunar og egna upp t\u00e1lgildrurnar fyrir mig \u00e1 veginum. Sela.<\/p>\n<p>\tEn eg segi til Drottins: &#8222;\u00de\u00fa ert minn Gu\u00f0.&#8220; Heyr \u00fe\u00fa, Drottinn, m\u00edna gr\u00e1tbei\u00f0ni.<\/p>\n<p>\tDrottinn Drottinn er mitt flugt hj\u00e1lpr\u00e6\u00f0i, \u00fe\u00fa ert hl\u00edf m\u00ednu h\u00f6f\u00f0i \u00ed bardaganum.<\/p>\n<p>\tDrottinn, veit ekki \u00f3mildum s\u00edna girnd, styrk ekki \u00feeirra m\u00f3t\u00fer\u00f3an svo a\u00f0 \u00feeir megi forhefja sig \u00fear \u00fat af. Sela.<\/p>\n<p>\tSvo \u00f3g\u00e6fan af hverri a\u00f0 \u00f3vinir m\u00ednir r\u00e1\u00f0gast um falli h\u00fan yfir \u00feeirra h\u00f6fu\u00f0.<\/p>\n<p>\tHann mun eldingum \u00fatausa yfir \u00fe\u00e1, me\u00f0ur eldi mun hann \u00fe\u00e1 dj\u00fapt \u00ed j\u00f6r\u00f0ina ni\u00f0ursl\u00e1 svo a\u00f0 \u00feeir standi trautt aldrei upp.<\/p>\n<p>\tM\u00e1lugur munnur mun \u00f6ngri g\u00e6fu st\u00fdra \u00e1 j\u00f6r\u00f0u, einn vondur illskufullur ma\u00f0ur mun fordrifinn og \u00fatrekinn ver\u00f0a.<\/p>\n<p>\t\u00dev\u00ed a\u00f0 eg veit \u00fea\u00f0 Drottinn mun \u00e1 m\u00e1lefni hins f\u00e1r\u00e1\u00f0a og \u00e1 r\u00e9ttarfar hins f\u00e1t\u00e6ka d\u00f3msa\u00f0kv\u00e6\u00f0i leggja.<\/p>\n<p>\tEn hinir r\u00e9ttfer\u00f0ugu munu \u00fe\u00f3 \u00fe\u00ednu nafni \u00feakkir gj\u00f6ra og hinir r\u00e9ttv\u00edsu \u00feeir munu fyrir \u00fe\u00ednu augliti bl\u00edfa.<\/p>\n","protected":false},"excerpt":{"rendered":"<p>CXL. S\u00e1lmur Dav\u00ed\u00f0s fyrir a\u00f0 syngja. Frelsa \u00fe\u00fa mig, Drottinn, \u00ed fr\u00e1 \u00feeim vondu m\u00f6nnum, var\u00f0veit mig fyrir \u00feeim illskufullum l\u00fd\u00f0, \u00feeir e\u00f0 hugsa illt \u00ed s\u00ednum hj\u00f6rtum og daglega \u00f3fri\u00f0 upphefja. [ \u00deeir hvetja s\u00ednar tungur sem h\u00f6ggormar, n\u00f6\u00f0rueitur er undir \u00feeirra v\u00f6rum. Sela. Var\u00f0veit mig, Drottinn, fyrir hendi \u00f3gu\u00f0hr\u00e6ddra, geym \u00fe\u00fa m\u00edn fyrir \u00feeim illskum\u00f6nnum sem \u00feenkja minni g\u00f6ngu um a\u00f0 velta. Hinir drambl\u00e1tu leggja sn\u00f6rur fyrir mig og brei\u00f0a \u00fat v\u00e9lastrengi m\u00e9r til \u00e1netjunar og egna upp t\u00e1lgildrurnar fyrir mig \u00e1 veginum. Sela. En eg segi til Drottins: &#8222;\u00de\u00fa ert minn Gu\u00f0.&#8220; Heyr \u00fe\u00fa, Drottinn, m\u00edna gr\u00e1tbei\u00f0ni. <a href=\"https:\/\/biblian.is\/gudbrandsbiblia\/salmarnir-140-kafli\/\"> [&#8230;]<\/a><\/p>\n","protected":false},"author":1,"featured_media":0,"parent":0,"menu_order":0,"comment_status":"open","ping_status":"open","template":"bibliukaflar.php","meta":{"footnotes":""},"class_list":["post-3312","page","type-page","status-publish","hentry"],"_links":{"self":[{"href":"https:\/\/biblian.is\/gudbrandsbiblia\/wp-json\/wp\/v2\/pages\/3312","targetHints":{"allow":["GET"]}}],"collection":[{"href":"https:\/\/biblian.is\/gudbrandsbiblia\/wp-json\/wp\/v2\/pages"}],"about":[{"href":"https:\/\/biblian.is\/gudbrandsbiblia\/wp-json\/wp\/v2\/types\/page"}],"author":[{"embeddable":true,"href":"https:\/\/biblian.is\/gudbrandsbiblia\/wp-json\/wp\/v2\/users\/1"}],"replies":[{"embeddable":true,"href":"https:\/\/biblian.is\/gudbrandsbiblia\/wp-json\/wp\/v2\/comments?post=3312"}],"version-history":[{"count":0,"href":"https:\/\/biblian.is\/gudbrandsbiblia\/wp-json\/wp\/v2\/pages\/3312\/revisions"}],"wp:attachment":[{"href":"https:\/\/biblian.is\/gudbrandsbiblia\/wp-json\/wp\/v2\/media?parent=3312"}],"curies":[{"name":"wp","href":"https:\/\/api.w.org\/{rel}","templated":true}]}}