{"id":3311,"date":"2017-12-18T18:33:15","date_gmt":"2017-12-18T18:33:15","guid":{"rendered":"http:\/\/biblian.is\/gudbrandsbiblia\/salmarnir-139-kafli\/"},"modified":"2017-12-18T18:33:15","modified_gmt":"2017-12-18T18:33:15","slug":"salmarnir-139-kafli","status":"publish","type":"page","link":"https:\/\/biblian.is\/gudbrandsbiblia\/salmarnir-139-kafli\/","title":{"rendered":"S\u00e1lmarnir 139. kafli"},"content":{"rendered":"<p>CXXXIX.<\/p>\n<p>S\u00e1lmur Dav\u00ed\u00f0s fyrir a\u00f0 syngja.<\/p>\n<p>Drottinn, \u00fe\u00fa rannsakar mig og \u00feekkir mig.<\/p>\n<p>\tHvert eg sit e\u00f0a stend upp \u00fe\u00e1 veistu \u00fea\u00f0, \u00fe\u00fa formerkir m\u00ednar hugrenningar \u00e1lengdar.<\/p>\n<p>\tEg geng e\u00f0ur ligg, \u00fe\u00e1 ertu \u00ed kringum mig og s\u00e9r alla m\u00edna vegu.<\/p>\n<p>\t\u00dev\u00ed a\u00f0 sj\u00e1 \u00fe\u00fa, \u00fear er ekkert or\u00f0 \u00e1 minni tungu \u00fea\u00f0 \u00fe\u00fa, Drottinn, vitir \u00fea\u00f0 eigi allt.<\/p>\n<p>\t\u00de\u00fa kemur \u00fev\u00ed til vegar hva\u00f0 eg gj\u00f6ri fyrr og seinna og heldur \u00feinni hendi yfir m\u00e9r.<\/p>\n<p>\tSvoddan \u00fe\u00edn viska er undarleg og m\u00e9r vi\u00f0 of, eg f\u00e6 hana ekki skynja\u00f0.<\/p>\n<p>\tHvert skal eg fara fyrir \u00fe\u00ednum anda e\u00f0ur hvert skal eg fl\u00fdja fyrir \u00fe\u00ednu augliti?<\/p>\n<p>\tF\u00e6ra eg upp \u00ed himininn \u00fe\u00e1 ertu \u00fear, byggi eg m\u00e9r r\u00fam \u00ed helv\u00edti \u00fe\u00e1 ertu einnin \u00fear. <span class=\"athugasemd\" title=\"Amos 9\">[<\/span><\/p>\n<p>\tTaki eg v\u00e6ngi morgunro\u00f0ans og byggi \u00fat vi\u00f0 hina ystu sj\u00e1varbr\u00fan<\/p>\n<p>\t\u00fe\u00e1 mundi \u00fear \u00fe\u00f3 \u00ed \u00feeim sta\u00f0 \u00fe\u00edn h\u00f6nd halda m\u00e9r.<\/p>\n<p>\tSegi eg \u00fea\u00f0 a\u00f0 myrkurin f\u00e1i huli\u00f0 mig \u00fe\u00e1 hl\u00fdtur einnin n\u00f3ttin lj\u00f3s a\u00f0 vera \u00ed kringum mig.<\/p>\n<p>\t\u00dev\u00ed myrkrin eru einnin ei myrkur hj\u00e1 \u00fe\u00e9r og n\u00f3ttin h\u00fan l\u00fdsir sem dagurinn, myrkri\u00f0 er svo sem lj\u00f3si\u00f0. <span class=\"athugasemd\" title=\"Jakob. 1\">[<\/span><\/p>\n<p>\t\u00dev\u00ed a\u00f0 m\u00edn n\u00fdru \u00fea hefur \u00fe\u00fa \u00ed \u00fe\u00ednu valdi, \u00fe\u00fa varst yfir m\u00e9r \u00ed m\u00f3\u00f0urkvi\u00f0i.<\/p>\n<p>\tEg \u00feakka \u00fe\u00e9r \u00fear fyrir a\u00f0 eg em svo d\u00e1samlega skapa\u00f0ur, merkileg \u00fe\u00e1 eru \u00fe\u00edn verk og \u00fea\u00f0 sama formerkir m\u00edn s\u00e1la vel.<\/p>\n<p>\tM\u00edn bein voru \u00fe\u00e9r og ekki \u00f3kunnig \u00fe\u00e1 a\u00f0 eg var \u00ed leynum gj\u00f6r\u00f0ur, \u00fe\u00e1 a\u00f0 eg mynda\u00f0ur var\u00f0 \u00ed <span class=\"athugasemd\" title=\"a \/ (fylsnum) \/ \u00dea\u00f0 er, \u00ed m\u00f3\u00f0urlegum kvi\u00f0i\">[<\/span> fylsnum jar\u00f0ar.<\/p>\n<p>\t\u00de\u00edn augu \u00feau s\u00e1u mig \u00fe\u00e1 a\u00f0 eg enn ekki fullskapa\u00f0ur var og allir <span class=\"athugasemd\" title=\"b \/ \u00dea\u00f0 er, hversu lengi eg lifa skyldi, \u00fea\u00f0 vissir \u00fe\u00fa \u00e1\u00f0ur en eg f\u00e9kk l\u00edf\">[<\/span> dagar voru \u00ed \u00fe\u00edna b\u00f3k skrifa\u00f0ir, \u00feeir e\u00f0 enn vera skyldu og \u00feeirra hinna s\u00f6mu var \u00fea\u00f0 \u00fe\u00e1 enn enginn.<\/p>\n<p>\tEn hversu hei\u00f0arlegiar a\u00f0 eru fyrir m\u00e9r, Gu\u00f0, \u00fe\u00ednar hugsanir? Hvernin er \u00feeirra svo mikill fj\u00f6ldi?<\/p>\n<p>\tSkylda eg eiga a\u00f0 telja \u00fe\u00e6r \u00fe\u00e1 mundi \u00feeirra fj\u00f6ldi fleiri vera en sandurinn, n\u00e6r a\u00f0 eg uppvakna em eg enn \u00ed hj\u00e1 \u00fe\u00e9r.<\/p>\n<p>\tEf a\u00f0, Gu\u00f0, \u00fe\u00fa \u00ed hel sl\u00e6gir hina \u00f3mildu og \u00fea\u00f0 hinir bl\u00f3\u00f0gj\u00f6rnu hlyti fr\u00e1 m\u00e9r a\u00f0 v\u00edkja!<\/p>\n<p>\t\u00dev\u00ed a\u00f0 \u00feeir tala um \u00feig h\u00e1\u00f0uglegana og \u00fe\u00ednir \u00f3vinir hefja sig upp \u00e1n tilefnis.<\/p>\n<p>\tEg hata \u00fe\u00e1, Drottinn, sem \u00feig hata og m\u00e9r misl\u00edkar vi\u00f0 \u00fe\u00e1 \u00fea\u00f0 \u00feeir setja sig \u00ed gegn \u00fe\u00e9r.<\/p>\n<p>\tEg hata \u00fe\u00e1 af alv\u00f6ru r\u00e9ttri, \u00fear fyrir eru \u00feeir m\u00ednir \u00f3vinir or\u00f0nir.<\/p>\n<p>\tRannsaka \u00fe\u00fa mig, Gu\u00f0, og reyn mitt hjarta, pr\u00f3fa \u00fe\u00fa mig og reyn hvernin a\u00f0 eg meina \u00fea\u00f0<\/p>\n<p>\tog sj\u00e1 \u00fe\u00fa hvert a\u00f0 eg er \u00e1 vondum vegi og lei\u00f0 \u00fe\u00fa mig upp \u00e1 \u00feann eil\u00edfa veginn.<\/p>\n","protected":false},"excerpt":{"rendered":"<p>CXXXIX. S\u00e1lmur Dav\u00ed\u00f0s fyrir a\u00f0 syngja. Drottinn, \u00fe\u00fa rannsakar mig og \u00feekkir mig. Hvert eg sit e\u00f0a stend upp \u00fe\u00e1 veistu \u00fea\u00f0, \u00fe\u00fa formerkir m\u00ednar hugrenningar \u00e1lengdar. Eg geng e\u00f0ur ligg, \u00fe\u00e1 ertu \u00ed kringum mig og s\u00e9r alla m\u00edna vegu. \u00dev\u00ed a\u00f0 sj\u00e1 \u00fe\u00fa, \u00fear er ekkert or\u00f0 \u00e1 minni tungu \u00fea\u00f0 \u00fe\u00fa, Drottinn, vitir \u00fea\u00f0 eigi allt. \u00de\u00fa kemur \u00fev\u00ed til vegar hva\u00f0 eg gj\u00f6ri fyrr og seinna og heldur \u00feinni hendi yfir m\u00e9r. Svoddan \u00fe\u00edn viska er undarleg og m\u00e9r vi\u00f0 of, eg f\u00e6 hana ekki skynja\u00f0. Hvert skal eg fara fyrir \u00fe\u00ednum anda e\u00f0ur hvert skal <a href=\"https:\/\/biblian.is\/gudbrandsbiblia\/salmarnir-139-kafli\/\"> [&#8230;]<\/a><\/p>\n","protected":false},"author":1,"featured_media":0,"parent":0,"menu_order":0,"comment_status":"open","ping_status":"open","template":"bibliukaflar.php","meta":{"footnotes":""},"class_list":["post-3311","page","type-page","status-publish","hentry"],"_links":{"self":[{"href":"https:\/\/biblian.is\/gudbrandsbiblia\/wp-json\/wp\/v2\/pages\/3311","targetHints":{"allow":["GET"]}}],"collection":[{"href":"https:\/\/biblian.is\/gudbrandsbiblia\/wp-json\/wp\/v2\/pages"}],"about":[{"href":"https:\/\/biblian.is\/gudbrandsbiblia\/wp-json\/wp\/v2\/types\/page"}],"author":[{"embeddable":true,"href":"https:\/\/biblian.is\/gudbrandsbiblia\/wp-json\/wp\/v2\/users\/1"}],"replies":[{"embeddable":true,"href":"https:\/\/biblian.is\/gudbrandsbiblia\/wp-json\/wp\/v2\/comments?post=3311"}],"version-history":[{"count":0,"href":"https:\/\/biblian.is\/gudbrandsbiblia\/wp-json\/wp\/v2\/pages\/3311\/revisions"}],"wp:attachment":[{"href":"https:\/\/biblian.is\/gudbrandsbiblia\/wp-json\/wp\/v2\/media?parent=3311"}],"curies":[{"name":"wp","href":"https:\/\/api.w.org\/{rel}","templated":true}]}}