{"id":3310,"date":"2017-12-18T18:33:15","date_gmt":"2017-12-18T18:33:15","guid":{"rendered":"http:\/\/biblian.is\/gudbrandsbiblia\/salmarnir-138-kafli\/"},"modified":"2017-12-18T18:33:15","modified_gmt":"2017-12-18T18:33:15","slug":"salmarnir-138-kafli","status":"publish","type":"page","link":"https:\/\/biblian.is\/gudbrandsbiblia\/salmarnir-138-kafli\/","title":{"rendered":"S\u00e1lmarnir 138. kafli"},"content":{"rendered":"<p>CXXXVIII.<\/p>\n<p>Dav\u00ed\u00f0s.<\/p>\n<p>Eg \u00feakka \u00fe\u00e9r \u00fat af \u00f6llu hjarta, fyrir augs\u00fdn <span class=\"athugasemd\" title=\"sword Fyrir engl\u00f6num og Gu\u00f0s b\u00f6rnum\">[<\/span> gu\u00f0anna vil eg \u00fe\u00e9r lofsyngja.<\/p>\n<p>\tEg vil bi\u00f0ja til \u00fe\u00edns heilags musteris og \u00fe\u00ednu nafni \u00feakkir gj\u00f6ra fyrir \u00fe\u00edna miskunnsemi og sannleika \u00fev\u00ed \u00feitt nafn hefur \u00fe\u00fa mikla\u00f0 framar en alla hluti, fyrir \u00feitt or\u00f0.<\/p>\n<p>\tN\u00e6r e\u00f0 eg \u00e1kalla \u00feig \u00fe\u00e1 b\u00e6nheyr \u00fe\u00fa mig og gef s\u00e1lu minni kraft mikinn.<\/p>\n<p>\tDrottinn, allir k\u00f3ngar \u00e1 j\u00f6r\u00f0u \u00feakka \u00fe\u00e9r \u00fev\u00ed a\u00f0 \u00feeir heyra or\u00f0in munns \u00fe\u00edns<\/p>\n<p>\tog syngja \u00e1 vegum Drottins \u00fea\u00f0 d\u00fdr\u00f0in Drottins s\u00e9 \u00e6rileg.<\/p>\n<p>\t\u00dev\u00ed a\u00f0 Drottinn hann er veglegur og l\u00edtur \u00e1 hi\u00f0 aumlega og \u00feekkir hinn r\u00edkil\u00e1ta \u00e1lengdar.<\/p>\n<p>\t\u00de\u00f3 a\u00f0 eg reiki \u00ed mi\u00f0ri harmkv\u00e6lingunni \u00fe\u00e1 endurl\u00edfgar \u00fe\u00fa mig og \u00fatbrei\u00f0ir \u00fei\u00b4na h\u00f6nd yfir rei\u00f0i \u00f3vina minna og hj\u00e1lpar m\u00e9r me\u00f0 \u00feinni h\u00e6gri h\u00f6nd.<\/p>\n<p>\tDrottinn mun \u00fear ending \u00e1 gj\u00f6ra minna vegna, Drottinn, \u00fe\u00edn miskunnsemi er eil\u00edfleg, verkin \u00feinna handa \u00fea vildir \u00fe\u00fa ekki yfirgefa.<\/p>\n","protected":false},"excerpt":{"rendered":"<p>CXXXVIII. Dav\u00ed\u00f0s. Eg \u00feakka \u00fe\u00e9r \u00fat af \u00f6llu hjarta, fyrir augs\u00fdn [ gu\u00f0anna vil eg \u00fe\u00e9r lofsyngja. Eg vil bi\u00f0ja til \u00fe\u00edns heilags musteris og \u00fe\u00ednu nafni \u00feakkir gj\u00f6ra fyrir \u00fe\u00edna miskunnsemi og sannleika \u00fev\u00ed \u00feitt nafn hefur \u00fe\u00fa mikla\u00f0 framar en alla hluti, fyrir \u00feitt or\u00f0. N\u00e6r e\u00f0 eg \u00e1kalla \u00feig \u00fe\u00e1 b\u00e6nheyr \u00fe\u00fa mig og gef s\u00e1lu minni kraft mikinn. Drottinn, allir k\u00f3ngar \u00e1 j\u00f6r\u00f0u \u00feakka \u00fe\u00e9r \u00fev\u00ed a\u00f0 \u00feeir heyra or\u00f0in munns \u00fe\u00edns og syngja \u00e1 vegum Drottins \u00fea\u00f0 d\u00fdr\u00f0in Drottins s\u00e9 \u00e6rileg. \u00dev\u00ed a\u00f0 Drottinn hann er veglegur og l\u00edtur \u00e1 hi\u00f0 aumlega og \u00feekkir hinn <a href=\"https:\/\/biblian.is\/gudbrandsbiblia\/salmarnir-138-kafli\/\"> [&#8230;]<\/a><\/p>\n","protected":false},"author":1,"featured_media":0,"parent":0,"menu_order":0,"comment_status":"open","ping_status":"open","template":"bibliukaflar.php","meta":{"footnotes":""},"class_list":["post-3310","page","type-page","status-publish","hentry"],"_links":{"self":[{"href":"https:\/\/biblian.is\/gudbrandsbiblia\/wp-json\/wp\/v2\/pages\/3310","targetHints":{"allow":["GET"]}}],"collection":[{"href":"https:\/\/biblian.is\/gudbrandsbiblia\/wp-json\/wp\/v2\/pages"}],"about":[{"href":"https:\/\/biblian.is\/gudbrandsbiblia\/wp-json\/wp\/v2\/types\/page"}],"author":[{"embeddable":true,"href":"https:\/\/biblian.is\/gudbrandsbiblia\/wp-json\/wp\/v2\/users\/1"}],"replies":[{"embeddable":true,"href":"https:\/\/biblian.is\/gudbrandsbiblia\/wp-json\/wp\/v2\/comments?post=3310"}],"version-history":[{"count":0,"href":"https:\/\/biblian.is\/gudbrandsbiblia\/wp-json\/wp\/v2\/pages\/3310\/revisions"}],"wp:attachment":[{"href":"https:\/\/biblian.is\/gudbrandsbiblia\/wp-json\/wp\/v2\/media?parent=3310"}],"curies":[{"name":"wp","href":"https:\/\/api.w.org\/{rel}","templated":true}]}}