{"id":3309,"date":"2017-12-18T18:33:15","date_gmt":"2017-12-18T18:33:15","guid":{"rendered":"http:\/\/biblian.is\/gudbrandsbiblia\/salmarnir-137-kafli\/"},"modified":"2017-12-18T18:33:15","modified_gmt":"2017-12-18T18:33:15","slug":"salmarnir-137-kafli","status":"publish","type":"page","link":"https:\/\/biblian.is\/gudbrandsbiblia\/salmarnir-137-kafli\/","title":{"rendered":"S\u00e1lmarnir 137. kafli"},"content":{"rendered":"<p>CXXXVII.<\/p>\n<p>Vi\u00f0 v\u00f6tnin \u00ed Bab\u00fdlon s\u00e1tum v\u00e9r og gr\u00e9tum \u00fe\u00e1 e\u00f0 v\u00e9r minntunst \u00e1 S\u00edon.<\/p>\n<p>\tVorar h\u00f6rpur hengdum v\u00e9r upp \u00e1 v\u00ed\u00f0irinn \u00feann sem \u00fear var.<\/p>\n<p>\t\u00dev\u00ed a\u00f0 \u00feeir \u00ed sama sta\u00f0 skipu\u00f0u oss a\u00f0 syngja, \u00feeir oss hertekna h\u00e9ldu, og gla\u00f0v\u00e6rum a\u00f0 vera \u00ed vorum harmkv\u00e6lum: &#8222;K\u00e6ri, syngi\u00f0 oss einn lofs\u00f6ng \u00fat af S\u00edon!&#8220;<\/p>\n<p>\tHvernin skyldum v\u00e9r lofs\u00f6ng Drottins syngja \u00fat \u00ed \u00f3kunnu landi?<\/p>\n<p>\tGleymi eg \u00fe\u00e9r, Jer\u00fasalem, \u00fe\u00e1 ver\u00f0i minni h\u00e6gri hendi forgleymt. <span class=\"athugasemd\" title=\"Jere. 51\">[<\/span> <\/p>\n<p>\tM\u00edn tunga lo\u00f0i m\u00e9r \u00fe\u00e1 vi\u00f0 g\u00f3ma ef eg minnist \u00fe\u00edn ekki, ef a\u00f0 eg l\u00e6t ekki Jer\u00fasalem vera m\u00edna \u00e6\u00f0stu gle\u00f0i.<\/p>\n<p>\tDrottinn, minnstu \u00e1 sonu Ed\u00f3m \u00e1 degi Jer\u00fasalem, \u00feeir e\u00f0 segja: &#8222;Afm\u00e1i\u00f0, afm\u00e1i\u00f0 allt \u00ed grunn!&#8220;<\/p>\n<p>\t\u00de\u00fa hin brotna d\u00f3ttir Bab\u00fdlon, vel ver\u00f0i \u00feeim e\u00f0 \u00fe\u00e9r geldur l\u00edku l\u00edkt, eftir \u00fev\u00ed sem \u00fe\u00fa hefur vi\u00f0ur oss gj\u00f6rt.<\/p>\n<p>\tVel ver\u00f0i \u00feeim sem taka \u00fe\u00edn sm\u00e1b\u00f6rn og berja \u00feau ni\u00f0ur vi\u00f0 stein. <span class=\"athugasemd\" title=\"Esa. 13\">[<\/span><\/p>\n","protected":false},"excerpt":{"rendered":"<p>CXXXVII. Vi\u00f0 v\u00f6tnin \u00ed Bab\u00fdlon s\u00e1tum v\u00e9r og gr\u00e9tum \u00fe\u00e1 e\u00f0 v\u00e9r minntunst \u00e1 S\u00edon. Vorar h\u00f6rpur hengdum v\u00e9r upp \u00e1 v\u00ed\u00f0irinn \u00feann sem \u00fear var. \u00dev\u00ed a\u00f0 \u00feeir \u00ed sama sta\u00f0 skipu\u00f0u oss a\u00f0 syngja, \u00feeir oss hertekna h\u00e9ldu, og gla\u00f0v\u00e6rum a\u00f0 vera \u00ed vorum harmkv\u00e6lum: &#8222;K\u00e6ri, syngi\u00f0 oss einn lofs\u00f6ng \u00fat af S\u00edon!&#8220; Hvernin skyldum v\u00e9r lofs\u00f6ng Drottins syngja \u00fat \u00ed \u00f3kunnu landi? Gleymi eg \u00fe\u00e9r, Jer\u00fasalem, \u00fe\u00e1 ver\u00f0i minni h\u00e6gri hendi forgleymt. [ M\u00edn tunga lo\u00f0i m\u00e9r \u00fe\u00e1 vi\u00f0 g\u00f3ma ef eg minnist \u00fe\u00edn ekki, ef a\u00f0 eg l\u00e6t ekki Jer\u00fasalem vera m\u00edna \u00e6\u00f0stu gle\u00f0i. Drottinn, minnstu <a href=\"https:\/\/biblian.is\/gudbrandsbiblia\/salmarnir-137-kafli\/\"> [&#8230;]<\/a><\/p>\n","protected":false},"author":1,"featured_media":0,"parent":0,"menu_order":0,"comment_status":"open","ping_status":"open","template":"bibliukaflar.php","meta":{"footnotes":""},"class_list":["post-3309","page","type-page","status-publish","hentry"],"_links":{"self":[{"href":"https:\/\/biblian.is\/gudbrandsbiblia\/wp-json\/wp\/v2\/pages\/3309","targetHints":{"allow":["GET"]}}],"collection":[{"href":"https:\/\/biblian.is\/gudbrandsbiblia\/wp-json\/wp\/v2\/pages"}],"about":[{"href":"https:\/\/biblian.is\/gudbrandsbiblia\/wp-json\/wp\/v2\/types\/page"}],"author":[{"embeddable":true,"href":"https:\/\/biblian.is\/gudbrandsbiblia\/wp-json\/wp\/v2\/users\/1"}],"replies":[{"embeddable":true,"href":"https:\/\/biblian.is\/gudbrandsbiblia\/wp-json\/wp\/v2\/comments?post=3309"}],"version-history":[{"count":0,"href":"https:\/\/biblian.is\/gudbrandsbiblia\/wp-json\/wp\/v2\/pages\/3309\/revisions"}],"wp:attachment":[{"href":"https:\/\/biblian.is\/gudbrandsbiblia\/wp-json\/wp\/v2\/media?parent=3309"}],"curies":[{"name":"wp","href":"https:\/\/api.w.org\/{rel}","templated":true}]}}