{"id":3308,"date":"2017-12-18T18:33:15","date_gmt":"2017-12-18T18:33:15","guid":{"rendered":"http:\/\/biblian.is\/gudbrandsbiblia\/salmarnir-136-kafli\/"},"modified":"2017-12-18T18:33:15","modified_gmt":"2017-12-18T18:33:15","slug":"salmarnir-136-kafli","status":"publish","type":"page","link":"https:\/\/biblian.is\/gudbrandsbiblia\/salmarnir-136-kafli\/","title":{"rendered":"S\u00e1lmarnir 136. kafli"},"content":{"rendered":"<p>CXXXVI.<\/p>\n<p>\u00deakki \u00fe\u00e9r Drottni \u00fev\u00ed hann er g\u00f3\u00f0ur, \u00fev\u00ed a\u00f0 hans miskunnsemi varir eil\u00edflegana. <span class=\"athugasemd\" title=\"S\u00e1l. 106. 107. 118\">[<\/span> <\/p>\n<p>\t\u00deakki\u00f0 Gu\u00f0i allra gu\u00f0a \u00fev\u00ed a\u00f0 hans miskunnsemi varir eil\u00edflegana.<\/p>\n<p>\t\u00deakki\u00f0 Drottni allra drottna \u00fev\u00ed a\u00f0 hans miskunnsemi varir eil\u00edflegana.<\/p>\n<p>\tHann s\u00e1 e\u00f0 einn gj\u00f6rir mikil st\u00f3rmerki<\/p>\n<p>\t\u00fev\u00ed a\u00f0 hans miskunnsemi varir eil\u00edflegana,<\/p>\n<p>\thann hver e\u00f0 himininn hefur gj\u00f6rt svo <span class=\"athugasemd\" title=\"sword skikkanlega, a\u00f0 himinninn og allar stj\u00f6rnu hafa sinn vissan gang og vita \u00fear ekki \u00fat af\">[<\/span> meistarlega<\/p>\n<p>\t\u00fev\u00ed a\u00f0 hans miskunnsemi varir eil\u00edflegana,<\/p>\n<p>\thann s\u00e1 e\u00f0 j\u00f6r\u00f0ina hefur \u00fatbreitt yfir v\u00f6tnunum<\/p>\n<p>\t\u00fev\u00ed a\u00f0 hans miskunnsemi varir eil\u00edflegana,<\/p>\n<p>\thann s\u00e1 e\u00f0 \u00feau miklu lj\u00f3sin hefur gj\u00f6rt <span class=\"athugasemd\" title=\"Gen. 2\">[<\/span> <\/p>\n<p>\t\u00fev\u00ed a\u00f0 hans miskunnsemi varir eil\u00edflegana,<\/p>\n<p>\ts\u00f3lina deginum til stj\u00f3rnunar<\/p>\n<p>\t\u00fev\u00ed a\u00f0 hans miskunnsemi varir eil\u00edflegana,<\/p>\n<p>\ttungli\u00f0 og stj\u00f6rnurnar n\u00f3ttinni fyrir a\u00f0 standa<\/p>\n<p>\t\u00fev\u00ed a\u00f0 hans miskunnsemi varir eil\u00edflegana,<\/p>\n<p>\thann s\u00e1 e\u00f0 Egyptaland sl\u00f3 me\u00f0 \u00feeirra frumgetningum <span class=\"athugasemd\" title=\"Exod. 12\">[<\/span> <\/p>\n<p>\t\u00fev\u00ed a\u00f0 hans miskunnsemi varir eil\u00edflegana,<\/p>\n<p>\tog \u00cdsrael \u00fat \u00fea\u00f0an leiddi <span class=\"athugasemd\" title=\"Exod. 13\">[<\/span>  <\/p>\n<p>\t\u00fev\u00ed a\u00f0 hans miskunnsemi varir eil\u00edflegana,<\/p>\n<p>\tfyrir volduga h\u00f6nd og \u00fat\u00feaninn armlegg<\/p>\n<p>\t\u00fev\u00ed a\u00f0 hans miskunnsemi varir eil\u00edflegana,<\/p>\n<p>\thann s\u00e1 e\u00f0 \u00ed sundur skipti hafinu rau\u00f0a \u00ed tvo hluti <span class=\"athugasemd\" title=\"Exod. 13\">[<\/span> <\/p>\n<p>\t\u00fev\u00ed a\u00f0 hans miskunnsemi varir eil\u00edflegana,<\/p>\n<p>\tog l\u00e9t \u00cdsrael \u00fear \u00ed gegnum ganga<\/p>\n<p>\t\u00fev\u00ed a\u00f0 hans miskunnsemi varir eil\u00edflegana,<\/p>\n<p>\thann hver e\u00f0 drekkti fara\u00f3 og hans herli\u00f0i \u00ed hafinu rau\u00f0a<\/p>\n<p>\t\u00fev\u00ed a\u00f0 hans miskunnsemi varir eil\u00edflegana,<\/p>\n<p>\thann s\u00e1 e\u00f0 sitt f\u00f3lk \u00fatleiddi \u00ed gegnum ey\u00f0im\u00f6rkina<\/p>\n<p>\t\u00fev\u00ed a\u00f0 hans miskunnsemi varir eil\u00edflegana,<\/p>\n<p>\ts\u00e1 e\u00f0 ni\u00f0ursl\u00f3 mikilsh\u00e1ttar konunga<\/p>\n<p>\t\u00fev\u00ed a\u00f0 hans miskunnsemi varir eil\u00edflegana,<\/p>\n<p>\tog \u00ed hel sl\u00f3 megtuga k\u00f3nga <span class=\"athugasemd\" title=\"Num. 21\">[<\/span> <\/p>\n<p>\t\u00fev\u00ed a\u00f0 hans miskunnsemi varir eil\u00edflegana,<\/p>\n<p>\tS\u00edhon \u00feannk\u00f3nginn Ammoreorum<\/p>\n<p>\t\u00fev\u00ed a\u00f0 hans miskunnsemi varir eil\u00edflegana,<\/p>\n<p>\tog \u00d3g konunginn til Basan<\/p>\n<p>\t\u00fev\u00ed a\u00f0 hans miskunnsemi varir eil\u00edflegana,<\/p>\n<p>\tog gaf \u00feeirra land til arfleif\u00f0ar<\/p>\n<p>\t\u00fev\u00ed a\u00f0 hans miskunnsemi varir eil\u00edflegana,<\/p>\n<p>\ttil arfleif\u00f0ar s\u00ednum \u00fej\u00f3n \u00cdsrael<\/p>\n<p>\t\u00fev\u00ed a\u00f0 hans miskunnsemi varir eil\u00edflegana,<\/p>\n<p>\taf \u00fev\u00ed hann minntist \u00e1 oss \u00fe\u00e1 e\u00f0 v\u00e9r vorum undir\u00ferykktir <span class=\"athugasemd\" title=\"J\u00f3s. 12\">[<\/span> <\/p>\n<p>\t\u00fev\u00ed a\u00f0 hans miskunnsemi varir eil\u00edflegana,<\/p>\n<p>\tog hann frelsa\u00f0i oss fr\u00e1 \u00f3vinum vorum<\/p>\n<p>\t\u00fev\u00ed a\u00f0 hans miskunnsemi varir eil\u00edflegana,<\/p>\n<p>\thann hver e\u00f0 f\u00e6\u00f0slu gefur \u00f6llu holdi <span class=\"athugasemd\" title=\"S\u00e1l. 104. 145\">[<\/span> <\/p>\n<p>\t\u00fev\u00ed a\u00f0 hans miskunnsemi varir eil\u00edflegana.<\/p>\n<p>\t\u00deakki\u00f0 Gu\u00f0i af himnum<\/p>\n<p>\t\u00fev\u00ed a\u00f0 hans miskunnsemi varir eil\u00edflegana.<\/p>\n","protected":false},"excerpt":{"rendered":"<p>CXXXVI. \u00deakki \u00fe\u00e9r Drottni \u00fev\u00ed hann er g\u00f3\u00f0ur, \u00fev\u00ed a\u00f0 hans miskunnsemi varir eil\u00edflegana. [ \u00deakki\u00f0 Gu\u00f0i allra gu\u00f0a \u00fev\u00ed a\u00f0 hans miskunnsemi varir eil\u00edflegana. \u00deakki\u00f0 Drottni allra drottna \u00fev\u00ed a\u00f0 hans miskunnsemi varir eil\u00edflegana. Hann s\u00e1 e\u00f0 einn gj\u00f6rir mikil st\u00f3rmerki \u00fev\u00ed a\u00f0 hans miskunnsemi varir eil\u00edflegana, hann hver e\u00f0 himininn hefur gj\u00f6rt svo [ meistarlega \u00fev\u00ed a\u00f0 hans miskunnsemi varir eil\u00edflegana, hann s\u00e1 e\u00f0 j\u00f6r\u00f0ina hefur \u00fatbreitt yfir v\u00f6tnunum \u00fev\u00ed a\u00f0 hans miskunnsemi varir eil\u00edflegana, hann s\u00e1 e\u00f0 \u00feau miklu lj\u00f3sin hefur gj\u00f6rt [ \u00fev\u00ed a\u00f0 hans miskunnsemi varir eil\u00edflegana, s\u00f3lina deginum til stj\u00f3rnunar \u00fev\u00ed a\u00f0 hans miskunnsemi <a href=\"https:\/\/biblian.is\/gudbrandsbiblia\/salmarnir-136-kafli\/\"> [&#8230;]<\/a><\/p>\n","protected":false},"author":1,"featured_media":0,"parent":0,"menu_order":0,"comment_status":"open","ping_status":"open","template":"bibliukaflar.php","meta":{"footnotes":""},"class_list":["post-3308","page","type-page","status-publish","hentry"],"_links":{"self":[{"href":"https:\/\/biblian.is\/gudbrandsbiblia\/wp-json\/wp\/v2\/pages\/3308","targetHints":{"allow":["GET"]}}],"collection":[{"href":"https:\/\/biblian.is\/gudbrandsbiblia\/wp-json\/wp\/v2\/pages"}],"about":[{"href":"https:\/\/biblian.is\/gudbrandsbiblia\/wp-json\/wp\/v2\/types\/page"}],"author":[{"embeddable":true,"href":"https:\/\/biblian.is\/gudbrandsbiblia\/wp-json\/wp\/v2\/users\/1"}],"replies":[{"embeddable":true,"href":"https:\/\/biblian.is\/gudbrandsbiblia\/wp-json\/wp\/v2\/comments?post=3308"}],"version-history":[{"count":0,"href":"https:\/\/biblian.is\/gudbrandsbiblia\/wp-json\/wp\/v2\/pages\/3308\/revisions"}],"wp:attachment":[{"href":"https:\/\/biblian.is\/gudbrandsbiblia\/wp-json\/wp\/v2\/media?parent=3308"}],"curies":[{"name":"wp","href":"https:\/\/api.w.org\/{rel}","templated":true}]}}