{"id":3306,"date":"2017-12-18T18:33:15","date_gmt":"2017-12-18T18:33:15","guid":{"rendered":"http:\/\/biblian.is\/gudbrandsbiblia\/salmarnir-134-kafli\/"},"modified":"2017-12-18T18:33:15","modified_gmt":"2017-12-18T18:33:15","slug":"salmarnir-134-kafli","status":"publish","type":"page","link":"https:\/\/biblian.is\/gudbrandsbiblia\/salmarnir-134-kafli\/","title":{"rendered":"S\u00e1lmarnir 134. kafli"},"content":{"rendered":"<p>CXXXIIII.<\/p>\n<p>Lofs\u00f6ngur \u00ed h\u00e1kornum.<\/p>\n<p>Sj\u00e1i\u00f0, lofi\u00f0 Drottin, allir \u00fej\u00f3nustumenn Drottins, \u00fe\u00e9r sem standi\u00f0 \u00e1 n\u00e1ttar\u00feeli \u00ed h\u00fasi Drottins.<\/p>\n<p>\tUpphefji\u00f0 y\u00f0ar hendur \u00ed helgid\u00f3minum og lofi\u00f0 Drottin.<\/p>\n<p>\tDrottinn hann blessi \u00feig \u00fat af S\u00edon, s\u00e1 e\u00f0 gj\u00f6rt hefur himin og j\u00f6r\u00f0.<\/p>\n","protected":false},"excerpt":{"rendered":"<p>CXXXIIII. Lofs\u00f6ngur \u00ed h\u00e1kornum. Sj\u00e1i\u00f0, lofi\u00f0 Drottin, allir \u00fej\u00f3nustumenn Drottins, \u00fe\u00e9r sem standi\u00f0 \u00e1 n\u00e1ttar\u00feeli \u00ed h\u00fasi Drottins. Upphefji\u00f0 y\u00f0ar hendur \u00ed helgid\u00f3minum og lofi\u00f0 Drottin. Drottinn hann blessi \u00feig \u00fat af S\u00edon, s\u00e1 e\u00f0 gj\u00f6rt hefur himin og j\u00f6r\u00f0.<\/p>\n","protected":false},"author":1,"featured_media":0,"parent":0,"menu_order":0,"comment_status":"open","ping_status":"open","template":"bibliukaflar.php","meta":{"footnotes":""},"class_list":["post-3306","page","type-page","status-publish","hentry"],"_links":{"self":[{"href":"https:\/\/biblian.is\/gudbrandsbiblia\/wp-json\/wp\/v2\/pages\/3306","targetHints":{"allow":["GET"]}}],"collection":[{"href":"https:\/\/biblian.is\/gudbrandsbiblia\/wp-json\/wp\/v2\/pages"}],"about":[{"href":"https:\/\/biblian.is\/gudbrandsbiblia\/wp-json\/wp\/v2\/types\/page"}],"author":[{"embeddable":true,"href":"https:\/\/biblian.is\/gudbrandsbiblia\/wp-json\/wp\/v2\/users\/1"}],"replies":[{"embeddable":true,"href":"https:\/\/biblian.is\/gudbrandsbiblia\/wp-json\/wp\/v2\/comments?post=3306"}],"version-history":[{"count":0,"href":"https:\/\/biblian.is\/gudbrandsbiblia\/wp-json\/wp\/v2\/pages\/3306\/revisions"}],"wp:attachment":[{"href":"https:\/\/biblian.is\/gudbrandsbiblia\/wp-json\/wp\/v2\/media?parent=3306"}],"curies":[{"name":"wp","href":"https:\/\/api.w.org\/{rel}","templated":true}]}}