{"id":3305,"date":"2017-12-18T18:33:15","date_gmt":"2017-12-18T18:33:15","guid":{"rendered":"http:\/\/biblian.is\/gudbrandsbiblia\/salmarnir-133-kafli\/"},"modified":"2017-12-18T18:33:15","modified_gmt":"2017-12-18T18:33:15","slug":"salmarnir-133-kafli","status":"publish","type":"page","link":"https:\/\/biblian.is\/gudbrandsbiblia\/salmarnir-133-kafli\/","title":{"rendered":"S\u00e1lmarnir 133. kafli"},"content":{"rendered":"<p>CXXXIII.<\/p>\n<p>S\u00e1lmur Dav\u00ed\u00f0s \u00ed h\u00e1kornum.<\/p>\n<p>Sj\u00e1 \u00fe\u00fa, hversu \u00e1g\u00e6tt og elskulegt er \u00fea\u00f0 a\u00f0 br\u00e6\u00f0urnir <span class=\"athugasemd\" title=\"a \/ \u00dea\u00f0 er, n\u00e6r e\u00f0 \u00feeir r\u00edku, st\u00f3ru, heil\u00f6gu, v\u00edsu, l\u00ed\u00f0a og elska f\u00e1t\u00e6ka og l\u00edtilmagna, synduga og heimska. R\u00f3m. xiiy.\">[<\/span> b\u00faa hver vi\u00f0 annan \u00ed g\u00f3\u00f0u sam\u00feykki,<\/p>\n<p>\tl\u00edka sem \u00fea\u00f0 d\u00fdr\u00f0arlega balsamum er, hvert e\u00f0 af h\u00f6f\u00f0i Arons ofan rennur allt \u00ed hans skegg, \u00fea\u00f0 sem ofan \u00fea\u00f0an fl\u00fdtur \u00e1 hans kl\u00e6\u00f0i,<\/p>\n<p>\tsvo sem a\u00f0 n\u00e1ttd\u00f6ggin s\u00fa e\u00f0 af Hermon fellur \u00e1 fjalli\u00f0 S\u00edon \u00fev\u00ed a\u00f0 \u00fear \u00ed \u00feeim sta\u00f0 fyrirheitir Drottinn blessuninni og l\u00edfinu um aldur og a\u00f0 eil\u00edfu.<\/p>\n","protected":false},"excerpt":{"rendered":"<p>CXXXIII. S\u00e1lmur Dav\u00ed\u00f0s \u00ed h\u00e1kornum. Sj\u00e1 \u00fe\u00fa, hversu \u00e1g\u00e6tt og elskulegt er \u00fea\u00f0 a\u00f0 br\u00e6\u00f0urnir [ b\u00faa hver vi\u00f0 annan \u00ed g\u00f3\u00f0u sam\u00feykki, l\u00edka sem \u00fea\u00f0 d\u00fdr\u00f0arlega balsamum er, hvert e\u00f0 af h\u00f6f\u00f0i Arons ofan rennur allt \u00ed hans skegg, \u00fea\u00f0 sem ofan \u00fea\u00f0an fl\u00fdtur \u00e1 hans kl\u00e6\u00f0i, svo sem a\u00f0 n\u00e1ttd\u00f6ggin s\u00fa e\u00f0 af Hermon fellur \u00e1 fjalli\u00f0 S\u00edon \u00fev\u00ed a\u00f0 \u00fear \u00ed \u00feeim sta\u00f0 fyrirheitir Drottinn blessuninni og l\u00edfinu um aldur og a\u00f0 eil\u00edfu.<\/p>\n","protected":false},"author":1,"featured_media":0,"parent":0,"menu_order":0,"comment_status":"open","ping_status":"open","template":"bibliukaflar.php","meta":{"footnotes":""},"class_list":["post-3305","page","type-page","status-publish","hentry"],"_links":{"self":[{"href":"https:\/\/biblian.is\/gudbrandsbiblia\/wp-json\/wp\/v2\/pages\/3305","targetHints":{"allow":["GET"]}}],"collection":[{"href":"https:\/\/biblian.is\/gudbrandsbiblia\/wp-json\/wp\/v2\/pages"}],"about":[{"href":"https:\/\/biblian.is\/gudbrandsbiblia\/wp-json\/wp\/v2\/types\/page"}],"author":[{"embeddable":true,"href":"https:\/\/biblian.is\/gudbrandsbiblia\/wp-json\/wp\/v2\/users\/1"}],"replies":[{"embeddable":true,"href":"https:\/\/biblian.is\/gudbrandsbiblia\/wp-json\/wp\/v2\/comments?post=3305"}],"version-history":[{"count":0,"href":"https:\/\/biblian.is\/gudbrandsbiblia\/wp-json\/wp\/v2\/pages\/3305\/revisions"}],"wp:attachment":[{"href":"https:\/\/biblian.is\/gudbrandsbiblia\/wp-json\/wp\/v2\/media?parent=3305"}],"curies":[{"name":"wp","href":"https:\/\/api.w.org\/{rel}","templated":true}]}}