{"id":3304,"date":"2017-12-18T18:33:15","date_gmt":"2017-12-18T18:33:15","guid":{"rendered":"http:\/\/biblian.is\/gudbrandsbiblia\/salmarnir-132-kafli\/"},"modified":"2017-12-18T18:33:15","modified_gmt":"2017-12-18T18:33:15","slug":"salmarnir-132-kafli","status":"publish","type":"page","link":"https:\/\/biblian.is\/gudbrandsbiblia\/salmarnir-132-kafli\/","title":{"rendered":"S\u00e1lmarnir 132. kafli"},"content":{"rendered":"<p>CXXXII.<\/p>\n<p>Lofs\u00f6ngur \u00ed h\u00e1kornum.<\/p>\n<p>Minnstu, Drottinn, \u00e1 Dav\u00ed\u00f0 og \u00e1 \u00f6ll hans m\u00f3tl\u00e6ti,<\/p>\n<p>\thver e\u00f0 sv\u00f3r Drottni og tr\u00falofa\u00f0i Hinum volduga Jakobs: <span class=\"athugasemd\" title=\"2. Reg. 7\">[<\/span> <\/p>\n<p>\t&#8222;Eg vil ei \u00ed herbergi m\u00edns heimilis innganga og ei heldur mig uppleggja \u00ed minn s\u00e6ngarsta\u00f0,<\/p>\n<p>\tm\u00ednum augum vil eg \u00f6ngvan svefn gefa og ekki heldur m\u00ednum augabr\u00e1m nokkurn svefn h\u00f6fga<\/p>\n<p>\tallt \u00feanga\u00f0 til eg finn Drottni einn sta\u00f0, til \u00edbyggingar \u00feeim Gu\u00f0i Jakob.&#8220;<\/p>\n<p>\tSj\u00e1 \u00fe\u00fa, v\u00e9r heyrum \u00fat af \u00feeim hinum <span class=\"athugasemd\" title=\"sword Sta\u00f0 tjaldb\u00fa\u00f0arinnar\">[<\/span> sama \u00ed Efrata, v\u00e9r h\u00f6fum hann fundi\u00f0 \u00e1 v\u00f6llunum sk\u00f3garins.<\/p>\n<p>\tV\u00e9r viljum innganga \u00ed hans tjaldb\u00fa\u00f0 og tilbi\u00f0ja fyrir hans f\u00f3tsk\u00f6r.<\/p>\n<p>\tDrottinn, hef \u00feig upp til \u00feinnar hv\u00edldar, \u00fe\u00fa og \u00f6rkin \u00fe\u00edns <span class=\"athugasemd\" title=\"a \/ \u00de\u00edns valds og r\u00edkis\">[<\/span> kraftar. <span class=\"athugasemd\" title=\"Exod. 40 \/ Num. 9 \/ 3. Reg. 8\">[<\/span> <\/p>\n<p>\t\u00de\u00edna kennimenn l\u00e1t \u00edkl\u00e6\u00f0ast r\u00e9ttv\u00edsinni og \u00fe\u00edna heilaga gle\u00f0ja sig.<\/p>\n<p>\tSvipt ekki \u00ed burt r\u00edkisstj\u00f3rninni \u00fe\u00edns hins smur\u00f0a, vegna \u00fe\u00edns \u00fej\u00f3ns Dav\u00ed\u00f0s.<\/p>\n<p>\tDrottinn hann sv\u00f3r Dav\u00ed\u00f0 einn sannarlegan ei\u00f0, \u00feann sama mun hann enda: <span class=\"athugasemd\" title=\"S\u00e1l. 89 \/ 2. Reg. 7 \/ Luc. 1 \/ Act. 2\">[<\/span> &#8222;\u00dat af \u00e1vexti kvi\u00f0ar \u00fe\u00edns vil eg setja yfir \u00feitt veldiss\u00e6ti.<\/p>\n<p>\tEf a\u00f0 synir \u00fe\u00ednir var\u00f0veita minn s\u00e1ttm\u00e1la og m\u00edna vitnisbur\u00f0i hverja eg mun kenna \u00feeim \u00fe\u00e1 skulu og einnin \u00feeirra synir sitja \u00e1 \u00fe\u00ednum veldisst\u00f3li \u00e6vinlegana.&#8220;<\/p>\n<p>\t\u00dev\u00ed a\u00f0 Drottinn \u00fatvaldi S\u00edon og hefur lysting \u00fear \u00ed \u00feeim sta\u00f0 a\u00f0 b\u00faa:<\/p>\n<p>\t&#8222;\u00deetta er m\u00edn hv\u00edla um aldur og \u00e6vi, h\u00e9r vil eg byggja \u00fev\u00ed \u00fea\u00f0 \u00fe\u00f3knast m\u00e9r vel.<\/p>\n<p>\tHennar vistir vil eg blessa og hennar f\u00e1t\u00e6kum n\u00f3glegan brau\u00f0sins sa\u00f0ning gefa.<\/p>\n<p>\tHennar kennimenn vil eg hj\u00e1lpr\u00e6\u00f0inu \u00edkl\u00e6\u00f0a og hennar heilagir skulu gla\u00f0v\u00e6rir vera.<\/p>\n<p>\t\u00dear \u00ed \u00feeim sta\u00f0 skal uppganga horni\u00f0 Dav\u00ed\u00f0s, m\u00ednum \u00feeim hinum smur\u00f0a hef eg eitt lj\u00f3s tilb\u00fai\u00f0. <span class=\"athugasemd\" title=\"Levit. 1 \/ Malak. 3 \/ Luc. 1\">[<\/span> <\/p>\n<p>\tHans \u00f3vini vil eg forsm\u00e1nni \u00edkl\u00e6\u00f0a en yfir honum skal bl\u00f3mgast hans <span class=\"athugasemd\" title=\"sword \u00dea\u00f0 er, k\u00f3ngar\u00edki\">[<\/span> k\u00f3r\u00f3na.&#8220;<\/p>\n","protected":false},"excerpt":{"rendered":"<p>CXXXII. Lofs\u00f6ngur \u00ed h\u00e1kornum. Minnstu, Drottinn, \u00e1 Dav\u00ed\u00f0 og \u00e1 \u00f6ll hans m\u00f3tl\u00e6ti, hver e\u00f0 sv\u00f3r Drottni og tr\u00falofa\u00f0i Hinum volduga Jakobs: [ &#8222;Eg vil ei \u00ed herbergi m\u00edns heimilis innganga og ei heldur mig uppleggja \u00ed minn s\u00e6ngarsta\u00f0, m\u00ednum augum vil eg \u00f6ngvan svefn gefa og ekki heldur m\u00ednum augabr\u00e1m nokkurn svefn h\u00f6fga allt \u00feanga\u00f0 til eg finn Drottni einn sta\u00f0, til \u00edbyggingar \u00feeim Gu\u00f0i Jakob.&#8220; Sj\u00e1 \u00fe\u00fa, v\u00e9r heyrum \u00fat af \u00feeim hinum [ sama \u00ed Efrata, v\u00e9r h\u00f6fum hann fundi\u00f0 \u00e1 v\u00f6llunum sk\u00f3garins. V\u00e9r viljum innganga \u00ed hans tjaldb\u00fa\u00f0 og tilbi\u00f0ja fyrir hans f\u00f3tsk\u00f6r. Drottinn, hef \u00feig <a href=\"https:\/\/biblian.is\/gudbrandsbiblia\/salmarnir-132-kafli\/\"> [&#8230;]<\/a><\/p>\n","protected":false},"author":1,"featured_media":0,"parent":0,"menu_order":0,"comment_status":"open","ping_status":"open","template":"bibliukaflar.php","meta":{"footnotes":""},"class_list":["post-3304","page","type-page","status-publish","hentry"],"_links":{"self":[{"href":"https:\/\/biblian.is\/gudbrandsbiblia\/wp-json\/wp\/v2\/pages\/3304","targetHints":{"allow":["GET"]}}],"collection":[{"href":"https:\/\/biblian.is\/gudbrandsbiblia\/wp-json\/wp\/v2\/pages"}],"about":[{"href":"https:\/\/biblian.is\/gudbrandsbiblia\/wp-json\/wp\/v2\/types\/page"}],"author":[{"embeddable":true,"href":"https:\/\/biblian.is\/gudbrandsbiblia\/wp-json\/wp\/v2\/users\/1"}],"replies":[{"embeddable":true,"href":"https:\/\/biblian.is\/gudbrandsbiblia\/wp-json\/wp\/v2\/comments?post=3304"}],"version-history":[{"count":0,"href":"https:\/\/biblian.is\/gudbrandsbiblia\/wp-json\/wp\/v2\/pages\/3304\/revisions"}],"wp:attachment":[{"href":"https:\/\/biblian.is\/gudbrandsbiblia\/wp-json\/wp\/v2\/media?parent=3304"}],"curies":[{"name":"wp","href":"https:\/\/api.w.org\/{rel}","templated":true}]}}