{"id":3303,"date":"2017-12-18T18:33:15","date_gmt":"2017-12-18T18:33:15","guid":{"rendered":"http:\/\/biblian.is\/gudbrandsbiblia\/salmarnir-131-kafli\/"},"modified":"2017-12-18T18:33:15","modified_gmt":"2017-12-18T18:33:15","slug":"salmarnir-131-kafli","status":"publish","type":"page","link":"https:\/\/biblian.is\/gudbrandsbiblia\/salmarnir-131-kafli\/","title":{"rendered":"S\u00e1lmarnir 131. kafli"},"content":{"rendered":"<p>CXXXI.<\/p>\n<p>S\u00e1lmur \u00ed Dav\u00ed\u00f0s \u00ed h\u00e1kornum.<\/p>\n<p>Drottinn, mitt hjarta er ekki hofm\u00f3\u00f0ugt og m\u00edn augu eru ekki st\u00e6ril\u00e1t og eg geng ekki \u00fat \u00ed mikilsh\u00e1ttar efnum, \u00feeim m\u00e9r eru of h\u00e1.<\/p>\n<p>\tEf a\u00f0 eg setta ei s\u00e1lu m\u00edna og \u00feagga\u00f0i hana \u00fe\u00e1 yr\u00f0i m\u00edn s\u00e1la afvanin, l\u00edka sem s\u00e1 e\u00f0 fr\u00e1vaninn er sinni m\u00f3\u00f0ur.<\/p>\n<p>\t\u00cdsrael voni upp \u00e1 Drottin n\u00fa og allt h\u00e9\u00f0an \u00ed fr\u00e1 a\u00f0 eil\u00edfu.<\/p>\n","protected":false},"excerpt":{"rendered":"<p>CXXXI. S\u00e1lmur \u00ed Dav\u00ed\u00f0s \u00ed h\u00e1kornum. Drottinn, mitt hjarta er ekki hofm\u00f3\u00f0ugt og m\u00edn augu eru ekki st\u00e6ril\u00e1t og eg geng ekki \u00fat \u00ed mikilsh\u00e1ttar efnum, \u00feeim m\u00e9r eru of h\u00e1. Ef a\u00f0 eg setta ei s\u00e1lu m\u00edna og \u00feagga\u00f0i hana \u00fe\u00e1 yr\u00f0i m\u00edn s\u00e1la afvanin, l\u00edka sem s\u00e1 e\u00f0 fr\u00e1vaninn er sinni m\u00f3\u00f0ur. \u00cdsrael voni upp \u00e1 Drottin n\u00fa og allt h\u00e9\u00f0an \u00ed fr\u00e1 a\u00f0 eil\u00edfu.<\/p>\n","protected":false},"author":1,"featured_media":0,"parent":0,"menu_order":0,"comment_status":"open","ping_status":"open","template":"bibliukaflar.php","meta":{"footnotes":""},"class_list":["post-3303","page","type-page","status-publish","hentry"],"_links":{"self":[{"href":"https:\/\/biblian.is\/gudbrandsbiblia\/wp-json\/wp\/v2\/pages\/3303","targetHints":{"allow":["GET"]}}],"collection":[{"href":"https:\/\/biblian.is\/gudbrandsbiblia\/wp-json\/wp\/v2\/pages"}],"about":[{"href":"https:\/\/biblian.is\/gudbrandsbiblia\/wp-json\/wp\/v2\/types\/page"}],"author":[{"embeddable":true,"href":"https:\/\/biblian.is\/gudbrandsbiblia\/wp-json\/wp\/v2\/users\/1"}],"replies":[{"embeddable":true,"href":"https:\/\/biblian.is\/gudbrandsbiblia\/wp-json\/wp\/v2\/comments?post=3303"}],"version-history":[{"count":0,"href":"https:\/\/biblian.is\/gudbrandsbiblia\/wp-json\/wp\/v2\/pages\/3303\/revisions"}],"wp:attachment":[{"href":"https:\/\/biblian.is\/gudbrandsbiblia\/wp-json\/wp\/v2\/media?parent=3303"}],"curies":[{"name":"wp","href":"https:\/\/api.w.org\/{rel}","templated":true}]}}