{"id":3302,"date":"2017-12-18T18:33:15","date_gmt":"2017-12-18T18:33:15","guid":{"rendered":"http:\/\/biblian.is\/gudbrandsbiblia\/salmarnir-130-kafli\/"},"modified":"2017-12-18T18:33:15","modified_gmt":"2017-12-18T18:33:15","slug":"salmarnir-130-kafli","status":"publish","type":"page","link":"https:\/\/biblian.is\/gudbrandsbiblia\/salmarnir-130-kafli\/","title":{"rendered":"S\u00e1lmarnir 130. kafli"},"content":{"rendered":"<p>CXXX.<\/p>\n<p>Lofs\u00f6ngur \u00ed h\u00e1kornum.<\/p>\n<p>Burt \u00far dj\u00fapinu hr\u00f3pa eg, Drottinn, til \u00fe\u00edn.<\/p>\n<p>\tHeyr \u00fe\u00fa, Drottinn, m\u00edna r\u00f6dd, l\u00e1ttu \u00feitt eyra hyggja a\u00f0 r\u00f6ddu minnar gr\u00e1tbei\u00f0ni.<\/p>\n<p>\tEf a\u00f0 \u00fe\u00fa, Drottinn, vilt tilreikna syndirnar, Drottinn, h\u00f6vr m\u00e1 \u00fea\u00f0 standast?<\/p>\n<p>\t\u00cd hj\u00e1 \u00fe\u00e9r er fyrirgefningin svo a\u00f0 menn \u00f3ttist \u00feig.<\/p>\n<p>\tEg v\u00e6nti Drottins, m\u00edn s\u00e1la h\u00fan b\u00ed\u00f0ur so vi\u00f0 og eg vona upp \u00e1 hans or\u00f0.<\/p>\n<p>\tM\u00edn s\u00e1la h\u00fan b\u00ed\u00f0ur Drottins \u00ed fr\u00e1 einni morguneyktinni allt til annarrar.<\/p>\n<p>\t\u00cdsrael voni upp \u00e1 Drottin \u00fev\u00ed a\u00f0 hj\u00e1 Drottni er miskunnsemi og \u00ed hj\u00e1 honum er n\u00f3gleg endurlausn.<\/p>\n<p>\tOg hann mun frelsa \u00cdsrael \u00fat af \u00f6llum hans syndum.<\/p>\n","protected":false},"excerpt":{"rendered":"<p>CXXX. Lofs\u00f6ngur \u00ed h\u00e1kornum. Burt \u00far dj\u00fapinu hr\u00f3pa eg, Drottinn, til \u00fe\u00edn. Heyr \u00fe\u00fa, Drottinn, m\u00edna r\u00f6dd, l\u00e1ttu \u00feitt eyra hyggja a\u00f0 r\u00f6ddu minnar gr\u00e1tbei\u00f0ni. Ef a\u00f0 \u00fe\u00fa, Drottinn, vilt tilreikna syndirnar, Drottinn, h\u00f6vr m\u00e1 \u00fea\u00f0 standast? \u00cd hj\u00e1 \u00fe\u00e9r er fyrirgefningin svo a\u00f0 menn \u00f3ttist \u00feig. Eg v\u00e6nti Drottins, m\u00edn s\u00e1la h\u00fan b\u00ed\u00f0ur so vi\u00f0 og eg vona upp \u00e1 hans or\u00f0. M\u00edn s\u00e1la h\u00fan b\u00ed\u00f0ur Drottins \u00ed fr\u00e1 einni morguneyktinni allt til annarrar. \u00cdsrael voni upp \u00e1 Drottin \u00fev\u00ed a\u00f0 hj\u00e1 Drottni er miskunnsemi og \u00ed hj\u00e1 honum er n\u00f3gleg endurlausn. Og hann mun frelsa \u00cdsrael \u00fat af <a href=\"https:\/\/biblian.is\/gudbrandsbiblia\/salmarnir-130-kafli\/\"> [&#8230;]<\/a><\/p>\n","protected":false},"author":1,"featured_media":0,"parent":0,"menu_order":0,"comment_status":"open","ping_status":"open","template":"bibliukaflar.php","meta":{"footnotes":""},"class_list":["post-3302","page","type-page","status-publish","hentry"],"_links":{"self":[{"href":"https:\/\/biblian.is\/gudbrandsbiblia\/wp-json\/wp\/v2\/pages\/3302","targetHints":{"allow":["GET"]}}],"collection":[{"href":"https:\/\/biblian.is\/gudbrandsbiblia\/wp-json\/wp\/v2\/pages"}],"about":[{"href":"https:\/\/biblian.is\/gudbrandsbiblia\/wp-json\/wp\/v2\/types\/page"}],"author":[{"embeddable":true,"href":"https:\/\/biblian.is\/gudbrandsbiblia\/wp-json\/wp\/v2\/users\/1"}],"replies":[{"embeddable":true,"href":"https:\/\/biblian.is\/gudbrandsbiblia\/wp-json\/wp\/v2\/comments?post=3302"}],"version-history":[{"count":0,"href":"https:\/\/biblian.is\/gudbrandsbiblia\/wp-json\/wp\/v2\/pages\/3302\/revisions"}],"wp:attachment":[{"href":"https:\/\/biblian.is\/gudbrandsbiblia\/wp-json\/wp\/v2\/media?parent=3302"}],"curies":[{"name":"wp","href":"https:\/\/api.w.org\/{rel}","templated":true}]}}