{"id":3301,"date":"2017-12-18T18:33:15","date_gmt":"2017-12-18T18:33:15","guid":{"rendered":"http:\/\/biblian.is\/gudbrandsbiblia\/salmarnir-129-kafli\/"},"modified":"2017-12-18T18:33:15","modified_gmt":"2017-12-18T18:33:15","slug":"salmarnir-129-kafli","status":"publish","type":"page","link":"https:\/\/biblian.is\/gudbrandsbiblia\/salmarnir-129-kafli\/","title":{"rendered":"S\u00e1lmarnir 129. kafli"},"content":{"rendered":"<p>CXXIX.<\/p>\n<p>Lofs\u00f6ngur \u00ed h\u00e1kornum.<\/p>\n<p>Oftsinnis \u00fe\u00e1 hafa \u00feeir m\u00f3tsta\u00f0i\u00f0 mig \u00ed fr\u00e1 barn\u00e6sku minni, \u0096 svo segi \u00cdsrael \u0096 <\/p>\n<p>\toftsinnis \u00fe\u00e1 hafa \u00feeir m\u00f3tsta\u00f0i\u00f0 mig \u00ed fr\u00e1 barn\u00e6sku minni en \u00fe\u00f3 hafa \u00feeir ekki yfirbuga\u00f0 mig.<\/p>\n<p>\t\u00c1 m\u00ednum hrygg hafa pl\u00f3gmennirnir pl\u00e6gt og sitt pl\u00f3gj\u00e1rn lengi dregi\u00f0.<\/p>\n<p>\tDrottinn, s\u00e1 e\u00f0 r\u00e9ttl\u00e1tur er, hefur h\u00e1lss\u00edlana hinna \u00f3gu\u00f0legu \u00ed sundurh\u00f6ggvi\u00f0.<\/p>\n<p>\tTil skammar ver\u00f0a \u00feeir og sn\u00faist aftur um h\u00e6l allir \u00feeir sem S\u00edon gramir eru.<\/p>\n<p>\tVer\u00f0i \u00feeir so sem grasi\u00f0 \u00e1 r\u00e6frum uppi hvert e\u00f0 visnar \u00e1\u00f0ur en \u00fea\u00f0 er uppslegi\u00f0,<\/p>\n<p>\t\u00fat af hverju a\u00f0 hann s\u00e1 e\u00f0 \u00fea\u00f0 uppsl\u00e6r fyllir ekki s\u00edna h\u00f6nd og ekki heldur hann sinn barm sem bindinin til samans bindur.<\/p>\n<p>\tOg \u00feeir e\u00f0 framhj\u00e1 ganga munu eigi segja: &#8222;Blessun Drottins s\u00e9 yfir y\u00f0ur, v\u00e9r blessum y\u00f0ur \u00ed nafni Drottins.&#8220;<\/p>\n","protected":false},"excerpt":{"rendered":"<p>CXXIX. Lofs\u00f6ngur \u00ed h\u00e1kornum. Oftsinnis \u00fe\u00e1 hafa \u00feeir m\u00f3tsta\u00f0i\u00f0 mig \u00ed fr\u00e1 barn\u00e6sku minni, \u0096 svo segi \u00cdsrael \u0096 oftsinnis \u00fe\u00e1 hafa \u00feeir m\u00f3tsta\u00f0i\u00f0 mig \u00ed fr\u00e1 barn\u00e6sku minni en \u00fe\u00f3 hafa \u00feeir ekki yfirbuga\u00f0 mig. \u00c1 m\u00ednum hrygg hafa pl\u00f3gmennirnir pl\u00e6gt og sitt pl\u00f3gj\u00e1rn lengi dregi\u00f0. Drottinn, s\u00e1 e\u00f0 r\u00e9ttl\u00e1tur er, hefur h\u00e1lss\u00edlana hinna \u00f3gu\u00f0legu \u00ed sundurh\u00f6ggvi\u00f0. Til skammar ver\u00f0a \u00feeir og sn\u00faist aftur um h\u00e6l allir \u00feeir sem S\u00edon gramir eru. Ver\u00f0i \u00feeir so sem grasi\u00f0 \u00e1 r\u00e6frum uppi hvert e\u00f0 visnar \u00e1\u00f0ur en \u00fea\u00f0 er uppslegi\u00f0, \u00fat af hverju a\u00f0 hann s\u00e1 e\u00f0 \u00fea\u00f0 uppsl\u00e6r fyllir ekki <a href=\"https:\/\/biblian.is\/gudbrandsbiblia\/salmarnir-129-kafli\/\"> [&#8230;]<\/a><\/p>\n","protected":false},"author":1,"featured_media":0,"parent":0,"menu_order":0,"comment_status":"open","ping_status":"open","template":"bibliukaflar.php","meta":{"footnotes":""},"class_list":["post-3301","page","type-page","status-publish","hentry"],"_links":{"self":[{"href":"https:\/\/biblian.is\/gudbrandsbiblia\/wp-json\/wp\/v2\/pages\/3301","targetHints":{"allow":["GET"]}}],"collection":[{"href":"https:\/\/biblian.is\/gudbrandsbiblia\/wp-json\/wp\/v2\/pages"}],"about":[{"href":"https:\/\/biblian.is\/gudbrandsbiblia\/wp-json\/wp\/v2\/types\/page"}],"author":[{"embeddable":true,"href":"https:\/\/biblian.is\/gudbrandsbiblia\/wp-json\/wp\/v2\/users\/1"}],"replies":[{"embeddable":true,"href":"https:\/\/biblian.is\/gudbrandsbiblia\/wp-json\/wp\/v2\/comments?post=3301"}],"version-history":[{"count":0,"href":"https:\/\/biblian.is\/gudbrandsbiblia\/wp-json\/wp\/v2\/pages\/3301\/revisions"}],"wp:attachment":[{"href":"https:\/\/biblian.is\/gudbrandsbiblia\/wp-json\/wp\/v2\/media?parent=3301"}],"curies":[{"name":"wp","href":"https:\/\/api.w.org\/{rel}","templated":true}]}}