{"id":3300,"date":"2017-12-18T18:33:15","date_gmt":"2017-12-18T18:33:15","guid":{"rendered":"http:\/\/biblian.is\/gudbrandsbiblia\/salmarnir-128-kafli\/"},"modified":"2017-12-18T18:33:15","modified_gmt":"2017-12-18T18:33:15","slug":"salmarnir-128-kafli","status":"publish","type":"page","link":"https:\/\/biblian.is\/gudbrandsbiblia\/salmarnir-128-kafli\/","title":{"rendered":"S\u00e1lmarnir 128. kafli"},"content":{"rendered":"<p>CXXVIII.<\/p>\n<p>Lofs\u00f6ngur \u00ed h\u00e1kornum.<\/p>\n<p>S\u00e6ll er s\u00e1 ma\u00f0ur sem \u00f3ttast Drottin og gengur \u00e1 hans vegum.<\/p>\n<p>\t\u00dat af erfi\u00f0i handa \u00feinna muntu n\u00e6ra \u00feig.<\/p>\n<p>\tS\u00e6ll ertu \u00feess og vel mun \u00fe\u00e9r ganga.<\/p>\n<p>\t\u00de\u00edn h\u00fasfreyja mun vera so sem \u00e1vaxtarsamur v\u00ednvi\u00f0ur umhverfis \u00feitt h\u00fas, \u00fe\u00edn b\u00f6rn so sem vi\u00f0smj\u00f6rsvi\u00f0arkvistir \u00ed kringum \u00feitt matbor\u00f0.<\/p>\n<p>\tSj\u00e1 \u00fe\u00fa, svo ver\u00f0ur s\u00e1 ma\u00f0ur blessa\u00f0ur sem hann \u00f3ttast Drottin.<\/p>\n<p>\tDrottinn mun blessa \u00feig \u00fat af S\u00edon svo a\u00f0 \u00fe\u00fa sj\u00e1ir au\u00f0leg\u00f0ina Jer\u00fasalem alla \u00fe\u00edna l\u00edfdaga<\/p>\n<p>\tog \u00fe\u00fa munt sj\u00e1 \u00fe\u00edn barnab\u00f6rn, fri\u00f0inn yfir \u00cdsrael.<\/p>\n","protected":false},"excerpt":{"rendered":"<p>CXXVIII. Lofs\u00f6ngur \u00ed h\u00e1kornum. S\u00e6ll er s\u00e1 ma\u00f0ur sem \u00f3ttast Drottin og gengur \u00e1 hans vegum. \u00dat af erfi\u00f0i handa \u00feinna muntu n\u00e6ra \u00feig. S\u00e6ll ertu \u00feess og vel mun \u00fe\u00e9r ganga. \u00de\u00edn h\u00fasfreyja mun vera so sem \u00e1vaxtarsamur v\u00ednvi\u00f0ur umhverfis \u00feitt h\u00fas, \u00fe\u00edn b\u00f6rn so sem vi\u00f0smj\u00f6rsvi\u00f0arkvistir \u00ed kringum \u00feitt matbor\u00f0. Sj\u00e1 \u00fe\u00fa, svo ver\u00f0ur s\u00e1 ma\u00f0ur blessa\u00f0ur sem hann \u00f3ttast Drottin. Drottinn mun blessa \u00feig \u00fat af S\u00edon svo a\u00f0 \u00fe\u00fa sj\u00e1ir au\u00f0leg\u00f0ina Jer\u00fasalem alla \u00fe\u00edna l\u00edfdaga og \u00fe\u00fa munt sj\u00e1 \u00fe\u00edn barnab\u00f6rn, fri\u00f0inn yfir \u00cdsrael.<\/p>\n","protected":false},"author":1,"featured_media":0,"parent":0,"menu_order":0,"comment_status":"open","ping_status":"open","template":"bibliukaflar.php","meta":{"footnotes":""},"class_list":["post-3300","page","type-page","status-publish","hentry"],"_links":{"self":[{"href":"https:\/\/biblian.is\/gudbrandsbiblia\/wp-json\/wp\/v2\/pages\/3300","targetHints":{"allow":["GET"]}}],"collection":[{"href":"https:\/\/biblian.is\/gudbrandsbiblia\/wp-json\/wp\/v2\/pages"}],"about":[{"href":"https:\/\/biblian.is\/gudbrandsbiblia\/wp-json\/wp\/v2\/types\/page"}],"author":[{"embeddable":true,"href":"https:\/\/biblian.is\/gudbrandsbiblia\/wp-json\/wp\/v2\/users\/1"}],"replies":[{"embeddable":true,"href":"https:\/\/biblian.is\/gudbrandsbiblia\/wp-json\/wp\/v2\/comments?post=3300"}],"version-history":[{"count":0,"href":"https:\/\/biblian.is\/gudbrandsbiblia\/wp-json\/wp\/v2\/pages\/3300\/revisions"}],"wp:attachment":[{"href":"https:\/\/biblian.is\/gudbrandsbiblia\/wp-json\/wp\/v2\/media?parent=3300"}],"curies":[{"name":"wp","href":"https:\/\/api.w.org\/{rel}","templated":true}]}}