{"id":3299,"date":"2017-12-18T18:33:15","date_gmt":"2017-12-18T18:33:15","guid":{"rendered":"http:\/\/biblian.is\/gudbrandsbiblia\/salmarnir-127-kafli\/"},"modified":"2017-12-18T18:33:15","modified_gmt":"2017-12-18T18:33:15","slug":"salmarnir-127-kafli","status":"publish","type":"page","link":"https:\/\/biblian.is\/gudbrandsbiblia\/salmarnir-127-kafli\/","title":{"rendered":"S\u00e1lmarnir 127. kafli"},"content":{"rendered":"<p>CXXVII.<\/p>\n<p>Lofs\u00f6ngur Salomonis \u00ed h\u00e1kornum.<\/p>\n<p>Nema \u00fea\u00f0 Drottinn uppbyggi h\u00fasi\u00f0 \u00fe\u00e1 erfi\u00f0a \u00feeir til einskis sem \u00fea\u00f0 uppbyggja.<\/p>\n<p>\tNema \u00fea\u00f0 Drottinn var\u00f0veiti borgina \u00fe\u00e1 vakir v\u00f6kuma\u00f0urinn til forgefins.<\/p>\n<p>\t\u00dea\u00f0 kemur til einskis a\u00f0 \u00fe\u00e9r snemma upp standi\u00f0 og \u00fear eftir \u00e1 lengi sitji\u00f0 og eti\u00f0 y\u00f0vart brau\u00f0 me\u00f0 hrygg\u00f0 \u00fev\u00ed a\u00f0 \u00fea\u00f0 gefur hann s\u00ednum \u00e1stvinum a\u00f0 \u00feeim sofandi.<\/p>\n<p>\tSj\u00e1, b\u00f6rnin eru ein <span class=\"athugasemd\" title=\"a \/ (G\u00e1fa) \/ \u00dea\u00f0 e, forgefins er a\u00f0 \u00fe\u00e9r \u00e6tli\u00f0 a\u00f0 \u00fe\u00e9r me\u00f0 y\u00f0ru erfi\u00f0i kunni\u00f0 \u00feetta a\u00f0 \u00fatvega. B\u00f6rnin sj\u00e1lf hverra vegna \u00fe\u00e9r erfi\u00f0i hafi\u00f0 eru ekki \u00ed y\u00f0ar valdi heldur eru \u00feau g\u00e1fa Gu\u00f0s\">[<\/span> g\u00e1fa Drottins og s\u00e1 \u00e1v\u00f6xtur kvi\u00f0arins er ein \u00e1stgj\u00f6f.<\/p>\n<p>\tL\u00edka sem \u00fea\u00f0 skeyti\u00f0 \u00ed \u00f6flugs manns hendi, eins \u00fe\u00e1 t\u00edngast \u00feau ungu b\u00f6rnin.<\/p>\n<p>\tS\u00e6ll er s\u00e1 sem sitt kofur hefur fullt af \u00feeim hinum s\u00f6mum, \u00feeir munu ekki til skammar ver\u00f0a n\u00e6r e\u00f0 \u00feeir eiga vi\u00f0ur s\u00edna \u00f3vini a\u00f0 \u00fereyta.<\/p>\n","protected":false},"excerpt":{"rendered":"<p>CXXVII. Lofs\u00f6ngur Salomonis \u00ed h\u00e1kornum. Nema \u00fea\u00f0 Drottinn uppbyggi h\u00fasi\u00f0 \u00fe\u00e1 erfi\u00f0a \u00feeir til einskis sem \u00fea\u00f0 uppbyggja. Nema \u00fea\u00f0 Drottinn var\u00f0veiti borgina \u00fe\u00e1 vakir v\u00f6kuma\u00f0urinn til forgefins. \u00dea\u00f0 kemur til einskis a\u00f0 \u00fe\u00e9r snemma upp standi\u00f0 og \u00fear eftir \u00e1 lengi sitji\u00f0 og eti\u00f0 y\u00f0vart brau\u00f0 me\u00f0 hrygg\u00f0 \u00fev\u00ed a\u00f0 \u00fea\u00f0 gefur hann s\u00ednum \u00e1stvinum a\u00f0 \u00feeim sofandi. Sj\u00e1, b\u00f6rnin eru ein [ g\u00e1fa Drottins og s\u00e1 \u00e1v\u00f6xtur kvi\u00f0arins er ein \u00e1stgj\u00f6f. L\u00edka sem \u00fea\u00f0 skeyti\u00f0 \u00ed \u00f6flugs manns hendi, eins \u00fe\u00e1 t\u00edngast \u00feau ungu b\u00f6rnin. S\u00e6ll er s\u00e1 sem sitt kofur hefur fullt af \u00feeim hinum s\u00f6mum, \u00feeir <a href=\"https:\/\/biblian.is\/gudbrandsbiblia\/salmarnir-127-kafli\/\"> [&#8230;]<\/a><\/p>\n","protected":false},"author":1,"featured_media":0,"parent":0,"menu_order":0,"comment_status":"open","ping_status":"open","template":"bibliukaflar.php","meta":{"footnotes":""},"class_list":["post-3299","page","type-page","status-publish","hentry"],"_links":{"self":[{"href":"https:\/\/biblian.is\/gudbrandsbiblia\/wp-json\/wp\/v2\/pages\/3299","targetHints":{"allow":["GET"]}}],"collection":[{"href":"https:\/\/biblian.is\/gudbrandsbiblia\/wp-json\/wp\/v2\/pages"}],"about":[{"href":"https:\/\/biblian.is\/gudbrandsbiblia\/wp-json\/wp\/v2\/types\/page"}],"author":[{"embeddable":true,"href":"https:\/\/biblian.is\/gudbrandsbiblia\/wp-json\/wp\/v2\/users\/1"}],"replies":[{"embeddable":true,"href":"https:\/\/biblian.is\/gudbrandsbiblia\/wp-json\/wp\/v2\/comments?post=3299"}],"version-history":[{"count":0,"href":"https:\/\/biblian.is\/gudbrandsbiblia\/wp-json\/wp\/v2\/pages\/3299\/revisions"}],"wp:attachment":[{"href":"https:\/\/biblian.is\/gudbrandsbiblia\/wp-json\/wp\/v2\/media?parent=3299"}],"curies":[{"name":"wp","href":"https:\/\/api.w.org\/{rel}","templated":true}]}}