{"id":3298,"date":"2017-12-18T18:33:15","date_gmt":"2017-12-18T18:33:15","guid":{"rendered":"http:\/\/biblian.is\/gudbrandsbiblia\/salmarnir-126-kafli\/"},"modified":"2017-12-18T18:33:15","modified_gmt":"2017-12-18T18:33:15","slug":"salmarnir-126-kafli","status":"publish","type":"page","link":"https:\/\/biblian.is\/gudbrandsbiblia\/salmarnir-126-kafli\/","title":{"rendered":"S\u00e1lmarnir 126. kafli"},"content":{"rendered":"<p>CXXVI.<\/p>\n<p>Lofs\u00f6ngur \u00ed h\u00e1kornum.<\/p>\n<p>\u00deegar e\u00f0 Drottinn leysir hina herteknu S\u00edon \u00fe\u00e1 munum v\u00e9r ver\u00f0a so sem \u00feeir e\u00f0 <span class=\"athugasemd\" title=\"a \/ S\u00e1 f\u00f6gnu\u00f0ur mun vera svo st\u00f3r a\u00f0 v\u00e9r f\u00e1um \u00fea\u00f0 varla tr\u00faa\u00f0 og oss mun \u00feykja svo sem hef\u00f0um v\u00e9r \u00fea\u00f0 \u00ed svefni s\u00e9\u00f0 og \u00fea\u00f0 v\u00e6ri ekki satt\">[<\/span> dreymir. <\/p>\n<p>\t\u00de\u00e1 mun vor munnur fullur af hl\u00e1tri og vor tunga full af gle\u00f0skap vera, \u00fe\u00e1 mun og sagt vera me\u00f0al hei\u00f0inna \u00fej\u00f3\u00f0a: &#8222;Drottinn hefur mikla d\u00e1semd hj\u00e1 \u00feeim gj\u00f6r\u00f0a.&#8220;<\/p>\n<p>\tDrottinn, hann hefur mikla d\u00e1semd hj\u00e1 oss gj\u00f6rt, \u00feess \u00fe\u00e1 erum v\u00e9r gla\u00f0ir or\u00f0nir.<\/p>\n<p>\tDrottinn, sn\u00fa \u00fe\u00fa vorri herlei\u00f0ingu l\u00edka sem a\u00f0 \u00fe\u00fa upp\u00feurrka\u00f0ir vatni\u00f0 \u00ed su\u00f0rinu.<\/p>\n<p>\t\u00deeir e\u00f0 me\u00f0 t\u00e1runum ni\u00f0urs\u00e1 munu me\u00f0 f\u00f6gnu\u00f0inum uppskera.<\/p>\n<p>\t\u00deeir ganga \u00fat gr\u00e1tandi og bera \u00e1g\u00e6tt s\u00e6\u00f0i og koma me\u00f0 fagna\u00f0i og bera s\u00edn bindini.<\/p>\n","protected":false},"excerpt":{"rendered":"<p>CXXVI. Lofs\u00f6ngur \u00ed h\u00e1kornum. \u00deegar e\u00f0 Drottinn leysir hina herteknu S\u00edon \u00fe\u00e1 munum v\u00e9r ver\u00f0a so sem \u00feeir e\u00f0 [ dreymir. \u00de\u00e1 mun vor munnur fullur af hl\u00e1tri og vor tunga full af gle\u00f0skap vera, \u00fe\u00e1 mun og sagt vera me\u00f0al hei\u00f0inna \u00fej\u00f3\u00f0a: &#8222;Drottinn hefur mikla d\u00e1semd hj\u00e1 \u00feeim gj\u00f6r\u00f0a.&#8220; Drottinn, hann hefur mikla d\u00e1semd hj\u00e1 oss gj\u00f6rt, \u00feess \u00fe\u00e1 erum v\u00e9r gla\u00f0ir or\u00f0nir. Drottinn, sn\u00fa \u00fe\u00fa vorri herlei\u00f0ingu l\u00edka sem a\u00f0 \u00fe\u00fa upp\u00feurrka\u00f0ir vatni\u00f0 \u00ed su\u00f0rinu. \u00deeir e\u00f0 me\u00f0 t\u00e1runum ni\u00f0urs\u00e1 munu me\u00f0 f\u00f6gnu\u00f0inum uppskera. \u00deeir ganga \u00fat gr\u00e1tandi og bera \u00e1g\u00e6tt s\u00e6\u00f0i og koma me\u00f0 fagna\u00f0i og bera <a href=\"https:\/\/biblian.is\/gudbrandsbiblia\/salmarnir-126-kafli\/\"> [&#8230;]<\/a><\/p>\n","protected":false},"author":1,"featured_media":0,"parent":0,"menu_order":0,"comment_status":"open","ping_status":"open","template":"bibliukaflar.php","meta":{"footnotes":""},"class_list":["post-3298","page","type-page","status-publish","hentry"],"_links":{"self":[{"href":"https:\/\/biblian.is\/gudbrandsbiblia\/wp-json\/wp\/v2\/pages\/3298","targetHints":{"allow":["GET"]}}],"collection":[{"href":"https:\/\/biblian.is\/gudbrandsbiblia\/wp-json\/wp\/v2\/pages"}],"about":[{"href":"https:\/\/biblian.is\/gudbrandsbiblia\/wp-json\/wp\/v2\/types\/page"}],"author":[{"embeddable":true,"href":"https:\/\/biblian.is\/gudbrandsbiblia\/wp-json\/wp\/v2\/users\/1"}],"replies":[{"embeddable":true,"href":"https:\/\/biblian.is\/gudbrandsbiblia\/wp-json\/wp\/v2\/comments?post=3298"}],"version-history":[{"count":0,"href":"https:\/\/biblian.is\/gudbrandsbiblia\/wp-json\/wp\/v2\/pages\/3298\/revisions"}],"wp:attachment":[{"href":"https:\/\/biblian.is\/gudbrandsbiblia\/wp-json\/wp\/v2\/media?parent=3298"}],"curies":[{"name":"wp","href":"https:\/\/api.w.org\/{rel}","templated":true}]}}