{"id":3296,"date":"2017-12-18T18:33:15","date_gmt":"2017-12-18T18:33:15","guid":{"rendered":"http:\/\/biblian.is\/gudbrandsbiblia\/salmarnir-124-kafli\/"},"modified":"2017-12-18T18:33:15","modified_gmt":"2017-12-18T18:33:15","slug":"salmarnir-124-kafli","status":"publish","type":"page","link":"https:\/\/biblian.is\/gudbrandsbiblia\/salmarnir-124-kafli\/","title":{"rendered":"S\u00e1lmarnir 124. kafli"},"content":{"rendered":"<p>CXXIIII.<\/p>\n<p>Lofs\u00f6ngur \u00ed h\u00e1kornum.<\/p>\n<p>Nema \u00fea\u00f0 Drottinn hef\u00f0i veri\u00f0 hj\u00e1 oss \u0096 so segi \u00cdsrael \u0096 <\/p>\n<p>\tnema \u00fea\u00f0 Drottinn hann hef\u00f0i veri\u00f0 hj\u00e1 oss n\u00e6r e\u00f0 mennirnir settu sig upp \u00ed m\u00f3ti oss<\/p>\n<p>\t\u00fe\u00e1 mundi \u00feeir hafa svelgt oss lifandi \u00ed sig, n\u00e6r e\u00f0 \u00feeirra grimmdarrei\u00f0i h\u00fan geisa\u00f0i yfir oss.<\/p>\n<p>\t\u00de\u00e1 hef\u00f0i vatni\u00f0 drekkt oss, straumarnir hef\u00f0u \u00e1 gengi\u00f0 upp yfir vora s\u00e1l,<\/p>\n<p>\t\u00fe\u00e1 hef\u00f0i v\u00f6tnin gengi\u00f0 of dj\u00fapt, yfir vorar s\u00e1lir.<\/p>\n<p>\tLofa\u00f0ur s\u00e9 Drottinn \u00fea\u00f0 hann gaf oss ekki til vei\u00f0ibr\u00e1\u00f0ar \u00ed \u00feeirra tennur.<\/p>\n<p>\tS\u00e1la vor er burt sloppin l\u00edka sem fugl \u00fat af vei\u00f0imannsins sn\u00f6ru svo \u00fea\u00f0 snaran er sundurslitin og v\u00e9r \u00fea\u00f0an \u00ed burt leystir.<\/p>\n<p>\tVor hj\u00e1lp er \u00ed nafni Drottins \u00feess sem gj\u00f6rt hefur himin og j\u00f6r\u00f0.<\/p>\n","protected":false},"excerpt":{"rendered":"<p>CXXIIII. Lofs\u00f6ngur \u00ed h\u00e1kornum. Nema \u00fea\u00f0 Drottinn hef\u00f0i veri\u00f0 hj\u00e1 oss \u0096 so segi \u00cdsrael \u0096 nema \u00fea\u00f0 Drottinn hann hef\u00f0i veri\u00f0 hj\u00e1 oss n\u00e6r e\u00f0 mennirnir settu sig upp \u00ed m\u00f3ti oss \u00fe\u00e1 mundi \u00feeir hafa svelgt oss lifandi \u00ed sig, n\u00e6r e\u00f0 \u00feeirra grimmdarrei\u00f0i h\u00fan geisa\u00f0i yfir oss. \u00de\u00e1 hef\u00f0i vatni\u00f0 drekkt oss, straumarnir hef\u00f0u \u00e1 gengi\u00f0 upp yfir vora s\u00e1l, \u00fe\u00e1 hef\u00f0i v\u00f6tnin gengi\u00f0 of dj\u00fapt, yfir vorar s\u00e1lir. Lofa\u00f0ur s\u00e9 Drottinn \u00fea\u00f0 hann gaf oss ekki til vei\u00f0ibr\u00e1\u00f0ar \u00ed \u00feeirra tennur. S\u00e1la vor er burt sloppin l\u00edka sem fugl \u00fat af vei\u00f0imannsins sn\u00f6ru svo \u00fea\u00f0 snaran <a href=\"https:\/\/biblian.is\/gudbrandsbiblia\/salmarnir-124-kafli\/\"> [&#8230;]<\/a><\/p>\n","protected":false},"author":1,"featured_media":0,"parent":0,"menu_order":0,"comment_status":"open","ping_status":"open","template":"bibliukaflar.php","meta":{"footnotes":""},"class_list":["post-3296","page","type-page","status-publish","hentry"],"_links":{"self":[{"href":"https:\/\/biblian.is\/gudbrandsbiblia\/wp-json\/wp\/v2\/pages\/3296","targetHints":{"allow":["GET"]}}],"collection":[{"href":"https:\/\/biblian.is\/gudbrandsbiblia\/wp-json\/wp\/v2\/pages"}],"about":[{"href":"https:\/\/biblian.is\/gudbrandsbiblia\/wp-json\/wp\/v2\/types\/page"}],"author":[{"embeddable":true,"href":"https:\/\/biblian.is\/gudbrandsbiblia\/wp-json\/wp\/v2\/users\/1"}],"replies":[{"embeddable":true,"href":"https:\/\/biblian.is\/gudbrandsbiblia\/wp-json\/wp\/v2\/comments?post=3296"}],"version-history":[{"count":0,"href":"https:\/\/biblian.is\/gudbrandsbiblia\/wp-json\/wp\/v2\/pages\/3296\/revisions"}],"wp:attachment":[{"href":"https:\/\/biblian.is\/gudbrandsbiblia\/wp-json\/wp\/v2\/media?parent=3296"}],"curies":[{"name":"wp","href":"https:\/\/api.w.org\/{rel}","templated":true}]}}