{"id":3295,"date":"2017-12-18T18:33:15","date_gmt":"2017-12-18T18:33:15","guid":{"rendered":"http:\/\/biblian.is\/gudbrandsbiblia\/salmarnir-123-kafli\/"},"modified":"2017-12-18T18:33:15","modified_gmt":"2017-12-18T18:33:15","slug":"salmarnir-123-kafli","status":"publish","type":"page","link":"https:\/\/biblian.is\/gudbrandsbiblia\/salmarnir-123-kafli\/","title":{"rendered":"S\u00e1lmarnir 123. kafli"},"content":{"rendered":"<p>CXXIII.<\/p>\n<p>Lofs\u00f6ngur \u00ed h\u00e1kornum.<\/p>\n<p>Til \u00fe\u00edn upphef eg m\u00edn augu, \u00fe\u00fa sem b\u00fdr \u00e1 himnum uppi.<\/p>\n<p>\tSj\u00e1 \u00fe\u00fa, l\u00edka svo sem \u00fea\u00f0 augun \u00fe\u00e9naranna horfa upp \u00e1 hendur sinna l\u00e1nardrottna, svo sem \u00fea\u00f0 augun \u00fej\u00f3nustukvinnunnar horfa upp \u00e1 hendur sinnar matm\u00f3\u00f0ur, l\u00edka so horfa vor augu upp \u00e1 Drottin Gu\u00f0 vorn \u00feanga\u00f0 til hann miskunnar oss.<\/p>\n<p>\tVertu oss miskunnsamur, Drottinn, vertu oss miskunnsamur \u00fev\u00ed a\u00f0 v\u00e9r erum mj\u00f6g hla\u00f0nir af forsm\u00e1n.<\/p>\n<p>\tHarla mj\u00f6g er s\u00e1l m\u00edn uppfylld \u00fat af spotti drambsamra og fyrirlitningu drambl\u00e1tra.<\/p>\n","protected":false},"excerpt":{"rendered":"<p>CXXIII. Lofs\u00f6ngur \u00ed h\u00e1kornum. Til \u00fe\u00edn upphef eg m\u00edn augu, \u00fe\u00fa sem b\u00fdr \u00e1 himnum uppi. Sj\u00e1 \u00fe\u00fa, l\u00edka svo sem \u00fea\u00f0 augun \u00fe\u00e9naranna horfa upp \u00e1 hendur sinna l\u00e1nardrottna, svo sem \u00fea\u00f0 augun \u00fej\u00f3nustukvinnunnar horfa upp \u00e1 hendur sinnar matm\u00f3\u00f0ur, l\u00edka so horfa vor augu upp \u00e1 Drottin Gu\u00f0 vorn \u00feanga\u00f0 til hann miskunnar oss. Vertu oss miskunnsamur, Drottinn, vertu oss miskunnsamur \u00fev\u00ed a\u00f0 v\u00e9r erum mj\u00f6g hla\u00f0nir af forsm\u00e1n. Harla mj\u00f6g er s\u00e1l m\u00edn uppfylld \u00fat af spotti drambsamra og fyrirlitningu drambl\u00e1tra.<\/p>\n","protected":false},"author":1,"featured_media":0,"parent":0,"menu_order":0,"comment_status":"open","ping_status":"open","template":"bibliukaflar.php","meta":{"footnotes":""},"class_list":["post-3295","page","type-page","status-publish","hentry"],"_links":{"self":[{"href":"https:\/\/biblian.is\/gudbrandsbiblia\/wp-json\/wp\/v2\/pages\/3295","targetHints":{"allow":["GET"]}}],"collection":[{"href":"https:\/\/biblian.is\/gudbrandsbiblia\/wp-json\/wp\/v2\/pages"}],"about":[{"href":"https:\/\/biblian.is\/gudbrandsbiblia\/wp-json\/wp\/v2\/types\/page"}],"author":[{"embeddable":true,"href":"https:\/\/biblian.is\/gudbrandsbiblia\/wp-json\/wp\/v2\/users\/1"}],"replies":[{"embeddable":true,"href":"https:\/\/biblian.is\/gudbrandsbiblia\/wp-json\/wp\/v2\/comments?post=3295"}],"version-history":[{"count":0,"href":"https:\/\/biblian.is\/gudbrandsbiblia\/wp-json\/wp\/v2\/pages\/3295\/revisions"}],"wp:attachment":[{"href":"https:\/\/biblian.is\/gudbrandsbiblia\/wp-json\/wp\/v2\/media?parent=3295"}],"curies":[{"name":"wp","href":"https:\/\/api.w.org\/{rel}","templated":true}]}}