{"id":3294,"date":"2017-12-18T18:33:15","date_gmt":"2017-12-18T18:33:15","guid":{"rendered":"http:\/\/biblian.is\/gudbrandsbiblia\/salmarnir-122-kafli\/"},"modified":"2017-12-18T18:33:15","modified_gmt":"2017-12-18T18:33:15","slug":"salmarnir-122-kafli","status":"publish","type":"page","link":"https:\/\/biblian.is\/gudbrandsbiblia\/salmarnir-122-kafli\/","title":{"rendered":"S\u00e1lmarnir 122. kafli"},"content":{"rendered":"<p>CXXII.<\/p>\n<p>Lofs\u00f6ngur \u00ed h\u00e1korninu.<\/p>\n<p>Af \u00fev\u00ed \u00fe\u00e1 gle\u00f0 eg mig \u00fea\u00f0 til m\u00edn er sagt: &#8222;V\u00e9r skulum innganga \u00ed <span class=\"athugasemd\" title=\"a \/ \u00dear e\u00f0 Gu\u00f0s or\u00f0 heyrist og kennist, \u00fear e\u00f0 Gu\u00f0 b\u00fdr og hans heimili er, af sl\u00edku er vel ver\u00f0ugt a\u00f0 gle\u00f0jast\">[<\/span> h\u00fas Drottins&#8220;<\/p>\n<p>\tog \u00fea\u00f0 vorir f\u00e6tur munu standa \u00ed \u00fe\u00ednum fordyrum, Jer\u00fasalem.<\/p>\n<p>\tJer\u00fasalem er uppbygg\u00f0 \u00fea\u00f0 h\u00fan s\u00e9 ein borg \u00fear e\u00f0 menn eiga til samans a\u00f0 koma,<\/p>\n<p>\t\u00fear e\u00f0 kynkv\u00edslirnar skulu uppganga, einkum kynkv\u00edslir Drottins, tl a\u00f0 pr\u00e9dika \u00cdsraelsf\u00f3lki, til a\u00f0 \u00feakka nafninu Drottins.<\/p>\n<p>\t\u00dev\u00ed a\u00f0 \u00fear \u00ed \u00feeim sta\u00f0 sitja d\u00f3mst\u00f3larnir, st\u00f3larnir h\u00fassins Dav\u00ed\u00f0s.<\/p>\n<p>\t\u00d3ski\u00f0 Jer\u00fasalem \u00feess sem g\u00e6fusamlegt er, \u00fea\u00f0 \u00feeim gengi vel sem elska \u00feig.<\/p>\n<p>\tFri\u00f0ur \u00fe\u00e1 s\u00e9 hi\u00f0 innra innan \u00feinna m\u00farveggja og g\u00e6fa \u00ed \u00fe\u00ednum herbergjum.<\/p>\n<p>\tFyrir minna br\u00e6\u00f0ra og n\u00e1unga sakir vil eg \u00fe\u00e9r <span class=\"athugasemd\" title=\"sword Fars\u00e6ll\">[<\/span> fri\u00f0arins bi\u00f0ja.<\/p>\n<p>\tFyrir h\u00fassins sakir Drottins Gu\u00f0s vors vil eg leita \u00fe\u00edns besta.<\/p>\n","protected":false},"excerpt":{"rendered":"<p>CXXII. Lofs\u00f6ngur \u00ed h\u00e1korninu. Af \u00fev\u00ed \u00fe\u00e1 gle\u00f0 eg mig \u00fea\u00f0 til m\u00edn er sagt: &#8222;V\u00e9r skulum innganga \u00ed [ h\u00fas Drottins&#8220; og \u00fea\u00f0 vorir f\u00e6tur munu standa \u00ed \u00fe\u00ednum fordyrum, Jer\u00fasalem. Jer\u00fasalem er uppbygg\u00f0 \u00fea\u00f0 h\u00fan s\u00e9 ein borg \u00fear e\u00f0 menn eiga til samans a\u00f0 koma, \u00fear e\u00f0 kynkv\u00edslirnar skulu uppganga, einkum kynkv\u00edslir Drottins, tl a\u00f0 pr\u00e9dika \u00cdsraelsf\u00f3lki, til a\u00f0 \u00feakka nafninu Drottins. \u00dev\u00ed a\u00f0 \u00fear \u00ed \u00feeim sta\u00f0 sitja d\u00f3mst\u00f3larnir, st\u00f3larnir h\u00fassins Dav\u00ed\u00f0s. \u00d3ski\u00f0 Jer\u00fasalem \u00feess sem g\u00e6fusamlegt er, \u00fea\u00f0 \u00feeim gengi vel sem elska \u00feig. Fri\u00f0ur \u00fe\u00e1 s\u00e9 hi\u00f0 innra innan \u00feinna m\u00farveggja og g\u00e6fa \u00ed <a href=\"https:\/\/biblian.is\/gudbrandsbiblia\/salmarnir-122-kafli\/\"> [&#8230;]<\/a><\/p>\n","protected":false},"author":1,"featured_media":0,"parent":0,"menu_order":0,"comment_status":"open","ping_status":"open","template":"bibliukaflar.php","meta":{"footnotes":""},"class_list":["post-3294","page","type-page","status-publish","hentry"],"_links":{"self":[{"href":"https:\/\/biblian.is\/gudbrandsbiblia\/wp-json\/wp\/v2\/pages\/3294","targetHints":{"allow":["GET"]}}],"collection":[{"href":"https:\/\/biblian.is\/gudbrandsbiblia\/wp-json\/wp\/v2\/pages"}],"about":[{"href":"https:\/\/biblian.is\/gudbrandsbiblia\/wp-json\/wp\/v2\/types\/page"}],"author":[{"embeddable":true,"href":"https:\/\/biblian.is\/gudbrandsbiblia\/wp-json\/wp\/v2\/users\/1"}],"replies":[{"embeddable":true,"href":"https:\/\/biblian.is\/gudbrandsbiblia\/wp-json\/wp\/v2\/comments?post=3294"}],"version-history":[{"count":0,"href":"https:\/\/biblian.is\/gudbrandsbiblia\/wp-json\/wp\/v2\/pages\/3294\/revisions"}],"wp:attachment":[{"href":"https:\/\/biblian.is\/gudbrandsbiblia\/wp-json\/wp\/v2\/media?parent=3294"}],"curies":[{"name":"wp","href":"https:\/\/api.w.org\/{rel}","templated":true}]}}