{"id":3292,"date":"2017-12-18T18:33:11","date_gmt":"2017-12-18T18:33:11","guid":{"rendered":"http:\/\/biblian.is\/gudbrandsbiblia\/salmarnir-120-kafli\/"},"modified":"2017-12-18T18:33:11","modified_gmt":"2017-12-18T18:33:11","slug":"salmarnir-120-kafli","status":"publish","type":"page","link":"https:\/\/biblian.is\/gudbrandsbiblia\/salmarnir-120-kafli\/","title":{"rendered":"S\u00e1lmarnir 120. kafli"},"content":{"rendered":"<p>CXX.<\/p>\n<p>Lofs\u00f6ngur \u00ed h\u00e1kornum.<\/p>\n<p>Eg kalla til Drottins \u00ed minni ney\u00f0 og hann b\u00e6nheyrir mig.<\/p>\n<p>\tDrottinn, frelsa \u00fe\u00fa m\u00edna s\u00e1lu \u00ed fr\u00e1 \u00feeim lygigj\u00f6rnu munnsins v\u00f6rum og \u00ed fr\u00e1 \u00feeim f\u00f6lskum tungum.<\/p>\n<p>\tHva\u00f0 kann \u00fe\u00e9r s\u00fa falskleg tunga a\u00f0 gj\u00f6ra og hverju f\u00e6r h\u00fan til vegar komi\u00f0?<\/p>\n<p>\tH\u00fan er svo sem h\u00e1rhvasst skeyti hins volduga, l\u00edka sem eldur \u00ed einum <span class=\"athugasemd\" title=\"a \/ Eldur \u00ed einiberjavi\u00f0i kviknar skj\u00f3tt og logar mj\u00f6g \u00fev\u00ed \u00fea\u00f0 tr\u00e9 er feitt og er \u00fev\u00ed eldn\u00e6mst. Svo kviknar og villul\u00e6rd\u00f3mur skj\u00f3tlega og \u00fatberst og breikkast au\u00f0veldlega\">[<\/span> einberjavi\u00f0i.<\/p>\n<p>\tAv\u00ed mig, \u00fea\u00f0 eg em framandi \u00ed bland Mesek og hl\u00fdt a\u00f0 byggja me\u00f0al tjaldb\u00fa\u00f0a Kedar!<\/p>\n<p>\t\u00dea\u00f0 mun s\u00e1lu minni helst til langt \u00feykja a\u00f0 byggja hj\u00e1 \u00feeim sem fri\u00f0inn hata.<\/p>\n<p>\tEg em fri\u00f0samur en n\u00e6r e\u00f0 eg tala \u00fe\u00e1 hefja \u00feeir upp \u00f3fri\u00f0.<\/p>\n","protected":false},"excerpt":{"rendered":"<p>CXX. Lofs\u00f6ngur \u00ed h\u00e1kornum. Eg kalla til Drottins \u00ed minni ney\u00f0 og hann b\u00e6nheyrir mig. Drottinn, frelsa \u00fe\u00fa m\u00edna s\u00e1lu \u00ed fr\u00e1 \u00feeim lygigj\u00f6rnu munnsins v\u00f6rum og \u00ed fr\u00e1 \u00feeim f\u00f6lskum tungum. Hva\u00f0 kann \u00fe\u00e9r s\u00fa falskleg tunga a\u00f0 gj\u00f6ra og hverju f\u00e6r h\u00fan til vegar komi\u00f0? H\u00fan er svo sem h\u00e1rhvasst skeyti hins volduga, l\u00edka sem eldur \u00ed einum [ einberjavi\u00f0i. Av\u00ed mig, \u00fea\u00f0 eg em framandi \u00ed bland Mesek og hl\u00fdt a\u00f0 byggja me\u00f0al tjaldb\u00fa\u00f0a Kedar! \u00dea\u00f0 mun s\u00e1lu minni helst til langt \u00feykja a\u00f0 byggja hj\u00e1 \u00feeim sem fri\u00f0inn hata. Eg em fri\u00f0samur en n\u00e6r e\u00f0 eg <a href=\"https:\/\/biblian.is\/gudbrandsbiblia\/salmarnir-120-kafli\/\"> [&#8230;]<\/a><\/p>\n","protected":false},"author":1,"featured_media":0,"parent":0,"menu_order":0,"comment_status":"open","ping_status":"open","template":"bibliukaflar.php","meta":{"footnotes":""},"class_list":["post-3292","page","type-page","status-publish","hentry"],"_links":{"self":[{"href":"https:\/\/biblian.is\/gudbrandsbiblia\/wp-json\/wp\/v2\/pages\/3292","targetHints":{"allow":["GET"]}}],"collection":[{"href":"https:\/\/biblian.is\/gudbrandsbiblia\/wp-json\/wp\/v2\/pages"}],"about":[{"href":"https:\/\/biblian.is\/gudbrandsbiblia\/wp-json\/wp\/v2\/types\/page"}],"author":[{"embeddable":true,"href":"https:\/\/biblian.is\/gudbrandsbiblia\/wp-json\/wp\/v2\/users\/1"}],"replies":[{"embeddable":true,"href":"https:\/\/biblian.is\/gudbrandsbiblia\/wp-json\/wp\/v2\/comments?post=3292"}],"version-history":[{"count":0,"href":"https:\/\/biblian.is\/gudbrandsbiblia\/wp-json\/wp\/v2\/pages\/3292\/revisions"}],"wp:attachment":[{"href":"https:\/\/biblian.is\/gudbrandsbiblia\/wp-json\/wp\/v2\/media?parent=3292"}],"curies":[{"name":"wp","href":"https:\/\/api.w.org\/{rel}","templated":true}]}}