{"id":3290,"date":"2017-12-18T18:33:11","date_gmt":"2017-12-18T18:33:11","guid":{"rendered":"http:\/\/biblian.is\/gudbrandsbiblia\/salmarnir-118-kafli\/"},"modified":"2017-12-18T18:33:11","modified_gmt":"2017-12-18T18:33:11","slug":"salmarnir-118-kafli","status":"publish","type":"page","link":"https:\/\/biblian.is\/gudbrandsbiblia\/salmarnir-118-kafli\/","title":{"rendered":"S\u00e1lmarnir 118. kafli"},"content":{"rendered":"<p>CXVIII.<\/p>\n<p>\u00deakki \u00fe\u00e9r Drottni \u00fev\u00ed a\u00f0 hann er g\u00f3\u00f0ur og hans miskunnsemi varir eil\u00edflegana. <span class=\"athugasemd\" title=\"S\u00e1l. 106. 107. 136\">[<\/span> <\/p>\n<p>\t\u00dea\u00f0 segi n\u00fa \u00cdsrael:<\/p>\n<p>\tHans miskunn varir eil\u00edflegana,<\/p>\n<p>\t\u00fea\u00f0 segi n\u00fa h\u00fasi\u00f0 Aron:<\/p>\n<p>\tHans miskunnsemi varir eil\u00edflegana.<\/p>\n<p>\t\u00deeir sem \u00f3ttast Drottinn segi \u00fea\u00f0:<\/p>\n<p>\tHans miskunnsemi varir eil\u00edflegana.<\/p>\n<p>\t\u00dat \u00ed h\u00f6rmunginni \u00e1kalla\u00f0i eg Drottin og Drottinn b\u00e6nheyr\u00f0i mig og veitti m\u00e9r huggun.<\/p>\n<p>\tDrottinn er me\u00f0ur m\u00e9r, \u00fear fyrir hr\u00e6\u00f0umst eg ekki, hva\u00f0 mega m\u00e9r mennirnir gj\u00f6ra? <span class=\"athugasemd\" title=\"J\u00f3s. 1 \/ Ebre. 13 \/ S\u00e1l. 56\">[<\/span> <\/p>\n<p>\tDrottinn er me\u00f0 m\u00e9r m\u00e9r til hj\u00e1lpar og eg mun sj\u00e1 m\u00edna lysting \u00e1 \u00f3vinum m\u00ednum.<\/p>\n<p>\tGott er \u00fea\u00f0 a\u00f0 treysta upp \u00e1 Drottin og vona ekki upp \u00e1 mennina.<\/p>\n<p>\tGott er a\u00f0 treysta upp \u00e1 Drottin og vona ekki upp \u00e1 h\u00f6f\u00f0ingjana. <span class=\"athugasemd\" title=\"Jere. 17 \/ S\u00e1l. 146\">[<\/span> \t<\/p>\n<p>\tAllir hei\u00f0ingjarnir umkringdu mig en \u00ed nafni Drottins \u00fe\u00e1 mun eg fyrirkoma \u00feeim.<\/p>\n<p>\t\u00deeir umkringja mig \u00f6llumegin en \u00ed nafni Drottins vil eg fyrirkoma \u00feeim.<\/p>\n<p>\t\u00deeir umkringja mig l\u00edka sem b\u00fdflugur, \u00feeir <span class=\"athugasemd\" title=\"a \/ \u00dea\u00f0 er, \u00feeir hlaupa allir a\u00f0 \u00fatsl\u00f6kkva svo sem a\u00f0 mundi ver\u00f6ldin brenna af m\u00ednum l\u00e6rd\u00f3mi, enginn vill vera s\u00edstur\">[<\/span> kefja so sem eld \u00ed \u00feyrniklungrum en \u00ed nafni Drottins \u00fe\u00e1 vil eg fyrirkoma \u00feeim.<\/p>\n<p>\t\u00deeir hrinda m\u00e9r \u00fea\u00f0 eg skuli falla en Drottinn hann hj\u00e1lpa\u00f0i m\u00e9r.<\/p>\n<p>\tDrottinn hann er minn styrkur og minn lofs\u00e1lmur og hann er mitt hj\u00e1lpr\u00e6\u00f0i. <span class=\"athugasemd\" title=\"Exod. 15\">[<\/span> <\/p>\n<p>\tMenn syngja me\u00f0 fagna\u00f0i af sigrinum \u00ed tjaldb\u00fa\u00f0um r\u00e9ttfer\u00f0ugra, h\u00e6gri h\u00f6ndin Drottins b\u00edheldur sigrinum.<\/p>\n<p>\tHin h\u00e6gri h\u00f6nd Drottins er upphafin, hin h\u00e6gri h\u00f6nd Drottins b\u00edheldur sigrinum.<\/p>\n<p>\tEg mun ei deyja heldur lifa og kunngj\u00f6ra verkin Drottins.<\/p>\n<p>\tDrottinn hann tyftar mig a\u00f0 v\u00edsu en hann yfirgefur mig ekki dau\u00f0anum.<\/p>\n<p>\tUppl\u00faki\u00f0 fyrir m\u00e9r dyrum r\u00e9ttl\u00e6tisins svo a\u00f0 eg gangi \u00fear inn og Drottni \u00feakkir gj\u00f6ri.<\/p>\n<p>\t\u00deetta eru \u00fe\u00e6r dyr Drottins sem hinir r\u00e9ttfer\u00f0ugu skulu innganga.<\/p>\n<p>\tEg \u00feakka \u00fe\u00e9r \u00fea\u00f0 \u00fe\u00fa l\u00edtill\u00e6ttir mig og hj\u00e1lpa\u00f0ir m\u00e9r.<\/p>\n<p>\tS\u00e1 steinninn sem uppbyggendur forl\u00f6g\u00f0u hann er vor\u00f0inn a\u00f0 hyrningarsteini. <span class=\"athugasemd\" title=\"Esa. 28 \/ Math. 21\">[<\/span> <\/p>\n<p>\t\u00dea\u00f0 hi\u00f0 sama er ske\u00f0 af Drottni og er undarlegt fyrir vorum augum. <span class=\"athugasemd\" title=\"Act. 4 \/ R\u00f3m. 9\">[<\/span> <\/p>\n<p>\t\u00deetta er s\u00e1 dagurinn hvern Drottinn gj\u00f6r\u00f0i, l\u00e1tum oss fagna og verum gla\u00f0ir \u00e1 \u00feeim hinum sama.<\/p>\n<p>\t\u00d3 Drottinn, hj\u00e1lpa \u00fe\u00fa, \u00f3 Drottinn, l\u00e1ttu \u00fea\u00f0 vel lukkast! <span class=\"athugasemd\" title=\"Math. 21 \/ Mar. 11 \/ J\u00f3h. 12\">[<\/span> <\/p>\n<p>\tBlessa\u00f0ur s\u00e9 s\u00e1 sem a\u00f0 kemur \u00ed nafni Drottins, v\u00e9r blessum y\u00f0ur, \u00fe\u00e9r sem eru\u00f0 af h\u00fasi Drottins.<\/p>\n<p>\tDrottinn er s\u00e1 Gu\u00f0 s\u00e1 e\u00f0 oss uppl\u00fdsir, pr\u00fd\u00f0i\u00f0 h\u00e1t\u00ed\u00f0ina me\u00f0 bl\u00f3mstrum allt a\u00f0 hornum altarisins.<\/p>\n<p>\t\u00de\u00fa ert minn Gu\u00f0 og eg \u00feakka \u00fe\u00e9r, minn Gu\u00f0, eg vil pr\u00edsa \u00feig.<\/p>\n<p>\t\u00deakki \u00fe\u00e9r Drottni \u00fev\u00ed a\u00f0 hann er g\u00f3\u00f0ur og hans miskunnsemi varir eil\u00edflegana.<\/p>\n","protected":false},"excerpt":{"rendered":"<p>CXVIII. \u00deakki \u00fe\u00e9r Drottni \u00fev\u00ed a\u00f0 hann er g\u00f3\u00f0ur og hans miskunnsemi varir eil\u00edflegana. [ \u00dea\u00f0 segi n\u00fa \u00cdsrael: Hans miskunn varir eil\u00edflegana, \u00fea\u00f0 segi n\u00fa h\u00fasi\u00f0 Aron: Hans miskunnsemi varir eil\u00edflegana. \u00deeir sem \u00f3ttast Drottinn segi \u00fea\u00f0: Hans miskunnsemi varir eil\u00edflegana. \u00dat \u00ed h\u00f6rmunginni \u00e1kalla\u00f0i eg Drottin og Drottinn b\u00e6nheyr\u00f0i mig og veitti m\u00e9r huggun. Drottinn er me\u00f0ur m\u00e9r, \u00fear fyrir hr\u00e6\u00f0umst eg ekki, hva\u00f0 mega m\u00e9r mennirnir gj\u00f6ra? [ Drottinn er me\u00f0 m\u00e9r m\u00e9r til hj\u00e1lpar og eg mun sj\u00e1 m\u00edna lysting \u00e1 \u00f3vinum m\u00ednum. Gott er \u00fea\u00f0 a\u00f0 treysta upp \u00e1 Drottin og vona ekki upp \u00e1 <a href=\"https:\/\/biblian.is\/gudbrandsbiblia\/salmarnir-118-kafli\/\"> [&#8230;]<\/a><\/p>\n","protected":false},"author":1,"featured_media":0,"parent":0,"menu_order":0,"comment_status":"open","ping_status":"open","template":"bibliukaflar.php","meta":{"footnotes":""},"class_list":["post-3290","page","type-page","status-publish","hentry"],"_links":{"self":[{"href":"https:\/\/biblian.is\/gudbrandsbiblia\/wp-json\/wp\/v2\/pages\/3290","targetHints":{"allow":["GET"]}}],"collection":[{"href":"https:\/\/biblian.is\/gudbrandsbiblia\/wp-json\/wp\/v2\/pages"}],"about":[{"href":"https:\/\/biblian.is\/gudbrandsbiblia\/wp-json\/wp\/v2\/types\/page"}],"author":[{"embeddable":true,"href":"https:\/\/biblian.is\/gudbrandsbiblia\/wp-json\/wp\/v2\/users\/1"}],"replies":[{"embeddable":true,"href":"https:\/\/biblian.is\/gudbrandsbiblia\/wp-json\/wp\/v2\/comments?post=3290"}],"version-history":[{"count":0,"href":"https:\/\/biblian.is\/gudbrandsbiblia\/wp-json\/wp\/v2\/pages\/3290\/revisions"}],"wp:attachment":[{"href":"https:\/\/biblian.is\/gudbrandsbiblia\/wp-json\/wp\/v2\/media?parent=3290"}],"curies":[{"name":"wp","href":"https:\/\/api.w.org\/{rel}","templated":true}]}}