{"id":3289,"date":"2017-12-18T18:33:11","date_gmt":"2017-12-18T18:33:11","guid":{"rendered":"http:\/\/biblian.is\/gudbrandsbiblia\/salmarnir-117-kafli\/"},"modified":"2017-12-18T18:33:11","modified_gmt":"2017-12-18T18:33:11","slug":"salmarnir-117-kafli","status":"publish","type":"page","link":"https:\/\/biblian.is\/gudbrandsbiblia\/salmarnir-117-kafli\/","title":{"rendered":"S\u00e1lmarnir 117. kafli"},"content":{"rendered":"<p>CXVII.<\/p>\n<p>Lofi\u00f0 Drottin, allar \u00fej\u00f3\u00f0ir, pr\u00edsi\u00f0 hann, allir l\u00fd\u00f0ir <span class=\"athugasemd\" title=\"R\u00f3m. 15 \/ J\u00f3h. 12\">[<\/span> <\/p>\n<p>\t\u00fev\u00ed a\u00f0 hans miskunnsemi og sannleikur er sta\u00f0festur yfir oss eil\u00edflegana. Halel\u00faja.<\/p>\n","protected":false},"excerpt":{"rendered":"<p>CXVII. Lofi\u00f0 Drottin, allar \u00fej\u00f3\u00f0ir, pr\u00edsi\u00f0 hann, allir l\u00fd\u00f0ir [ \u00fev\u00ed a\u00f0 hans miskunnsemi og sannleikur er sta\u00f0festur yfir oss eil\u00edflegana. Halel\u00faja.<\/p>\n","protected":false},"author":1,"featured_media":0,"parent":0,"menu_order":0,"comment_status":"open","ping_status":"open","template":"bibliukaflar.php","meta":{"footnotes":""},"class_list":["post-3289","page","type-page","status-publish","hentry"],"_links":{"self":[{"href":"https:\/\/biblian.is\/gudbrandsbiblia\/wp-json\/wp\/v2\/pages\/3289","targetHints":{"allow":["GET"]}}],"collection":[{"href":"https:\/\/biblian.is\/gudbrandsbiblia\/wp-json\/wp\/v2\/pages"}],"about":[{"href":"https:\/\/biblian.is\/gudbrandsbiblia\/wp-json\/wp\/v2\/types\/page"}],"author":[{"embeddable":true,"href":"https:\/\/biblian.is\/gudbrandsbiblia\/wp-json\/wp\/v2\/users\/1"}],"replies":[{"embeddable":true,"href":"https:\/\/biblian.is\/gudbrandsbiblia\/wp-json\/wp\/v2\/comments?post=3289"}],"version-history":[{"count":0,"href":"https:\/\/biblian.is\/gudbrandsbiblia\/wp-json\/wp\/v2\/pages\/3289\/revisions"}],"wp:attachment":[{"href":"https:\/\/biblian.is\/gudbrandsbiblia\/wp-json\/wp\/v2\/media?parent=3289"}],"curies":[{"name":"wp","href":"https:\/\/api.w.org\/{rel}","templated":true}]}}