{"id":3288,"date":"2017-12-18T18:33:11","date_gmt":"2017-12-18T18:33:11","guid":{"rendered":"http:\/\/biblian.is\/gudbrandsbiblia\/salmarnir-116-kafli\/"},"modified":"2017-12-18T18:33:11","modified_gmt":"2017-12-18T18:33:11","slug":"salmarnir-116-kafli","status":"publish","type":"page","link":"https:\/\/biblian.is\/gudbrandsbiblia\/salmarnir-116-kafli\/","title":{"rendered":"S\u00e1lmarnir 116. kafli"},"content":{"rendered":"<p>CXVI.<\/p>\n<p>\u00dea\u00f0 sama er m\u00e9r lj\u00faft, \u00fea\u00f0 Drottinn heyrir m\u00edna raust og m\u00edna gr\u00e1tbei\u00f0ni,<\/p>\n<p>\t\u00fea\u00f0 hann hneigir sitt eyra til m\u00edn, \u00fear fyrir vil eg og um m\u00edna l\u00edfdaga hann \u00e1kalla.<\/p>\n<p>\tFj\u00f6trarnir dau\u00f0ans umkringdu mig, helv\u00edtis angist haf\u00f0i snorti\u00f0 mig, eg rata\u00f0i \u00ed eymd og \u00e1nau\u00f0. <span class=\"athugasemd\" title=\"1. Reg. 23\">[<\/span> <\/p>\n<p>\tEn eg kalla\u00f0i \u00e1 nafni\u00f0 Drottins: &#8222;\u00d3 Drottinn, frelsa \u00fe\u00fa s\u00e1lu m\u00edna!&#8220;<\/p>\n<p>\tDrottinn er l\u00edknsamur og r\u00e9ttfer\u00f0ugur og vor Gu\u00f0 hann er miskunnsamur.<\/p>\n<p>\tDrottinn hann var\u00f0veitir l\u00edtilmagnana, \u00fe\u00e1 e\u00f0 eg var ni\u00f0url\u00e6g\u00f0ur frelsa\u00f0i hann mig.<\/p>\n<p>\tVertu til fri\u00f0s, m\u00edn s\u00e1l, enn a\u00f0 n\u00fdju, \u00fev\u00ed Drottinn veitir \u00fe\u00e9r hi\u00f0 g\u00f3\u00f0a.<\/p>\n<p>\t\u00dev\u00ed \u00fe\u00fa hefur \u00fatrykkt minni s\u00e1lu \u00far dau\u00f0anum, augum m\u00ednum af t\u00e1rf\u00f6llunum, f\u00f3tum m\u00ednum fr\u00e1 hr\u00f6suninni.<\/p>\n<p>\tEg vil ganga frir Drottni \u00e1 j\u00f6r\u00f0u lifandi manna.<\/p>\n<p>\tEg tr\u00fai, \u00fear fyrir \u00fe\u00e1 tala eg en eg ver\u00f0 n\u00e6sta mj\u00f6g \u00fevinga\u00f0ur.<\/p>\n<p>\tEg sag\u00f0i \u00fat \u00ed minni angist: <span class=\"athugasemd\" title=\"2. Kor. 4\">[<\/span> &#8222;Allir menn \u00fea eru <span class=\"athugasemd\" title=\"\u00dea\u00f0 er, ekki er treystandi upp \u00e1 nokkurn mann \u00fev\u00ed hann sv\u00edkur um s\u00ed\u00f0ir og kann ekki a\u00f0 hj\u00e1lpa\">[<\/span> lj\u00fagarar.&#8220;<\/p>\n<p>\tHva\u00f0 skal eg Drottni endurgjalda fyrir allar hans velgj\u00f6r\u00f0ir \u00fe\u00e6r e\u00f0 hann veitir m\u00e9r? <span class=\"athugasemd\" title=\"R\u00f3m. 3\">[<\/span> <\/p>\n<p>\t\u00deann hj\u00e1lpr\u00e6\u00f0isins kaleik vil eg me\u00f0taka og nafni\u00f0 Drottins kunngj\u00f6ra. <span class=\"athugasemd\" title=\"Supra 75 \/ Esa. 51 \/ Math. 20\">[<\/span> <\/p>\n<p>\tEg vil gjalda Drottni m\u00edn heit fyrir \u00f6llu hans f\u00f3lki.<\/p>\n<p>\tDau\u00f0i hans heilagra er d\u00fdrm\u00e6tur haldinn, \u00ed augliti Drottins.<\/p>\n<p>\t\u00d3 Drottinn, eg em \u00feinn \u00fej\u00f3n, eg \u00feinn \u00fer\u00e6ll, sonur \u00feinnar amb\u00e1ttar, \u00fe\u00fa hefur m\u00ednar fj\u00f6tranir \u00ed sundursliti\u00f0.<\/p>\n<p>\t\u00de\u00e9r vil eg offra lofsins offur og nafni\u00f0 Drottins pr\u00e9dika.<\/p>\n<p>\tEg vil gjalda Drottni m\u00edn heit fyrir \u00f6llu hans f\u00f3lki,<\/p>\n<p>\t\u00fat \u00ed fordyrunum \u00e1 h\u00fasi Drottins, mitt \u00ed \u00fe\u00e9r, Jer\u00fasalem. Halel\u00faja.<\/p>\n","protected":false},"excerpt":{"rendered":"<p>CXVI. \u00dea\u00f0 sama er m\u00e9r lj\u00faft, \u00fea\u00f0 Drottinn heyrir m\u00edna raust og m\u00edna gr\u00e1tbei\u00f0ni, \u00fea\u00f0 hann hneigir sitt eyra til m\u00edn, \u00fear fyrir vil eg og um m\u00edna l\u00edfdaga hann \u00e1kalla. Fj\u00f6trarnir dau\u00f0ans umkringdu mig, helv\u00edtis angist haf\u00f0i snorti\u00f0 mig, eg rata\u00f0i \u00ed eymd og \u00e1nau\u00f0. [ En eg kalla\u00f0i \u00e1 nafni\u00f0 Drottins: &#8222;\u00d3 Drottinn, frelsa \u00fe\u00fa s\u00e1lu m\u00edna!&#8220; Drottinn er l\u00edknsamur og r\u00e9ttfer\u00f0ugur og vor Gu\u00f0 hann er miskunnsamur. Drottinn hann var\u00f0veitir l\u00edtilmagnana, \u00fe\u00e1 e\u00f0 eg var ni\u00f0url\u00e6g\u00f0ur frelsa\u00f0i hann mig. Vertu til fri\u00f0s, m\u00edn s\u00e1l, enn a\u00f0 n\u00fdju, \u00fev\u00ed Drottinn veitir \u00fe\u00e9r hi\u00f0 g\u00f3\u00f0a. \u00dev\u00ed \u00fe\u00fa hefur \u00fatrykkt <a href=\"https:\/\/biblian.is\/gudbrandsbiblia\/salmarnir-116-kafli\/\"> [&#8230;]<\/a><\/p>\n","protected":false},"author":1,"featured_media":0,"parent":0,"menu_order":0,"comment_status":"open","ping_status":"open","template":"bibliukaflar.php","meta":{"footnotes":""},"class_list":["post-3288","page","type-page","status-publish","hentry"],"_links":{"self":[{"href":"https:\/\/biblian.is\/gudbrandsbiblia\/wp-json\/wp\/v2\/pages\/3288","targetHints":{"allow":["GET"]}}],"collection":[{"href":"https:\/\/biblian.is\/gudbrandsbiblia\/wp-json\/wp\/v2\/pages"}],"about":[{"href":"https:\/\/biblian.is\/gudbrandsbiblia\/wp-json\/wp\/v2\/types\/page"}],"author":[{"embeddable":true,"href":"https:\/\/biblian.is\/gudbrandsbiblia\/wp-json\/wp\/v2\/users\/1"}],"replies":[{"embeddable":true,"href":"https:\/\/biblian.is\/gudbrandsbiblia\/wp-json\/wp\/v2\/comments?post=3288"}],"version-history":[{"count":0,"href":"https:\/\/biblian.is\/gudbrandsbiblia\/wp-json\/wp\/v2\/pages\/3288\/revisions"}],"wp:attachment":[{"href":"https:\/\/biblian.is\/gudbrandsbiblia\/wp-json\/wp\/v2\/media?parent=3288"}],"curies":[{"name":"wp","href":"https:\/\/api.w.org\/{rel}","templated":true}]}}