{"id":3287,"date":"2017-12-18T18:33:11","date_gmt":"2017-12-18T18:33:11","guid":{"rendered":"http:\/\/biblian.is\/gudbrandsbiblia\/salmarnir-115-kafli\/"},"modified":"2017-12-18T18:33:11","modified_gmt":"2017-12-18T18:33:11","slug":"salmarnir-115-kafli","status":"publish","type":"page","link":"https:\/\/biblian.is\/gudbrandsbiblia\/salmarnir-115-kafli\/","title":{"rendered":"S\u00e1lmarnir 115. kafli"},"content":{"rendered":"<p>CXV.<\/p>\n<p>Eigi oss, Drottinn, eigi oss heldur \u00fe\u00ednu nafni gef \u00fe\u00fa d\u00fdr\u00f0ina vegna \u00feinnar miskunnar og sannleiks sakir.<\/p>\n<p>\tHvar fyrir \u00fe\u00e1 skulu hinir hei\u00f0nu segja: &#8222;Hvar er n\u00fa \u00feeirra Gu\u00f0?&#8220;<\/p>\n<p>\tEn vor Gu\u00f0 er \u00e1 himni, hann kann a\u00f0 gj\u00f6ra hva\u00f0 hann vill,<\/p>\n<p>\ten hinna annarra sk\u00fargo\u00f0 eru silfur og gull af mannah\u00f6ndum gj\u00f6r\u00f0.<\/p>\n<p>\t\u00deau hafa munna og tala ekki, \u00feau hafa augu og sj\u00e1 ekki, <span class=\"athugasemd\" title=\"S\u00e1l. 135. Sap. 15\">[<\/span> <\/p>\n<p>\t\u00feau hafa eyru og heyra ekki, \u00feau hafa nasir og ilma ekki,<\/p>\n<p>\t\u00feau hafa hendur og \u00fereifa ekki, f\u00e6tur hafa \u00feau og ganga \u00fe\u00f3 ekki og \u00f6ngvan m\u00e1lr\u00f3m l\u00e1ta \u00feau \u00ed gegnum sinn h\u00e1ls.<\/p>\n<p>\t\u00deeir e\u00f0 soddan gj\u00f6ra eru eins l\u00edka og allir \u00feeir e\u00f0 treysta \u00e1 \u00feau.<\/p>\n<p>\tEn \u00cdsrael, vona \u00fe\u00fa upp \u00e1 Drottin, hann er \u00feeirra hj\u00e1lp og skj\u00f6ldur.<\/p>\n<p>\tH\u00fasi\u00f0 Arons vonar upp \u00e1 Drottin, hann er \u00feeirra hj\u00e1lp og skj\u00f6ldur.<\/p>\n<p>\tHver e\u00f0 \u00f3ttast Drottin \u00feeir vona einnin \u00e1 Drottin, hann er \u00feeirra hj\u00e1lp og skj\u00f6ldur.<\/p>\n<p>\tDrottinn hann minnist vor og blessar oss, hann blessar h\u00fasi\u00f0 \u00cdsrael, hann blessar h\u00fasi\u00f0 Aron.<\/p>\n<p>\tHann blessar \u00fe\u00e1 sem \u00f3ttast Drottin, b\u00e6\u00f0i sm\u00e1 og st\u00f3ra.<\/p>\n<p>\tDrottinn hann blessi y\u00f0ur \u00e6 meir og meir, y\u00f0ur og sonu y\u00f0ra.<\/p>\n<p>\t\u00de\u00e9r eru\u00f0 blessa\u00f0ir af Drottni, \u00feeim sem gj\u00f6rt hefur himin og j\u00f6r\u00f0.<\/p>\n<p>\tHiminninn gj\u00f6rvallur er Drottins en j\u00f6r\u00f0ina hefur hann mannanna sonum gefi\u00f0.<\/p>\n<p>\tHinir dau\u00f0u lofa \u00feig ekki, Drottinn, ekki heldur \u00feeir sem ofan fara \u00ed helv\u00edti <span class=\"athugasemd\" title=\"Bar\u00fak. 2 \/ S\u00e1l. 6 \/ Esa. 38\">[<\/span><\/p>\n<p>\theldur v\u00e9r lofum Drottin, allt h\u00e9\u00f0an \u00ed fr\u00e1 og a\u00f0 eil\u00edfu. Halel\u00faja.<\/p>\n","protected":false},"excerpt":{"rendered":"<p>CXV. Eigi oss, Drottinn, eigi oss heldur \u00fe\u00ednu nafni gef \u00fe\u00fa d\u00fdr\u00f0ina vegna \u00feinnar miskunnar og sannleiks sakir. Hvar fyrir \u00fe\u00e1 skulu hinir hei\u00f0nu segja: &#8222;Hvar er n\u00fa \u00feeirra Gu\u00f0?&#8220; En vor Gu\u00f0 er \u00e1 himni, hann kann a\u00f0 gj\u00f6ra hva\u00f0 hann vill, en hinna annarra sk\u00fargo\u00f0 eru silfur og gull af mannah\u00f6ndum gj\u00f6r\u00f0. \u00deau hafa munna og tala ekki, \u00feau hafa augu og sj\u00e1 ekki, [ \u00feau hafa eyru og heyra ekki, \u00feau hafa nasir og ilma ekki, \u00feau hafa hendur og \u00fereifa ekki, f\u00e6tur hafa \u00feau og ganga \u00fe\u00f3 ekki og \u00f6ngvan m\u00e1lr\u00f3m l\u00e1ta \u00feau \u00ed gegnum sinn <a href=\"https:\/\/biblian.is\/gudbrandsbiblia\/salmarnir-115-kafli\/\"> [&#8230;]<\/a><\/p>\n","protected":false},"author":1,"featured_media":0,"parent":0,"menu_order":0,"comment_status":"open","ping_status":"open","template":"bibliukaflar.php","meta":{"footnotes":""},"class_list":["post-3287","page","type-page","status-publish","hentry"],"_links":{"self":[{"href":"https:\/\/biblian.is\/gudbrandsbiblia\/wp-json\/wp\/v2\/pages\/3287","targetHints":{"allow":["GET"]}}],"collection":[{"href":"https:\/\/biblian.is\/gudbrandsbiblia\/wp-json\/wp\/v2\/pages"}],"about":[{"href":"https:\/\/biblian.is\/gudbrandsbiblia\/wp-json\/wp\/v2\/types\/page"}],"author":[{"embeddable":true,"href":"https:\/\/biblian.is\/gudbrandsbiblia\/wp-json\/wp\/v2\/users\/1"}],"replies":[{"embeddable":true,"href":"https:\/\/biblian.is\/gudbrandsbiblia\/wp-json\/wp\/v2\/comments?post=3287"}],"version-history":[{"count":0,"href":"https:\/\/biblian.is\/gudbrandsbiblia\/wp-json\/wp\/v2\/pages\/3287\/revisions"}],"wp:attachment":[{"href":"https:\/\/biblian.is\/gudbrandsbiblia\/wp-json\/wp\/v2\/media?parent=3287"}],"curies":[{"name":"wp","href":"https:\/\/api.w.org\/{rel}","templated":true}]}}