{"id":3285,"date":"2017-12-18T18:33:11","date_gmt":"2017-12-18T18:33:11","guid":{"rendered":"http:\/\/biblian.is\/gudbrandsbiblia\/salmarnir-113-kafli\/"},"modified":"2017-12-18T18:33:11","modified_gmt":"2017-12-18T18:33:11","slug":"salmarnir-113-kafli","status":"publish","type":"page","link":"https:\/\/biblian.is\/gudbrandsbiblia\/salmarnir-113-kafli\/","title":{"rendered":"S\u00e1lmarnir 113. kafli"},"content":{"rendered":"<p>CXIII.<\/p>\n<p>Halel\u00faja.<\/p>\n<p>Lofi \u00fe\u00e9r, Drottins \u00fej\u00f3nustumenn, lofi\u00f0 nafni\u00f0 Drottins.<\/p>\n<p>\tBlessa\u00f0 s\u00e9 nafni\u00f0 Drottins h\u00e9\u00f0an \u00ed fr\u00e1 og a\u00f0 eil\u00edfu.<\/p>\n<p>\t\u00cd uppg\u00f6ngu s\u00f3larinnar allt til hennar ni\u00f0urg\u00f6ngu s\u00e9 lofa\u00f0 nafni\u00f0 Drottins.<\/p>\n<p>\tDrottinn er h\u00e1r yfir allar \u00fej\u00f3\u00f0\u00edr, hans d\u00fdr\u00f0 tekur svo v\u00edtt sem \u00fea\u00f0 himinninn er. <span class=\"athugasemd\" title=\"Malak. 1\">[<\/span><\/p>\n<p>\tHver er vi\u00f0l\u00edkur sem Drottinn vor Gu\u00f0 s\u00e1 e\u00f0 \u00ed upph\u00e6\u00f0unum byggir<\/p>\n<p>\tog l\u00edtur \u00fe\u00f3 a\u00f0 \u00fea\u00f0 hi\u00f0 au\u00f0vir\u00f0ilega \u00e1 himnum og j\u00f6r\u00f0u?<\/p>\n<p>\tHver e\u00f0 l\u00edtilmagna uppreisir \u00far duftinu og forhefur hinn f\u00e1t\u00e6ka \u00fat af saurindunum<\/p>\n<p>\tsvo a\u00f0 hann setji hann hj\u00e1 h\u00f6f\u00f0ingjunum, \u00ed hj\u00e1 h\u00f6f\u00f0ingjum s\u00edns l\u00fd\u00f0s,<\/p>\n<p>\ts\u00e1 sem hina \u00f3byrju l\u00e6tur byggja \u00ed h\u00fasinu svo \u00fea\u00f0 h\u00fan ver\u00f0ur ein gla\u00f0v\u00e6r barnam\u00f3\u00f0ir. Halel\u00faja.<\/p>\n","protected":false},"excerpt":{"rendered":"<p>CXIII. Halel\u00faja. Lofi \u00fe\u00e9r, Drottins \u00fej\u00f3nustumenn, lofi\u00f0 nafni\u00f0 Drottins. Blessa\u00f0 s\u00e9 nafni\u00f0 Drottins h\u00e9\u00f0an \u00ed fr\u00e1 og a\u00f0 eil\u00edfu. \u00cd uppg\u00f6ngu s\u00f3larinnar allt til hennar ni\u00f0urg\u00f6ngu s\u00e9 lofa\u00f0 nafni\u00f0 Drottins. Drottinn er h\u00e1r yfir allar \u00fej\u00f3\u00f0\u00edr, hans d\u00fdr\u00f0 tekur svo v\u00edtt sem \u00fea\u00f0 himinninn er. [ Hver er vi\u00f0l\u00edkur sem Drottinn vor Gu\u00f0 s\u00e1 e\u00f0 \u00ed upph\u00e6\u00f0unum byggir og l\u00edtur \u00fe\u00f3 a\u00f0 \u00fea\u00f0 hi\u00f0 au\u00f0vir\u00f0ilega \u00e1 himnum og j\u00f6r\u00f0u? Hver e\u00f0 l\u00edtilmagna uppreisir \u00far duftinu og forhefur hinn f\u00e1t\u00e6ka \u00fat af saurindunum svo a\u00f0 hann setji hann hj\u00e1 h\u00f6f\u00f0ingjunum, \u00ed hj\u00e1 h\u00f6f\u00f0ingjum s\u00edns l\u00fd\u00f0s, s\u00e1 sem hina \u00f3byrju l\u00e6tur byggja <a href=\"https:\/\/biblian.is\/gudbrandsbiblia\/salmarnir-113-kafli\/\"> [&#8230;]<\/a><\/p>\n","protected":false},"author":1,"featured_media":0,"parent":0,"menu_order":0,"comment_status":"open","ping_status":"open","template":"bibliukaflar.php","meta":{"footnotes":""},"class_list":["post-3285","page","type-page","status-publish","hentry"],"_links":{"self":[{"href":"https:\/\/biblian.is\/gudbrandsbiblia\/wp-json\/wp\/v2\/pages\/3285","targetHints":{"allow":["GET"]}}],"collection":[{"href":"https:\/\/biblian.is\/gudbrandsbiblia\/wp-json\/wp\/v2\/pages"}],"about":[{"href":"https:\/\/biblian.is\/gudbrandsbiblia\/wp-json\/wp\/v2\/types\/page"}],"author":[{"embeddable":true,"href":"https:\/\/biblian.is\/gudbrandsbiblia\/wp-json\/wp\/v2\/users\/1"}],"replies":[{"embeddable":true,"href":"https:\/\/biblian.is\/gudbrandsbiblia\/wp-json\/wp\/v2\/comments?post=3285"}],"version-history":[{"count":0,"href":"https:\/\/biblian.is\/gudbrandsbiblia\/wp-json\/wp\/v2\/pages\/3285\/revisions"}],"wp:attachment":[{"href":"https:\/\/biblian.is\/gudbrandsbiblia\/wp-json\/wp\/v2\/media?parent=3285"}],"curies":[{"name":"wp","href":"https:\/\/api.w.org\/{rel}","templated":true}]}}