{"id":3283,"date":"2017-12-18T18:33:11","date_gmt":"2017-12-18T18:33:11","guid":{"rendered":"http:\/\/biblian.is\/gudbrandsbiblia\/salmarnir-111-kafli\/"},"modified":"2017-12-18T18:33:11","modified_gmt":"2017-12-18T18:33:11","slug":"salmarnir-111-kafli","status":"publish","type":"page","link":"https:\/\/biblian.is\/gudbrandsbiblia\/salmarnir-111-kafli\/","title":{"rendered":"S\u00e1lmarnir 111. kafli"},"content":{"rendered":"<p>CXI.<\/p>\n<p>Halel\u00faja.<\/p>\n<p>Eg \u00feakka \u00fe\u00e9r, Drottinn, af \u00f6llu hjarta, \u00fat \u00ed r\u00e1\u00f0i og \u00ed samkundu r\u00e9ttl\u00e1tra.<\/p>\n<p>\tMikil eru verkin Drottins, hver hann stundar \u00feau s\u00e1 hefur lysting \u00fear inni.<\/p>\n<p>\tHva\u00f0 hann skipar \u00fea\u00f0 er loflegt og d\u00fdr\u00f0legt og hans r\u00e9ttl\u00e6ti bl\u00edfur eil\u00edflegana.<\/p>\n<p>\tEina minning hefur hann gj\u00f6rt sinna st\u00f3rmerkja, s\u00e1 hinn l\u00edknsami og miskunnsami Drottinn.<\/p>\n<p>\t\u00deeim gefur hann f\u00e6\u00f0slu sem hann \u00f3ttast, eil\u00edflegana \u00fe\u00e1 minnist hann s\u00edns s\u00e1ttm\u00e1la.<\/p>\n<p>\tS\u00edn kraftaverk l\u00e6tur hann kunngj\u00f6ra s\u00ednu f\u00f3lki \u00fea\u00f0 hann gefi \u00fev\u00ed arfleif\u00f0ina hei\u00f0inna \u00fej\u00f3\u00f0a.<\/p>\n<p>\tVerkin hans handa eru sannleikur og r\u00e9ttindi, \u00f6ll hans bo\u00f0or\u00f0 eru r\u00e9ttileg,<\/p>\n<p>\t\u00feau eru sta\u00f0fest um aldur og a\u00f0 eil\u00edfu og ske \u00ed sannleik og r\u00e9ttv\u00edsi.<\/p>\n<p>\tHann sendir endurlausn s\u00ednu f\u00f3lki, hann lofar \u00fea\u00f0 sinn s\u00e1ttm\u00e1li skuli bl\u00edfa eil\u00edflegana, heilagt og <span class=\"athugasemd\" title=\"sword hr\u00e6\u00f0ilegt\">[<\/span> herralegt er hans nafn.<\/p>\n<p>\tUpphafi\u00f0 v\u00edsd\u00f3msins er \u00f3tti Drottins, \u00fea\u00f0 er ein \u00e1g\u00e6t viska, hver hann gj\u00f6rir \u00fear eftir \u00feess lofst\u00edr bl\u00edfur eil\u00edflega. <span class=\"athugasemd\" title=\"Pro. 1 \/ Eccle. 1\">[<\/span><\/p>\n","protected":false},"excerpt":{"rendered":"<p>CXI. Halel\u00faja. Eg \u00feakka \u00fe\u00e9r, Drottinn, af \u00f6llu hjarta, \u00fat \u00ed r\u00e1\u00f0i og \u00ed samkundu r\u00e9ttl\u00e1tra. Mikil eru verkin Drottins, hver hann stundar \u00feau s\u00e1 hefur lysting \u00fear inni. Hva\u00f0 hann skipar \u00fea\u00f0 er loflegt og d\u00fdr\u00f0legt og hans r\u00e9ttl\u00e6ti bl\u00edfur eil\u00edflegana. Eina minning hefur hann gj\u00f6rt sinna st\u00f3rmerkja, s\u00e1 hinn l\u00edknsami og miskunnsami Drottinn. \u00deeim gefur hann f\u00e6\u00f0slu sem hann \u00f3ttast, eil\u00edflegana \u00fe\u00e1 minnist hann s\u00edns s\u00e1ttm\u00e1la. S\u00edn kraftaverk l\u00e6tur hann kunngj\u00f6ra s\u00ednu f\u00f3lki \u00fea\u00f0 hann gefi \u00fev\u00ed arfleif\u00f0ina hei\u00f0inna \u00fej\u00f3\u00f0a. Verkin hans handa eru sannleikur og r\u00e9ttindi, \u00f6ll hans bo\u00f0or\u00f0 eru r\u00e9ttileg, \u00feau eru sta\u00f0fest um aldur og <a href=\"https:\/\/biblian.is\/gudbrandsbiblia\/salmarnir-111-kafli\/\"> [&#8230;]<\/a><\/p>\n","protected":false},"author":1,"featured_media":0,"parent":0,"menu_order":0,"comment_status":"open","ping_status":"open","template":"bibliukaflar.php","meta":{"footnotes":""},"class_list":["post-3283","page","type-page","status-publish","hentry"],"_links":{"self":[{"href":"https:\/\/biblian.is\/gudbrandsbiblia\/wp-json\/wp\/v2\/pages\/3283","targetHints":{"allow":["GET"]}}],"collection":[{"href":"https:\/\/biblian.is\/gudbrandsbiblia\/wp-json\/wp\/v2\/pages"}],"about":[{"href":"https:\/\/biblian.is\/gudbrandsbiblia\/wp-json\/wp\/v2\/types\/page"}],"author":[{"embeddable":true,"href":"https:\/\/biblian.is\/gudbrandsbiblia\/wp-json\/wp\/v2\/users\/1"}],"replies":[{"embeddable":true,"href":"https:\/\/biblian.is\/gudbrandsbiblia\/wp-json\/wp\/v2\/comments?post=3283"}],"version-history":[{"count":0,"href":"https:\/\/biblian.is\/gudbrandsbiblia\/wp-json\/wp\/v2\/pages\/3283\/revisions"}],"wp:attachment":[{"href":"https:\/\/biblian.is\/gudbrandsbiblia\/wp-json\/wp\/v2\/media?parent=3283"}],"curies":[{"name":"wp","href":"https:\/\/api.w.org\/{rel}","templated":true}]}}