{"id":3281,"date":"2017-12-18T18:33:11","date_gmt":"2017-12-18T18:33:11","guid":{"rendered":"http:\/\/biblian.is\/gudbrandsbiblia\/salmarnir-109-kafli\/"},"modified":"2017-12-18T18:33:11","modified_gmt":"2017-12-18T18:33:11","slug":"salmarnir-109-kafli","status":"publish","type":"page","link":"https:\/\/biblian.is\/gudbrandsbiblia\/salmarnir-109-kafli\/","title":{"rendered":"S\u00e1lmarnir 109. kafli"},"content":{"rendered":"<p>CIX.<\/p>\n<p>S\u00e1lmur Dav\u00ed\u00f0s. Fyrir a\u00f0 syngja.<\/p>\n<p>Gu\u00f0 minn lofst\u00edr, \u00feegi \u00fe\u00fa ekki <span class=\"athugasemd\" title=\"Christus\">[<\/span> <\/p>\n<p>\t\u00fev\u00ed a\u00f0 \u00feeir hafa s\u00edna \u00f3gu\u00f0lega munna \u00ed gegn m\u00e9r upploki\u00f0 og tala \u00e1 m\u00f3ti m\u00e9r me\u00f0 falsklegri tungu<\/p>\n<p>\tog \u00feeir tala eiturlegana \u00e1 m\u00f3ti m\u00e9r allavegana og str\u00ed\u00f0a \u00ed gegn m\u00e9r fyrir \u00f6ngva s\u00f6k.<\/p>\n<p>\tAf \u00fev\u00ed eg elska \u00fe\u00e1 eru \u00feeir \u00e1 m\u00f3ti m\u00e9r <\/p>\n<p>\ten eg ba\u00f0st fyrir.<\/p>\n<p>\t\u00deeir au\u00f0s\u00fdna m\u00e9r illt fyrir gott og hatur fyrir k\u00e6rleika.<\/p>\n<p>\t<span class=\"athugasemd\" title=\"a \/ \u00deeirra l\u00e6rd\u00f3mur, l\u00edferni, menntan og allt \u00fea\u00f0 \u00feeir gj\u00f6ra, \u00fea\u00f0 er allt fyrird\u00e6manlegt\">[<\/span> Settu \u00f3gu\u00f0hr\u00e6ddan yfir hann og \u00fea\u00f0 andskotinn standi honum til h\u00e6gri handar.<\/p>\n<p>\t\u00deegar hans s\u00f6k kemur fyrir d\u00f3m \u00fe\u00e1 gangi hann ford\u00e6mdur \u00fat og ver\u00f0i hans b\u00e6n a\u00f0 synd.<\/p>\n<p>\tDagar hans ver\u00f0i f\u00e1ir og hans emb\u00e6tti me\u00f0taki einn annar.<\/p>\n<p>\tHans b\u00f6rn ver\u00f0i f\u00f6\u00f0urlaus og hans h\u00fasfr\u00fa ein ekkja.<\/p>\n<p>\tHans b\u00f6rn r\u00e1si vill vegar og \u00feiggi \u00f6lmusu og fari \u00feurfandi, l\u00edka sem \u00feeir e\u00f0 fordjarfa\u00f0ir eru.<\/p>\n<p>\tOkurkallinn \u00fatsugi allt hva\u00f0 hann hefur og hinir annarlegu gr\u00edpi hans au\u00f0\u00e6fi<\/p>\n<p>\tog enginn s\u00e9 s\u00e1 e\u00f0 honum au\u00f0s\u00fdni nokkurn velgj\u00f6rning og eigi s\u00e9 s\u00e1 neinn e\u00f0 miskunni hans f\u00f6\u00f0urleysingjum.<\/p>\n<p>\tHans ni\u00f0jar \u00fe\u00e1 ver\u00f0i uppr\u00e6ttir, \u00feeirra nafn ver\u00f0i afskafi\u00f0 \u00ed annarri \u00e6ttkv\u00edsl.<\/p>\n<p>\tMisgj\u00f6r\u00f0ir hans forfe\u00f0ra \u00fe\u00e1 ve\u00f0ri \u00ed minni lag\u00f0ar fyrir augliti Drottins og syndin hans m\u00f3\u00f0ur afm\u00e1ist ekki.<\/p>\n<p>\tDrottinn hann forgleymi \u00feeim aldrei og \u00feeirra minning ver\u00f0i burtskafin af j\u00f6r\u00f0u.<\/p>\n<p>\t\u00dear fyrir a\u00f0 hann var so miskunnarlaus me\u00f0 \u00f6llu heldur ofs\u00f3kn veitti \u00feeim f\u00e1t\u00e6ka og vola\u00f0a og hinum harm\u00ferungna, a\u00f0 hann g\u00e6ti honum \u00ed hel komi\u00f0.<\/p>\n<p>\tOg hann vildi b\u00f6lvanina hafa, h\u00fan mun og yfir hann koma, blessunina \u00fe\u00e1 vildi hann ekki f\u00e1, \u00fear fyrir mun h\u00fan einnin honum mj\u00f6g fjarl\u00e6g ver\u00f0a.<\/p>\n<p>\tOg hann \u00edkl\u00e6ddist b\u00f6lvaninni so sem n\u00e6rkl\u00e6\u00f0i s\u00ednu og h\u00fan er innrunnin \u00ed hans i\u00f0ur sem vatn og inn \u00ed hans bein sem anna\u00f0 vi\u00f0smj\u00f6r.<\/p>\n<p>\tVer\u00f0i h\u00fan honum l\u00edka sem anna\u00f0 fat hverju hann \u00edkl\u00e6\u00f0ist og svo sem \u00fea\u00f0 belti me\u00f0 hverju hann gyr\u00f0ist alla t\u00edma.<\/p>\n<p>\t\u00deetta hi\u00f0 sama \u00fe\u00e1 ver\u00f0i \u00feeim af Drottni sem m\u00e9r m\u00f3tsn\u00fanir eru og tala vondslega \u00ed gegn minni s\u00e1lu.<\/p>\n<p>\tEn \u00fe\u00fa, Drottinn, Drottinn, vertu me\u00f0 m\u00e9r fyrir \u00fe\u00edns nafns sakir \u00fev\u00ed a\u00f0 \u00fe\u00edn miskunnsemi er m\u00edn huggun, frelsa \u00fe\u00fa mig.<\/p>\n<p>\t\u00dev\u00ed a\u00f0 eg em f\u00e1t\u00e6kur og f\u00e1r\u00e1\u00f0ur, mitt hjarta er \u00ed sundurkrami\u00f0 \u00ed m\u00e9r.<\/p>\n<p>\tEg l\u00ed\u00f0 \u00ed burt h\u00e9\u00f0an so sem skuggi s\u00e1 e\u00f0 \u00ed burt v\u00edkur og eg ver\u00f0 burt rekinn so sem a\u00f0rar engisprettur.<\/p>\n<p>\tM\u00edn kn\u00e9 eru veik af f\u00f6stu og mitt hold er magurt og hefur \u00f6ngvan feitleika<\/p>\n<p>\tog eg hl\u00fdt \u00feeirra athl\u00e6gi a\u00f0 vera, n\u00e6r e\u00f0 \u00feeir sj\u00e1 mig \u00fe\u00e1 skaka \u00feeir h\u00f6fu\u00f0 s\u00edn.<\/p>\n<p>\tVeit m\u00e9r hj\u00e1sto\u00f0, Drottinn Gu\u00f0 minn, hj\u00e1lpa m\u00e9r eftir miskunnsemd \u00feinni<\/p>\n<p>\tsvo a\u00f0 \u00feeir formerki a\u00f0 \u00fea\u00f0 s\u00e9 \u00fe\u00edn h\u00f6nd, a\u00f0 \u00fe\u00fa, Drottinn, gj\u00f6rir svoddan.<\/p>\n<p>\tB\u00f6lvi \u00feeir, \u00fe\u00e1 blessa \u00fe\u00fa, setji \u00feeir sig upp \u00e1 m\u00f3ti m\u00e9r \u00fe\u00e1 l\u00e1ttu \u00fe\u00e1 til skammar ver\u00f0a en \u00feinn \u00fej\u00f3n hann gle\u00f0ji sig.<\/p>\n<p>\tM\u00ednir m\u00f3tst\u00f6\u00f0umenn ver\u00f0i me\u00f0 sm\u00e1n kl\u00e6ddir og sinni sk\u00f6mm \u00edkl\u00e6\u00f0ist \u00feeir svo sem \u00f6\u00f0rum kyrtli.<\/p>\n<p>\tMikillega vil eg Drottni \u00feakka me\u00f0 m\u00ednum munni og pr\u00edsa hann me\u00f0al margra<\/p>\n<p>\t\u00fev\u00ed a\u00f0 hinum f\u00e1t\u00e6ka stendur hann til h\u00e6gri handar svo a\u00f0 hann frelsi hann \u00ed fr\u00e1 \u00feeim sem hans l\u00edf vilja d\u00e6ma.<\/p>\n","protected":false},"excerpt":{"rendered":"<p>CIX. S\u00e1lmur Dav\u00ed\u00f0s. Fyrir a\u00f0 syngja. Gu\u00f0 minn lofst\u00edr, \u00feegi \u00fe\u00fa ekki [ \u00fev\u00ed a\u00f0 \u00feeir hafa s\u00edna \u00f3gu\u00f0lega munna \u00ed gegn m\u00e9r upploki\u00f0 og tala \u00e1 m\u00f3ti m\u00e9r me\u00f0 falsklegri tungu og \u00feeir tala eiturlegana \u00e1 m\u00f3ti m\u00e9r allavegana og str\u00ed\u00f0a \u00ed gegn m\u00e9r fyrir \u00f6ngva s\u00f6k. Af \u00fev\u00ed eg elska \u00fe\u00e1 eru \u00feeir \u00e1 m\u00f3ti m\u00e9r en eg ba\u00f0st fyrir. \u00deeir au\u00f0s\u00fdna m\u00e9r illt fyrir gott og hatur fyrir k\u00e6rleika. [ Settu \u00f3gu\u00f0hr\u00e6ddan yfir hann og \u00fea\u00f0 andskotinn standi honum til h\u00e6gri handar. \u00deegar hans s\u00f6k kemur fyrir d\u00f3m \u00fe\u00e1 gangi hann ford\u00e6mdur \u00fat og ver\u00f0i hans b\u00e6n <a href=\"https:\/\/biblian.is\/gudbrandsbiblia\/salmarnir-109-kafli\/\"> [&#8230;]<\/a><\/p>\n","protected":false},"author":1,"featured_media":0,"parent":0,"menu_order":0,"comment_status":"open","ping_status":"open","template":"bibliukaflar.php","meta":{"footnotes":""},"class_list":["post-3281","page","type-page","status-publish","hentry"],"_links":{"self":[{"href":"https:\/\/biblian.is\/gudbrandsbiblia\/wp-json\/wp\/v2\/pages\/3281","targetHints":{"allow":["GET"]}}],"collection":[{"href":"https:\/\/biblian.is\/gudbrandsbiblia\/wp-json\/wp\/v2\/pages"}],"about":[{"href":"https:\/\/biblian.is\/gudbrandsbiblia\/wp-json\/wp\/v2\/types\/page"}],"author":[{"embeddable":true,"href":"https:\/\/biblian.is\/gudbrandsbiblia\/wp-json\/wp\/v2\/users\/1"}],"replies":[{"embeddable":true,"href":"https:\/\/biblian.is\/gudbrandsbiblia\/wp-json\/wp\/v2\/comments?post=3281"}],"version-history":[{"count":0,"href":"https:\/\/biblian.is\/gudbrandsbiblia\/wp-json\/wp\/v2\/pages\/3281\/revisions"}],"wp:attachment":[{"href":"https:\/\/biblian.is\/gudbrandsbiblia\/wp-json\/wp\/v2\/media?parent=3281"}],"curies":[{"name":"wp","href":"https:\/\/api.w.org\/{rel}","templated":true}]}}