{"id":3280,"date":"2017-12-18T18:33:11","date_gmt":"2017-12-18T18:33:11","guid":{"rendered":"http:\/\/biblian.is\/gudbrandsbiblia\/salmarnir-108-kafli\/"},"modified":"2017-12-18T18:33:11","modified_gmt":"2017-12-18T18:33:11","slug":"salmarnir-108-kafli","status":"publish","type":"page","link":"https:\/\/biblian.is\/gudbrandsbiblia\/salmarnir-108-kafli\/","title":{"rendered":"S\u00e1lmarnir 108. kafli"},"content":{"rendered":"<p>CVIII.<\/p>\n<p>S\u00e1lmalofs\u00f6ngur Dav\u00ed\u00f0s<\/p>\n<p>Gu\u00f0, \u00fea\u00f0 er m\u00edn full alvara, eg vil syngja og dikta, m\u00edn <span class=\"athugasemd\" title=\"a \/ \u00dea\u00f0 er, m\u00edn harpa me\u00f0 hverri eg vegsama \u00feig\">[<\/span> vegsemd og einnin. <span class=\"athugasemd\" title=\"S\u00e1l. 57\">[<\/span> <\/p>\n<p>\tR\u00eds upp, \u00fe\u00fa psalterium og harpa, snemma \u00fe\u00e1 vil eg uppi vera.<\/p>\n<p>\t\u00de\u00e9r vil eg, Drottinn, \u00feakkir gj\u00f6ra me\u00f0al f\u00f3lksins, me\u00f0al \u00fej\u00f3\u00f0anna vil eg \u00fe\u00e9r lofsyngja.<\/p>\n<p>\t\u00dev\u00ed \u00fe\u00edn miskunnsemi tekur so v\u00edtt sem himinninn er og \u00feinn sannleikur so v\u00edtt sem sk\u00fdin \u00fatganga.<\/p>\n<p>\tUpphef \u00feig, Gu\u00f0, yfir himnana og \u00fe\u00edna d\u00fdr\u00f0 yfir \u00f6ll l\u00f6nd.<\/p>\n<p>\tUpp \u00e1 \u00fea\u00f0 a\u00f0 \u00fe\u00ednir \u00e1stsamlegir frelsa\u00f0ir ver\u00f0i, hj\u00e1lpa \u00fe\u00fa me\u00f0 \u00feinni h\u00e6gri h\u00f6nd og b\u00e6nheyr mig.<\/p>\n<p>\tGu\u00f0 hann talar \u00fat \u00ed s\u00ednum helgid\u00f3mi, \u00feess sama gle\u00f0junst eg: &#8222;Eg vil Sik\u00edm sundurskipta og dalinn S\u00fak\u00f3t afm\u00e6la. <span class=\"athugasemd\" title=\"S\u00e1l. 66\">[<\/span><\/p>\n<p>\tG\u00edlea\u00f0 er minn, Manasse er einnin minn og Efra\u00edm er magt m\u00edns h\u00f6fu\u00f0s, J\u00fada er minn h\u00f6f\u00f0ingi,<\/p>\n<p>\tM\u00f3ab er mitt \u00feovttunarker, minn sk\u00f3 vil eg \u00fat\u00feenja yfir Ed\u00f3m, yfir Pihlisteis vil eg gle\u00f0jast.&#8220;<\/p>\n<p>\tHver vill flytja mig \u00fat \u00ed einn \u00f6ruggan sta\u00f0? Hver mun lei\u00f0a mig \u00fat \u00ed Ed\u00f3m?<\/p>\n<p>\tMuntu, Gu\u00f0, ekki gj\u00f6ra \u00fea\u00f0 sama, \u00fe\u00fa sem \u00ed burtsk\u00fafar oss? Og \u00fe\u00fa, Gu\u00f0, dregur ekki \u00fat me\u00f0 voru herli\u00f0i.<\/p>\n<p>\tVeittu oss fullting \u00ed ney\u00f0inni \u00fev\u00ed a\u00f0 mannleg hj\u00e1lp er \u00f6ngvu neyt.<\/p>\n<p>\tMe\u00f0ur Gu\u00f0i viljum v\u00e9r hreystiverkin gj\u00f6ra, hann mun vora \u00f3vini undirleggja.<\/p>\n","protected":false},"excerpt":{"rendered":"<p>CVIII. S\u00e1lmalofs\u00f6ngur Dav\u00ed\u00f0s Gu\u00f0, \u00fea\u00f0 er m\u00edn full alvara, eg vil syngja og dikta, m\u00edn [ vegsemd og einnin. [ R\u00eds upp, \u00fe\u00fa psalterium og harpa, snemma \u00fe\u00e1 vil eg uppi vera. \u00de\u00e9r vil eg, Drottinn, \u00feakkir gj\u00f6ra me\u00f0al f\u00f3lksins, me\u00f0al \u00fej\u00f3\u00f0anna vil eg \u00fe\u00e9r lofsyngja. \u00dev\u00ed \u00fe\u00edn miskunnsemi tekur so v\u00edtt sem himinninn er og \u00feinn sannleikur so v\u00edtt sem sk\u00fdin \u00fatganga. Upphef \u00feig, Gu\u00f0, yfir himnana og \u00fe\u00edna d\u00fdr\u00f0 yfir \u00f6ll l\u00f6nd. Upp \u00e1 \u00fea\u00f0 a\u00f0 \u00fe\u00ednir \u00e1stsamlegir frelsa\u00f0ir ver\u00f0i, hj\u00e1lpa \u00fe\u00fa me\u00f0 \u00feinni h\u00e6gri h\u00f6nd og b\u00e6nheyr mig. Gu\u00f0 hann talar \u00fat \u00ed s\u00ednum helgid\u00f3mi, \u00feess sama <a href=\"https:\/\/biblian.is\/gudbrandsbiblia\/salmarnir-108-kafli\/\"> [&#8230;]<\/a><\/p>\n","protected":false},"author":1,"featured_media":0,"parent":0,"menu_order":0,"comment_status":"open","ping_status":"open","template":"bibliukaflar.php","meta":{"footnotes":""},"class_list":["post-3280","page","type-page","status-publish","hentry"],"_links":{"self":[{"href":"https:\/\/biblian.is\/gudbrandsbiblia\/wp-json\/wp\/v2\/pages\/3280","targetHints":{"allow":["GET"]}}],"collection":[{"href":"https:\/\/biblian.is\/gudbrandsbiblia\/wp-json\/wp\/v2\/pages"}],"about":[{"href":"https:\/\/biblian.is\/gudbrandsbiblia\/wp-json\/wp\/v2\/types\/page"}],"author":[{"embeddable":true,"href":"https:\/\/biblian.is\/gudbrandsbiblia\/wp-json\/wp\/v2\/users\/1"}],"replies":[{"embeddable":true,"href":"https:\/\/biblian.is\/gudbrandsbiblia\/wp-json\/wp\/v2\/comments?post=3280"}],"version-history":[{"count":0,"href":"https:\/\/biblian.is\/gudbrandsbiblia\/wp-json\/wp\/v2\/pages\/3280\/revisions"}],"wp:attachment":[{"href":"https:\/\/biblian.is\/gudbrandsbiblia\/wp-json\/wp\/v2\/media?parent=3280"}],"curies":[{"name":"wp","href":"https:\/\/api.w.org\/{rel}","templated":true}]}}