{"id":3279,"date":"2017-12-18T18:33:11","date_gmt":"2017-12-18T18:33:11","guid":{"rendered":"http:\/\/biblian.is\/gudbrandsbiblia\/salmarnir-107-kafli\/"},"modified":"2017-12-18T18:33:11","modified_gmt":"2017-12-18T18:33:11","slug":"salmarnir-107-kafli","status":"publish","type":"page","link":"https:\/\/biblian.is\/gudbrandsbiblia\/salmarnir-107-kafli\/","title":{"rendered":"S\u00e1lmarnir 107. kafli"},"content":{"rendered":"<p>CVII.<\/p>\n<p>\u00deessi s\u00e1lmur er ein almennileg \u00feakkargj\u00f6r\u00f0 hversu Gu\u00f0 hann hj\u00e1lpar allsh\u00e1ttu\u00f0um m\u00f6nnum \u00far allsh\u00e1ttu\u00f0um h\u00e1skasemdum, svo sem S. P\u00e1ll segir \u00ed T\u00edm. y: Hann er frelsari allra manna.<\/p>\n<p>\u00deakki \u00fe\u00e9r Drottni \u00fev\u00ed hann er g\u00f3\u00f0gjarn og hans miskunnsemi varir a\u00f0 eil\u00edfu.<\/p>\n<p>\tSegi \u00fe\u00e9r sem frelsa\u00f0ir eru af Drottni, hverja hann hefur til samans safna\u00f0 burt \u00far l\u00f6ndunum, fr\u00e1 austri og vestri, fr\u00e1 nor\u00f0rinu og \u00ed fr\u00e1 sj\u00e1varhafinu.<\/p>\n<p>\t\u00deeir sem villtir f\u00f3ru \u00fat \u00ed ey\u00f0im\u00f6rkinni, \u00e1 \u00feeim \u00f6r\u00e6fisveginum, og fundu \u00f6ngvan sta\u00f0 \u00fear \u00feeir g\u00e1tu \u00ed b\u00fai\u00f0, hungra\u00f0ir og \u00feyrstir og s\u00e1lir \u00feeirra \u00f3m\u00e6tti upp \u00ed \u00feeim. <span class=\"athugasemd\" title=\"I \/ \u00deeir fyrstu eru f\u00e1t\u00e6kir og aumir sem hverki hafa h\u00fas n\u00e9 heimili og ei vita s\u00e9r neitt r\u00e1\u00f0\">[<\/span> <\/p>\n<p>\tOg \u00feeir k\u00f6llu\u00f0u til Drottins \u00ed sinni ney\u00f0 og hann frelsa\u00f0i \u00fe\u00e1 \u00fat af \u00feeirra angist<\/p>\n<p>\tog leiddi \u00fe\u00e1 upp \u00e1 r\u00e9ttan veg so a\u00f0 \u00feeir gengu til \u00feess sta\u00f0arins \u00fear e\u00f0 \u00feeir g\u00e6ti \u00ed b\u00fai\u00f0. <\/p>\n<p>\t\u00deeir hinir s\u00f6mu skulu Drottni \u00feakkir gj\u00f6ra fyrir hans miskunnsemi og fyrir hans d\u00e1semdir \u00fe\u00e6r e\u00f0 hann veitir mannanna sonum,<\/p>\n<p>\t\u00fea\u00f0 hann se\u00f0ur \u00feyrstuga s\u00e1lu og uppfyllir hungra\u00f0a s\u00e1lu me\u00f0 au\u00f0\u00e6fum.<\/p>\n<p>\t\u00deeir e\u00f0 \u00fear hlj\u00f3ta a\u00f0 sitja \u00fat \u00ed myrkri og dimmum skugga, bundnir \u00ed \u00fevingan og j\u00e1rnum <span class=\"athugasemd\" title=\"II \/ A\u00f0rir eru \u00feeir sem eru \u00ed fj\u00f6trum vegna sinna gj\u00f6r\u00f0a og Gu\u00f0 hj\u00e1lpar \u00feeim \u00fat \u00fea\u00f0an\">[<\/span> <\/p>\n<p>\t\u00fear fyrir a\u00f0 \u00feeir voru \u00f3hl\u00fd\u00f0ugir Gu\u00f0s bo\u00f0or\u00f0um og h\u00f6f\u00f0u vanvirt l\u00f6gm\u00e1l Hins h\u00e6sta,<\/p>\n<p>\t\u00fear fyrir hlaut \u00feeirra hjarta me\u00f0 \u00f3g\u00e6fu pl\u00e1ga\u00f0 a\u00f0 ver\u00f0a so a\u00f0 \u00feeir l\u00e1gu \u00fear og s\u00e1 var enginn sem \u00feeim hj\u00e1lpa\u00f0i.<\/p>\n<p>\tOg \u00feeir k\u00f6llu\u00f0u til Drottins \u00ed \u00feeirra ney\u00f0 og hann hj\u00e1lpa\u00f0i \u00feeim \u00fat af \u00feeirra angist<\/p>\n<p>\tog leiddi \u00fe\u00e1 \u00fat af \u00feeim myrkrunum og skugganum og \u00ed sundursleit \u00feeirra fj\u00f6tranir.<\/p>\n<p>\t\u00deeir hinir s\u00f6mu skulu Drottni \u00feakkir gj\u00f6ra fyrir hans miskunnsemi og fyrir hans d\u00e1semdir \u00fe\u00e6r e\u00f0 hann veitir mannanna sonum.<\/p>\n<p>\t\u00dev\u00ed a\u00f0 hann uppbr\u00fdtur eirhli\u00f0in og \u00ed sundursl\u00e6r j\u00e1rngrindurnar.<\/p>\n<p>\t\u00deeir heimsku menn sem pl\u00e1ga\u00f0ir ver\u00f0a vegna sinnar yfirtro\u00f0ningar og fyrir sinna synda sakir <span class=\"athugasemd\" title=\"III \/ \u00deeir \u00feri\u00f0ju eru heimskir, \u00fea\u00f0 er \u00f3gu\u00f0hr\u00e6ddir og vondslega lifandi, \u00feeir e\u00f0 sj\u00fakd\u00f3mi slegnir ver\u00f0a, en Gu\u00f0 hj\u00e1lpar \u00feeim so \u00feeir deyja ekki\">[<\/span> <\/p>\n<p>\tso a\u00f0 \u00fe\u00e1 velgdi vi\u00f0 \u00f6llum mat og ur\u00f0u dau\u00f0sj\u00fakir.<\/p>\n<p>\tOg \u00feeir k\u00f6llu\u00f0u til Drottins \u00ed \u00feeirra ney\u00f0 og hann hj\u00e1lpa\u00f0i \u00feeim \u00fat af \u00feeirra angist.<\/p>\n<p>\tHann sendi sitt or\u00f0 og gj\u00f6r\u00f0i \u00fe\u00e1 heilbrig\u00f0a og frelsa\u00f0i \u00fe\u00e1 svo a\u00f0 \u00feeir l\u00e9tust ekki.<\/p>\n<p>\t\u00deeir hinir s\u00f6mu skulu Drottni \u00feakkir gj\u00f6ra fyrir hans miskunnsemi og fyrir hans d\u00e1semdir \u00fe\u00e6r e\u00f0 hann veitir mannanna sonum<\/p>\n<p>\tog f\u00f3rnf\u00e6ra honum helgioffur lofsins og framtelja hans verk me\u00f0 f\u00f6gnu\u00f0i.<\/p>\n<p>\t\u00deeir e\u00f0 me\u00f0 skipunum fara um sj\u00f3inn og fremja s\u00edna handt\u00e9ran \u00e1 st\u00f3rv\u00f6tnunum, <span class=\"athugasemd\" title=\"IIII \/ \u00deeir fj\u00f3r\u00f0u eru \u00feeir sem \u00far sj\u00e1varh\u00e1ska eru frelsa\u00f0ir\">[<\/span> <\/p>\n<p>\t\u00feeir e\u00f0 verkin Drottins hafa fors\u00f3tt og hans d\u00e1semdir \u00e1 sj\u00e1varh\u00f6funum.<\/p>\n<p>\tN\u00e6r hann tala\u00f0i \u00fe\u00e1 hreyf\u00f0ist stormvindurinn s\u00e1 e\u00f0 \u00f6ldurnar upph\u00f3f.<\/p>\n<p>\t\u00deeir voru uppi vi\u00f0 himnum a\u00f0 sj\u00e1 og ri\u00f0u svo allt \u00ed dj\u00fapin ni\u00f0ur so a\u00f0 \u00feeirra aund h\u00fan skelfdist af angist.<\/p>\n<p>\t\u00deeir tumbu\u00f0u og reiku\u00f0u sem annar drukkinn ma\u00f0ur og engin r\u00e1\u00f0 vissu \u00feeir lengur.<\/p>\n<p>\tOg \u00feeir k\u00f6llu\u00f0u til Drottins \u00ed \u00feeirra ney\u00f0 og hann hj\u00e1lpa\u00f0i \u00feeim \u00far \u00feeirra angist.<\/p>\n<p>\tOg hann stillti \u00feann st\u00f3ra storm so a\u00f0 bylgjurnar l\u00e6kku\u00f0u sig.<\/p>\n<p>\tOg \u00feeir ur\u00f0u gla\u00f0ir vi\u00f0 \u00fea\u00f0 logn var or\u00f0i\u00f0 og hann leiddi \u00fe\u00e1 til lands eftir \u00feeirra vild.<\/p>\n<p>\t\u00deeir hinir s\u00f6mu skulu Drottni \u00feakkir gj\u00f6ra fyrir hans miskunnsemi og fyrir hans d\u00e1semdir \u00fe\u00e6r e\u00f0 hann veitir mannanna sonum<\/p>\n<p>\tog hei\u00f0ra hann \u00ed samkundunni og lofa hann \u00ed hj\u00e1 \u00f6ldungunum.<\/p>\n<p>\t\u00deeir hverra rennandi l\u00e6kir upp\u00feorna\u00f0ir og \u00feeirra vatskeldur framhlaupnar voru <span class=\"athugasemd\" title=\"V \/ \u00deeir fimmtu, \u00feeir sem me\u00f0 \u00f3ve\u00f0r\u00e1ttu pl\u00e1gast og f\u00e1 aftur hagst\u00e6\u00f0a ve\u00f0r\u00e1ttu og jar\u00f0ar\u00e1v\u00f6xt\">[<\/span> <\/p>\n<p>\tso \u00fea\u00f0 frj\u00f3sama land var\u00f0 \u00e1vaxtarlaust fyrir sakir illsku \u00feeirra sem \u00fear inni bjuggu.<\/p>\n<p>\tOg hann l\u00e9t i \u00fea\u00f0 \u00feurra land koma n\u00f3glegt vatn og \u00e1 \u00feurrlendi\u00f0 uppsprettubrunna<\/p>\n<p>\tog setti \u00fear ni\u00f0ur hina hungru\u00f0u so a\u00f0 \u00feeir tilbyggi s\u00e9r sta\u00f0 \u00fear e\u00f0 \u00feeir kynni \u00ed a\u00f0 b\u00faa<\/p>\n<p>\tog m\u00e6tti s\u00e1 \u00fear akra og planta \u00fear v\u00edngar\u00f0a og \u00feeir fengu \u00e1rlegan \u00e1v\u00f6xt.<\/p>\n<p>\tOg hann blessa\u00f0i \u00fe\u00e1 svo a\u00f0 \u00feeir fj\u00f6lgu\u00f0ust n\u00e6sta og gaf \u00feeim margt kvikf\u00e9.<\/p>\n<p>\t\u00deeir hverjir ni\u00f0ur\u00ferykktir og hraktir voru af \u00feeim illskum\u00f6nnum sem \u00fe\u00e1 \u00fevingu\u00f0u og \u00ed \u00fej\u00e1ning h\u00f6f\u00f0u, <span class=\"athugasemd\" title=\"VI \/ S\u00e9ttu eru sem pl\u00e1ga\u00f0ir eru af v\u00edkingum og \u00f3fri\u00f0i og f\u00e1 s\u00ed\u00f0an aftur\">[<\/span> <\/p>\n<p>\t\u00fe\u00e1 e\u00f0 fyrirlitningunni var \u00fathellt yfir h\u00f6f\u00f0ingjana svo \u00fea\u00f0 allt landi\u00f0 f\u00f3r villt og var \u00ed ey\u00f0i.<\/p>\n<p>\tOg hann hj\u00e1lpa\u00f0i hinum vola\u00f0a \u00fat af ves\u00f6ldinni og fj\u00f6lga\u00f0i hans \u00e6tt l\u00edka sem a\u00f0ra sau\u00f0ahj\u00f6r\u00f0.<\/p>\n<p>\tSvoddan skulu hinir r\u00e9ttl\u00e1tu sj\u00e1 og gle\u00f0jast af og \u00e1 allri illgirni skal munnurinn tilbyrg\u00f0ur ver\u00f0a.<\/p>\n<p>\tHver er skynsamur og <span class=\"athugasemd\" title=\"sword Minnist \u00feetta og hugsar h\u00e9r eftir\">[<\/span> hyggur a\u00f0 \u00feessu? S\u00e1 mun formerkja hversu margh\u00e1tta\u00f0ar miskunnsemdir \u00fea\u00f0 Drottinn au\u00f0s\u00fdnir.<\/p>\n","protected":false},"excerpt":{"rendered":"<p>CVII. \u00deessi s\u00e1lmur er ein almennileg \u00feakkargj\u00f6r\u00f0 hversu Gu\u00f0 hann hj\u00e1lpar allsh\u00e1ttu\u00f0um m\u00f6nnum \u00far allsh\u00e1ttu\u00f0um h\u00e1skasemdum, svo sem S. P\u00e1ll segir \u00ed T\u00edm. y: Hann er frelsari allra manna. \u00deakki \u00fe\u00e9r Drottni \u00fev\u00ed hann er g\u00f3\u00f0gjarn og hans miskunnsemi varir a\u00f0 eil\u00edfu. Segi \u00fe\u00e9r sem frelsa\u00f0ir eru af Drottni, hverja hann hefur til samans safna\u00f0 burt \u00far l\u00f6ndunum, fr\u00e1 austri og vestri, fr\u00e1 nor\u00f0rinu og \u00ed fr\u00e1 sj\u00e1varhafinu. \u00deeir sem villtir f\u00f3ru \u00fat \u00ed ey\u00f0im\u00f6rkinni, \u00e1 \u00feeim \u00f6r\u00e6fisveginum, og fundu \u00f6ngvan sta\u00f0 \u00fear \u00feeir g\u00e1tu \u00ed b\u00fai\u00f0, hungra\u00f0ir og \u00feyrstir og s\u00e1lir \u00feeirra \u00f3m\u00e6tti upp \u00ed \u00feeim. [ Og \u00feeir <a href=\"https:\/\/biblian.is\/gudbrandsbiblia\/salmarnir-107-kafli\/\"> [&#8230;]<\/a><\/p>\n","protected":false},"author":1,"featured_media":0,"parent":0,"menu_order":0,"comment_status":"open","ping_status":"open","template":"bibliukaflar.php","meta":{"footnotes":""},"class_list":["post-3279","page","type-page","status-publish","hentry"],"_links":{"self":[{"href":"https:\/\/biblian.is\/gudbrandsbiblia\/wp-json\/wp\/v2\/pages\/3279","targetHints":{"allow":["GET"]}}],"collection":[{"href":"https:\/\/biblian.is\/gudbrandsbiblia\/wp-json\/wp\/v2\/pages"}],"about":[{"href":"https:\/\/biblian.is\/gudbrandsbiblia\/wp-json\/wp\/v2\/types\/page"}],"author":[{"embeddable":true,"href":"https:\/\/biblian.is\/gudbrandsbiblia\/wp-json\/wp\/v2\/users\/1"}],"replies":[{"embeddable":true,"href":"https:\/\/biblian.is\/gudbrandsbiblia\/wp-json\/wp\/v2\/comments?post=3279"}],"version-history":[{"count":0,"href":"https:\/\/biblian.is\/gudbrandsbiblia\/wp-json\/wp\/v2\/pages\/3279\/revisions"}],"wp:attachment":[{"href":"https:\/\/biblian.is\/gudbrandsbiblia\/wp-json\/wp\/v2\/media?parent=3279"}],"curies":[{"name":"wp","href":"https:\/\/api.w.org\/{rel}","templated":true}]}}