{"id":3278,"date":"2017-12-18T18:33:11","date_gmt":"2017-12-18T18:33:11","guid":{"rendered":"http:\/\/biblian.is\/gudbrandsbiblia\/salmarnir-106-kafli\/"},"modified":"2017-12-18T18:33:11","modified_gmt":"2017-12-18T18:33:11","slug":"salmarnir-106-kafli","status":"publish","type":"page","link":"https:\/\/biblian.is\/gudbrandsbiblia\/salmarnir-106-kafli\/","title":{"rendered":"S\u00e1lmarnir 106. kafli"},"content":{"rendered":"<p>CVI.<\/p>\n<p>Halel\u00faja.<\/p>\n<p>\u00deakki \u00fe\u00e9r Drottni \u00fev\u00ed a\u00f0 hann er g\u00f3\u00f0ur og hans miskunnsemi varir eil\u00edflega. <span class=\"athugasemd\" title=\"S\u00e1l. 107. 118. 136 \/ S\u00edr. 43\">[<\/span> <\/p>\n<p>\tHver kann kraftaverki Drottins \u00fat a\u00f0 segja og \u00f6ll hans d\u00e1semdarverk a\u00f0 lofa? <\/p>\n<p>\tS\u00e6lir eru \u00feeir sem var\u00f0veita r\u00e9ttindin og gj\u00f6ra alla t\u00edma hva\u00f0 r\u00e9ttfer\u00f0ugt er.<\/p>\n<p>\tMinnstu m\u00edn, Drottinn, eftir \u00feeirri miskunn e\u00f0 \u00fe\u00fa hefur til sagt f\u00f3lki \u00fe\u00ednu. Veittu oss \u00feitt hj\u00e1lpr\u00e6\u00f0i<\/p>\n<p>\tsvo a\u00f0 v\u00e9r megum sj\u00e1 velfer\u00f0 \u00feinna \u00fatvaldra og a\u00f0 gle\u00f0ja oss yfir \u00fev\u00ed \u00fea\u00f0 \u00fe\u00ednu f\u00f3lki vel vegnar og a\u00f0 hr\u00f3sa oss me\u00f0ur \u00feinni arfleif\u00f0.<\/p>\n<p>\tV\u00e9r h\u00f6fum syndgast me\u00f0ur forfe\u00f0rum vorum, v\u00e9r h\u00f6fum misgj\u00f6rt og h\u00f6fum \u00f3gu\u00f0hr\u00e6ddir veri\u00f0.<\/p>\n<p>\tFe\u00f0ur vorir \u00e1 Egyptalandi vildu ekki skilja \u00fe\u00ednar d\u00e1semdir, \u00feeir hugleiddu ekki mikilleik \u00feinna miskunnsemda og voru \u00f3hl\u00fd\u00f0ugir vi\u00f0 sj\u00e1varhafi\u00f0, einkum vi\u00f0 hafi\u00f0 rau\u00f0a.\t<\/p>\n<p>\tEn hann hj\u00e1lpa\u00f0i \u00feeim fyrir s\u00edns nafns sakir so a\u00f0 hann au\u00f0s\u00fdndi s\u00edna magt<\/p>\n<p>\tog hann hasta\u00f0i \u00e1 hafi\u00f0 rau\u00f0a, \u00fe\u00e1 var\u00f0 \u00fea\u00f0 burt og hann leiddi \u00fe\u00e1 \u00ed gegnum undirdj\u00fapi\u00f0 l\u00edka sem um a\u00f0ra ey\u00f0im\u00f6rk.<\/p>\n<p>\tOg hann frelsa\u00f0i \u00fe\u00e1 \u00fat af hendi \u00feeirra sem \u00fe\u00e1 h\u00f6t\u00f6\u00f0u og leysti \u00fe\u00e1 \u00fat af hendi \u00f3vinarins. <span class=\"athugasemd\" title=\"Exod. 14\">[<\/span><\/p>\n<p>\tOg vatni\u00f0 \u00fea\u00f0 drekkti \u00feeirra m\u00f3tst\u00f6\u00f0um\u00f6nnum svo \u00fea\u00f0 enginn \u00feeirra var\u00f0 eftir. <\/p>\n<p>\t\u00de\u00e1 tr\u00fa\u00f0u \u00feeir \u00e1 hans or\u00f0 og sungu honum lof. <span class=\"athugasemd\" title=\"Exod. 15\">[<\/span><\/p>\n<p>\tEn \u00feeir forgleymdu snarlega hans verkum, \u00feeir bi\u00f0u ekki eftir hans r\u00e1\u00f0um.<\/p>\n<p>\tOg \u00feeir fengu girndarf\u00fdsn \u00e1 ey\u00f0im\u00f6rkinni og freistu\u00f0u Gu\u00f0s \u00e1 \u00feeim \u00f6r\u00e6fis\u00f3bygg\u00f0um. <span class=\"athugasemd\" title=\"Exod. 17 \/ Num. 11\">[<\/span> <\/p>\n<p>\tOg hann veitti \u00feeim \u00feeirra b\u00e6nasta\u00f0 og sendi \u00feeim n\u00f3gan sa\u00f0ning svo a\u00f0 \u00fe\u00e1 velgdi \u00fear vi\u00f0.<\/p>\n<p>\tOg \u00ed herb\u00fa\u00f0unum settu \u00feeir sig upp \u00e1 m\u00f3ti Mosen, \u00ed m\u00f3t Aron \u00feeim heilaga Drottins.<\/p>\n<p>\tJ\u00f6r\u00f0in opna\u00f0i sig upp og gleypti Datan og lukti sig \u00fat yfir Ab\u00edram <span class=\"athugasemd\" title=\"Num. 16\">[<\/span> <\/p>\n<p>\tog eldurinn tendra\u00f0ist upp \u00ed \u00feeirra samkundum, loginn hann uppbrenndi hina \u00f3gu\u00f0legu.<\/p>\n<p>\t\u00deeir gj\u00f6r\u00f0u s\u00e9r k\u00e1lf \u00ed H\u00f3reb og tilb\u00e1\u00f0u \u00fea\u00f0 steypt sk\u00fargo\u00f0 <span class=\"athugasemd\" title=\"Exod. 32\">[<\/span> <\/p>\n<p>\tog \u00feeir umsneru <span class=\"athugasemd\" title=\"sword \u00dea\u00f0 er, Gu\u00f0i \/ R\u00f3m. 1\">[<\/span> \u00feeirra d\u00fdr\u00f0 \u00fat \u00ed l\u00edking nauts \u00feess e\u00f0 grasi\u00f0 \u00e9tur.<\/p>\n<p>\t\u00deeir forgleymdu Gu\u00f0i sem \u00fe\u00e1 haf\u00f0i frelsa\u00f0, hver e\u00f0 soddan st\u00f3rmerki haf\u00f0i gj\u00f6rt \u00e1 Egyptalandi,<\/p>\n<p>\td\u00e1semdarverkin \u00ed landinu Kam og \u00feau hr\u00e6\u00f0ilegu undurin \u00ed hafinu rau\u00f0a.<\/p>\n<p>\tOg hann sag\u00f0i \u00fea\u00f0 hann vildi afm\u00e1 \u00fe\u00e1, ef a\u00f0 M\u00f3ses hans hinn \u00fatvaldi hef\u00f0i ekki aftra\u00f0 \u00feeirri mannpl\u00e1gu til a\u00f0 stilla hans rei\u00f0i svo a\u00f0 hann glata\u00f0i \u00feeim ekki me\u00f0 \u00f6llu. <span class=\"athugasemd\" title=\"Exod. 24\">[<\/span> <\/p>\n<p>\tOg \u00feeir forsm\u00e1\u00f0u \u00fea\u00f0 hi\u00f0 \u00e1g\u00e6ta landi\u00f0, \u00feeir tr\u00fa\u00f0u ekki hans or\u00f0um. <span class=\"athugasemd\" title=\"Num. 14\">[<\/span> <\/p>\n<p>\tOg \u00feeir m\u00f6glu\u00f0u \u00ed s\u00ednum landtj\u00f6ldum, \u00feeir hl\u00fdddu ekki raust Drottins.<\/p>\n<p>\tOg hann h\u00f3f s\u00edna h\u00f6nd upp \u00ed m\u00f3ti \u00feeim svo \u00fea\u00f0 hann ni\u00f0ursl\u00e6gi \u00fe\u00e1 \u00ed ey\u00f0im\u00f6rkinni.<\/p>\n<p>\tOg hann \u00ed burtfleyg\u00f0i \u00feeirra s\u00e6\u00f0i me\u00f0al hei\u00f0inna \u00fej\u00f3\u00f0a og \u00ed sundurdreif\u00f0i \u00feeim \u00fat \u00ed l\u00f6ndin.<\/p>\n<p>\tOg \u00feeir g\u00e1fu sig til Baal Pe\u00f3r og \u00e1tu af f\u00f3rnf\u00e6ringum dau\u00f0ra sk\u00fargo\u00f0a. <span class=\"athugasemd\" title=\"Num. 25\">[<\/span> <\/p>\n<p>\tOg \u00feeir reittu hann me\u00f0 s\u00ednum verkum, \u00fe\u00e1 kom og svo pl\u00e1gan \u00e1 me\u00f0al \u00feeirra. <span class=\"athugasemd\" title=\"Exod. 17 \/ Num. 20\">[<\/span> <\/p>\n<p>\t\u00de\u00e1 gekk fram P\u00edneas og forl\u00edkti \u00fea\u00f0 sakferli so \u00fe\u00e1 t\u00f3k pl\u00e1gan a\u00f0 linna<\/p>\n<p>\tog \u00fea\u00f0 sama var honum reikna\u00f0 til r\u00e9ttl\u00e6tis um aldir og a\u00f0 eil\u00edfu.<\/p>\n<p>\tOg \u00feeir reittu hann vi\u00f0 M\u00f3tm\u00e6lisvatni\u00f0 og \u00feeir angru\u00f0u Mosen illa<\/p>\n<p>\t\u00fev\u00ed a\u00f0 \u00feeir sturlu\u00f0u hans hjarta so a\u00f0 honum hrutu nokkur or\u00f0.<\/p>\n<p>\tEkki heldur afm\u00e1\u00f0u \u00feeir \u00fe\u00e6r \u00fej\u00f3\u00f0irnar hverjar e\u00f0 Drottinn haf\u00f0i \u00fe\u00f3 skipa\u00f0 \u00feeim, <span class=\"athugasemd\" title=\"Deut. 12 \/ Jud. 1\">[<\/span><\/p>\n<p>\theldur sambl\u00f6ndu\u00f0u \u00feeir sig me\u00f0al hei\u00f0inna \u00fej\u00f3\u00f0a og l\u00e6r\u00f0u svo verkin \u00feeirra hinna s\u00f6mu<\/p>\n<p>\tog \u00fej\u00f3nu\u00f0u \u00feeirra sk\u00fargo\u00f0um, \u00fea\u00f0 sama var\u00f0 \u00feeim til falls. <span class=\"athugasemd\" title=\"3. Reg. 11. 12\">[<\/span> <\/p>\n<p>\tOg \u00feeir offru\u00f0u sonu s\u00edna og d\u00e6tur s\u00ednar dj\u00f6fl\u00f6num. <\/p>\n<p>\tOg \u00feeir \u00fathelltu saklausu bl\u00f3\u00f0i, bl\u00f3\u00f0i sona sinna og d\u00e6tra sem \u00feeir offru\u00f0u sk\u00fargo\u00f0unum Kanaan, svo a\u00f0 landi\u00f0 var\u00f0 me\u00f0 bl\u00f3\u00f0skuldum flekka\u00f0. <span class=\"athugasemd\" title=\"4. Reg. 16\">[<\/span> <\/p>\n<p>\tOg \u00feeir saurgu\u00f0u sig so me\u00f0 s\u00ednum verkum og dr\u00fdg\u00f0u h\u00f3ranir \u00ed s\u00ednum tilfundingum.<\/p>\n<p>\t\u00de\u00e1 gramdist rei\u00f0i Drottins s\u00ednu f\u00f3lki og stugga\u00f0i vi\u00f0 sinni arfleif\u00f0 <span class=\"athugasemd\" title=\"4. Reg. 21. 23. 24 \/ 2. Para 34\">[<\/span> <\/p>\n<p>\tog gaf \u00fe\u00e1 \u00fat \u00ed hendur hei\u00f0ingjanna svo a\u00f0 \u00feeir sem \u00fe\u00e1 h\u00f6tu\u00f0u drottnu\u00f0u yfir \u00feeim<\/p>\n<p>\tog \u00feeirra \u00f3vinir \u00fevingu\u00f0u \u00fe\u00e1 og \u00feeir ur\u00f0u l\u00edtill\u00e6ttir undir \u00feeirra hendur. <\/p>\n<p>\tHann frelsa\u00f0i \u00fe\u00e1 oftsinnis en \u00feeir reittu hann me\u00f0 s\u00ednum \u00e1setningum og ur\u00f0u \u00fev\u00ed f\u00e1ir fyrir sinna misgj\u00f6r\u00f0a sakir.<\/p>\n<p>\tOg hann \u00e1leit \u00feeirra ney\u00f0 \u00fe\u00e1 e\u00f0 hann heyr\u00f0i \u00feeirra kveinkan<\/p>\n<p>\tog hann minntist \u00e1 sinn s\u00e1ttm\u00e1la vi\u00f0ur \u00fe\u00e1 gj\u00f6r\u00f0an og \u00fea\u00f0 sama i\u00f0ra\u00f0i hann eftir mikilleik sinnar miskunnsemdar<\/p>\n<p>\tog l\u00e9t \u00fe\u00e1 finna miskunn fyrir \u00f6llum \u00feeim sem \u00fe\u00e1 h\u00f6f\u00f0u herleidda.<\/p>\n<p>\tHj\u00e1lpa \u00fe\u00fa oss, Drottinn Gu\u00f0 vor, og samansafna oss \u00ed burt fr\u00e1 hei\u00f0num \u00fej\u00f3\u00f0um svo a\u00f0 v\u00e9r \u00fe\u00f6kkum \u00fe\u00ednu heil\u00f6gu nafni og pr\u00edsum \u00feitt lof.<\/p>\n<p>\tBlessa\u00f0ur s\u00e9 Drottin Gu\u00f0 \u00cdsrael a\u00f0 eil\u00edfu, um aldur og \u00e6vi og allt f\u00f3lki\u00f0 segi: Amen. Halel\u00faja.<\/p>\n","protected":false},"excerpt":{"rendered":"<p>CVI. Halel\u00faja. \u00deakki \u00fe\u00e9r Drottni \u00fev\u00ed a\u00f0 hann er g\u00f3\u00f0ur og hans miskunnsemi varir eil\u00edflega. [ Hver kann kraftaverki Drottins \u00fat a\u00f0 segja og \u00f6ll hans d\u00e1semdarverk a\u00f0 lofa? S\u00e6lir eru \u00feeir sem var\u00f0veita r\u00e9ttindin og gj\u00f6ra alla t\u00edma hva\u00f0 r\u00e9ttfer\u00f0ugt er. Minnstu m\u00edn, Drottinn, eftir \u00feeirri miskunn e\u00f0 \u00fe\u00fa hefur til sagt f\u00f3lki \u00fe\u00ednu. Veittu oss \u00feitt hj\u00e1lpr\u00e6\u00f0i svo a\u00f0 v\u00e9r megum sj\u00e1 velfer\u00f0 \u00feinna \u00fatvaldra og a\u00f0 gle\u00f0ja oss yfir \u00fev\u00ed \u00fea\u00f0 \u00fe\u00ednu f\u00f3lki vel vegnar og a\u00f0 hr\u00f3sa oss me\u00f0ur \u00feinni arfleif\u00f0. V\u00e9r h\u00f6fum syndgast me\u00f0ur forfe\u00f0rum vorum, v\u00e9r h\u00f6fum misgj\u00f6rt og h\u00f6fum \u00f3gu\u00f0hr\u00e6ddir veri\u00f0. Fe\u00f0ur vorir <a href=\"https:\/\/biblian.is\/gudbrandsbiblia\/salmarnir-106-kafli\/\"> [&#8230;]<\/a><\/p>\n","protected":false},"author":1,"featured_media":0,"parent":0,"menu_order":0,"comment_status":"open","ping_status":"open","template":"bibliukaflar.php","meta":{"footnotes":""},"class_list":["post-3278","page","type-page","status-publish","hentry"],"_links":{"self":[{"href":"https:\/\/biblian.is\/gudbrandsbiblia\/wp-json\/wp\/v2\/pages\/3278","targetHints":{"allow":["GET"]}}],"collection":[{"href":"https:\/\/biblian.is\/gudbrandsbiblia\/wp-json\/wp\/v2\/pages"}],"about":[{"href":"https:\/\/biblian.is\/gudbrandsbiblia\/wp-json\/wp\/v2\/types\/page"}],"author":[{"embeddable":true,"href":"https:\/\/biblian.is\/gudbrandsbiblia\/wp-json\/wp\/v2\/users\/1"}],"replies":[{"embeddable":true,"href":"https:\/\/biblian.is\/gudbrandsbiblia\/wp-json\/wp\/v2\/comments?post=3278"}],"version-history":[{"count":0,"href":"https:\/\/biblian.is\/gudbrandsbiblia\/wp-json\/wp\/v2\/pages\/3278\/revisions"}],"wp:attachment":[{"href":"https:\/\/biblian.is\/gudbrandsbiblia\/wp-json\/wp\/v2\/media?parent=3278"}],"curies":[{"name":"wp","href":"https:\/\/api.w.org\/{rel}","templated":true}]}}