{"id":3276,"date":"2017-12-18T18:33:11","date_gmt":"2017-12-18T18:33:11","guid":{"rendered":"http:\/\/biblian.is\/gudbrandsbiblia\/salmarnir-104-kafli\/"},"modified":"2017-12-18T18:33:11","modified_gmt":"2017-12-18T18:33:11","slug":"salmarnir-104-kafli","status":"publish","type":"page","link":"https:\/\/biblian.is\/gudbrandsbiblia\/salmarnir-104-kafli\/","title":{"rendered":"S\u00e1lmarnir 104. kafli"},"content":{"rendered":"<p>CIIII.<\/p>\n<p>Lof seg \u00fe\u00fa Drottni, \u00f6nd m\u00edn, Drottinn minn Gu\u00f0, n\u00e6sta vegsamlegur \u00fe\u00e1 ertu, fagurlegana og d\u00fdr\u00f0lega ertu pr\u00fdddur.<\/p>\n<p>\tLj\u00f3sonu ertu skr\u00fdddur svo sem \u00f6\u00f0ru kl\u00e6\u00f0i, \u00fe\u00fa \u00fatbrei\u00f0ir himininn sem anna\u00f0 vefna\u00f0artjald. <span class=\"athugasemd\" title=\"Himinninn\">[<\/span> <\/p>\n<p>\t\u00de\u00fa hvelfir hann ofan me\u00f0 v\u00f6tnunum, \u00fe\u00fa fer \u00e1 sk\u00fdjunum sem \u00e1 \u00f6\u00f0rum vagni og gengur \u00e1 fj\u00f6\u00f0rum vindsins.<\/p>\n<p>\t\u00de\u00fa sem gj\u00f6rir \u00fe\u00edna engla a\u00f0 vindsanda og \u00fe\u00edna \u00fe\u00e9nara a\u00f0 eldsloga, <span class=\"athugasemd\" title=\"Ebre. 1\">[<\/span> <\/p>\n<p>\t\u00fe\u00fa sem grundvalla\u00f0 hefur jar\u00f0r\u00edki\u00f0 yfir sinni sta\u00f0festu so a\u00f0 \u00fea\u00f0 bl\u00edfur um aldur og \u00e6vi. <span class=\"athugasemd\" title=\"J\u00f6r\u00f0in\">[<\/span> <\/p>\n<p>\tMe\u00f0ur undirdj\u00fapinu hylur \u00fe\u00fa \u00fea\u00f0 so sem me\u00f0 \u00f6\u00f0ru kl\u00e6\u00f0i og v\u00f6tnin standa upp yfir fj\u00f6llunum.<\/p>\n<p>\tEn fyrir \u00feinni str\u00f6ffun \u00fe\u00e1 fl\u00fdja \u00feau, fyrir hlj\u00f3\u00f0i \u00feinnar rei\u00f0ar\u00ferumu fara \u00feau burt \u00fea\u00f0an.<\/p>\n<p>\tFj\u00f6llin \u00feau gn\u00e6fa h\u00e1tt upp og dalirnir \u00feeir l\u00e6gja sig \u00fear undir, \u00fat \u00ed \u00feeim sta\u00f0 sem \u00fe\u00fa hefur \u00feau grundvalla\u00f0.<\/p>\n<p>\tTakmark hefur \u00fe\u00fa sett, \u00fear komast \u00feau ei \u00fat yfir og \u00feau mega ekki j\u00f6r\u00f0ina a\u00f0 n\u00fdju hylja.<\/p>\n<p>\t\u00de\u00fa l\u00e6tur brunnana uppspretta \u00ed sm\u00e1d\u00f6lunum so \u00fea\u00f0 v\u00f6tnin framflj\u00f3ta milli fjallanna<\/p>\n<p>\tso \u00fea\u00f0 \u00f6ll d\u00fdr \u00e1 m\u00f6rkunum f\u00e1i a\u00f0 drekka og \u00fea\u00f0 villid\u00fdrin sl\u00f6kkvi sinn \u00feorsta.<\/p>\n<p>\tHj\u00e1 \u00feeim hinum s\u00f6mum sitja fuglar loftsins og syngja \u00e1 millum vi\u00f0arkvistanna.<\/p>\n<p>\t\u00de\u00fa v\u00f6kvar fj\u00f6llin h\u00e9r ofan a\u00f0, \u00fe\u00fa fyllir landi\u00f0 af \u00e1vextinum sem \u00fe\u00fa gefur.<\/p>\n<p>\t\u00de\u00fa l\u00e6tur grasi\u00f0 uppspretta fyrir f\u00e9na\u00f0inn og korns\u00e6\u00f0i\u00f0 m\u00f6nnum til nytsemda so \u00fea\u00f0 \u00fe\u00fa \u00fatlei\u00f0ir brau\u00f0i\u00f0 af j\u00f6r\u00f0unni<\/p>\n<p>\tog a\u00f0 v\u00edni\u00f0 gle\u00f0ji mannsins hjarta og a\u00f0 hans \u00e1sj\u00f3n h\u00fdrleg ver\u00f0i \u00fat af vi\u00f0smj\u00f6rinu og a\u00f0 brau\u00f0i\u00f0 styrki mannsins hjarta,<\/p>\n<p>\tso \u00fea\u00f0 <span class=\"athugasemd\" title=\"a \/ Tr\u00e9 Drottins kallar hann \u00feau sem ei eru af m\u00f6nnum pl\u00f6ntu\u00f0\">[<\/span> sk\u00f3gartr\u00e9n Drottins standa hla\u00f0in me\u00f0 <span class=\"athugasemd\" title=\"sword Safa\">[<\/span> frj\u00f3vgan, \u00feau sedrustr\u00e9n \u00ed L\u00edbanon sem sj\u00e1lfur hann hefur planta\u00f0.<\/p>\n<p>\t\u00dear hrei\u00f0ra sig fuglarnir og storkarnir byggja upp \u00ed grenivi\u00f0artrj\u00e1num.<\/p>\n<p>\t\u00deau h\u00e1vu bj\u00f6rgin eru steingeitanna athvarf og bjargskorurnar <span class=\"athugasemd\" title=\"sword k\u00fan\u00edsanna\">[<\/span> sm\u00e1d\u00fdranna inni.<\/p>\n<p>\t\u00de\u00fa gj\u00f6rir tungli\u00f0, \u00e1rinu \u00fear eftir a\u00f0 skipta, s\u00f3lin h\u00fan veit s\u00edna ni\u00f0urg\u00f6ngu.<\/p>\n<p>\t\u00de\u00fa gj\u00f6rir myrkt so a\u00f0 n\u00f3ttin ver\u00f0ur, \u00fe\u00e1 hreyfa s\u00e9r \u00f6ll villud\u00fdr.<\/p>\n<p>\t\u00deau inu ungu le\u00f3nin grenja \u00fe\u00e1 eftir br\u00e1\u00f0inni og leita sinnar f\u00e6\u00f0slu af Gu\u00f0i.<\/p>\n<p>\tEn n\u00e6r s\u00f3lin gengur upp taka \u00feau sig \u00ed burt \u00fea\u00f0an og leggja sig \u00ed sitt b\u00e6li.<\/p>\n<p>\t\u00de\u00e1 gengur ma\u00f0urinn \u00fat til s\u00edns verks og er a\u00f0 sinni vinnu allt til kveldins.<\/p>\n<p>\tDrottinn, hversu mikil og m\u00f6rg a\u00f0 eru \u00fe\u00edn verk, \u00f6ll hefur \u00fe\u00fa \u00feau me\u00f0 speki tilsett og j\u00f6r\u00f0in er full af \u00feinni g\u00f3\u00f0girni.<\/p>\n<p>\tSj\u00e1varhafi\u00f0 \u00fea\u00f0 sem er svo v\u00edtt og miki\u00f0, \u00fear sveima inni \u00f3teljanlegar b\u00e6\u00f0i sm\u00e1r kindur og st\u00f3rar. <span class=\"athugasemd\" title=\"Sj\u00f3rinn\">[<\/span> <\/p>\n<p>\t\u00dear \u00ed gegnum ganga skipin, \u00fear inni eru \u00feeir hvalir hverja e\u00f0 \u00fe\u00fa hefur gj\u00f6rt so \u00fea\u00f0 \u00feeir leika s\u00e9r \u00fear inni.<\/p>\n<p>\t\u00deetta vonar allt upp \u00e1 \u00feig so a\u00f0 \u00fe\u00fa gefur \u00feeim f\u00e6\u00f0slu \u00ed hallkv\u00e6mam t\u00edma. <span class=\"athugasemd\" title=\"S\u00e1l. 136 \/ 145 \/ Math. 6\">[<\/span> <\/p>\n<p>\tN\u00e6r e\u00f0 \u00fe\u00fa gefur \u00feeim \u00fe\u00e1 samansafna \u00feeir, n\u00e6r e\u00f0 \u00fe\u00fa uppl\u00fdkur \u00feinni hendi \u00fe\u00e1 ver\u00f0a \u00feeir me\u00f0 <span class=\"athugasemd\" title=\"b \/ Me\u00f0 f\u00f6gnu\u00f0i og gle\u00f0i\">[<\/span> g\u00f3\u00f0semd saddir.<\/p>\n<p>\tHylur \u00fe\u00fa \u00feitt andlit \u00fe\u00e1 skelfast \u00feeir, \u00fe\u00fa \u00ed burt tekur \u00feeirra andardr\u00e1tt, \u00fe\u00e1 fyrirfarast \u00feeir og ver\u00f0a svo aftur a\u00f0 dufti.<\/p>\n<p>\t\u00de\u00fa \u00fatsendir \u00feinn anda, \u00fe\u00e1 skapast \u00feeir og \u00fe\u00fa endurn\u00fdjar augs\u00fdn jar\u00f0arinnar.<\/p>\n<p>\tD\u00fdr\u00f0in Drottins er eil\u00edfleg, Drottinn hann hefur \u00fe\u00f3knan \u00e1 s\u00ednum verkum.<\/p>\n<p>\tHann \u00e1l\u00edtur j\u00f6r\u00f0ina, \u00fe\u00e1 skelfur h\u00fan, hann \u00e1hr\u00e6rir fj\u00f6llin, \u00fe\u00e1 r\u00fdkur af \u00feeim.<\/p>\n<p>\tEg vil lofsyngja Drottni m\u00edna l\u00edfdaga og minn Gu\u00f0 lofa \u00e6 so lengi sem eg er.<\/p>\n<p>\tM\u00edn r\u00e6\u00f0a ver\u00f0i honum \u00fe\u00e6gileg en eg gle\u00f0st \u00ed Drottni.<\/p>\n<p>\tHinir syndugu ver\u00f0a \u00ed burt sviptir af j\u00f6r\u00f0u og hinir \u00f3gu\u00f0hr\u00e6ddu so a\u00f0 \u00feeir s\u00e9 ei lengur. Lof seg \u00fe\u00fa, \u00f6nd m\u00edn, Drottni. Halel\u00faja.<\/p>\n","protected":false},"excerpt":{"rendered":"<p>CIIII. Lof seg \u00fe\u00fa Drottni, \u00f6nd m\u00edn, Drottinn minn Gu\u00f0, n\u00e6sta vegsamlegur \u00fe\u00e1 ertu, fagurlegana og d\u00fdr\u00f0lega ertu pr\u00fdddur. Lj\u00f3sonu ertu skr\u00fdddur svo sem \u00f6\u00f0ru kl\u00e6\u00f0i, \u00fe\u00fa \u00fatbrei\u00f0ir himininn sem anna\u00f0 vefna\u00f0artjald. [ \u00de\u00fa hvelfir hann ofan me\u00f0 v\u00f6tnunum, \u00fe\u00fa fer \u00e1 sk\u00fdjunum sem \u00e1 \u00f6\u00f0rum vagni og gengur \u00e1 fj\u00f6\u00f0rum vindsins. \u00de\u00fa sem gj\u00f6rir \u00fe\u00edna engla a\u00f0 vindsanda og \u00fe\u00edna \u00fe\u00e9nara a\u00f0 eldsloga, [ \u00fe\u00fa sem grundvalla\u00f0 hefur jar\u00f0r\u00edki\u00f0 yfir sinni sta\u00f0festu so a\u00f0 \u00fea\u00f0 bl\u00edfur um aldur og \u00e6vi. [ Me\u00f0ur undirdj\u00fapinu hylur \u00fe\u00fa \u00fea\u00f0 so sem me\u00f0 \u00f6\u00f0ru kl\u00e6\u00f0i og v\u00f6tnin standa upp yfir fj\u00f6llunum. En fyrir <a href=\"https:\/\/biblian.is\/gudbrandsbiblia\/salmarnir-104-kafli\/\"> [&#8230;]<\/a><\/p>\n","protected":false},"author":1,"featured_media":0,"parent":0,"menu_order":0,"comment_status":"open","ping_status":"open","template":"bibliukaflar.php","meta":{"footnotes":""},"class_list":["post-3276","page","type-page","status-publish","hentry"],"_links":{"self":[{"href":"https:\/\/biblian.is\/gudbrandsbiblia\/wp-json\/wp\/v2\/pages\/3276","targetHints":{"allow":["GET"]}}],"collection":[{"href":"https:\/\/biblian.is\/gudbrandsbiblia\/wp-json\/wp\/v2\/pages"}],"about":[{"href":"https:\/\/biblian.is\/gudbrandsbiblia\/wp-json\/wp\/v2\/types\/page"}],"author":[{"embeddable":true,"href":"https:\/\/biblian.is\/gudbrandsbiblia\/wp-json\/wp\/v2\/users\/1"}],"replies":[{"embeddable":true,"href":"https:\/\/biblian.is\/gudbrandsbiblia\/wp-json\/wp\/v2\/comments?post=3276"}],"version-history":[{"count":0,"href":"https:\/\/biblian.is\/gudbrandsbiblia\/wp-json\/wp\/v2\/pages\/3276\/revisions"}],"wp:attachment":[{"href":"https:\/\/biblian.is\/gudbrandsbiblia\/wp-json\/wp\/v2\/media?parent=3276"}],"curies":[{"name":"wp","href":"https:\/\/api.w.org\/{rel}","templated":true}]}}