{"id":3275,"date":"2017-12-18T18:33:11","date_gmt":"2017-12-18T18:33:11","guid":{"rendered":"http:\/\/biblian.is\/gudbrandsbiblia\/salmarnir-103-kafli\/"},"modified":"2017-12-18T18:33:11","modified_gmt":"2017-12-18T18:33:11","slug":"salmarnir-103-kafli","status":"publish","type":"page","link":"https:\/\/biblian.is\/gudbrandsbiblia\/salmarnir-103-kafli\/","title":{"rendered":"S\u00e1lmarnir 103. kafli"},"content":{"rendered":"<p>CIII.<\/p>\n<p>S\u00e1lmur Dav\u00ed\u00f0s.<\/p>\n<p>Lof seg \u00fe\u00fa, \u00f6nd m\u00edn, Drottni og allt hva\u00f0 \u00ed m\u00e9r er hans heil\u00f6gu nafni.<\/p>\n<p>\tLof seg \u00fe\u00fa Drottni, s\u00e1la m\u00edn og forgleym ei \u00f6llu \u00fev\u00ed g\u00f3\u00f0u sem hann hefur gj\u00f6rt m\u00e9r,<\/p>\n<p>\thann hver e\u00f0 fyrirgefur \u00fe\u00e9r allar \u00fe\u00ednar syndir og gr\u00e6\u00f0ir allar \u00fe\u00ednar meinsemdir,<\/p>\n<p>\thver e\u00f0 frelsar \u00feitt l\u00edt \u00fat af fordj\u00f6rfuninni og k\u00f3r\u00f3nar \u00feig me\u00f0 mildi og miskunnsemi,<\/p>\n<p>\thver e\u00f0 \u00feinn munn gla\u00f0v\u00e6ran gj\u00f6rir og endurn\u00fdjar \u00feig og ungan gj\u00f6rir, l\u00edka sem annan \u00f6rn.<\/p>\n<p>\tDrottinn hann \u00fatvegar \u00feeim r\u00e9ttl\u00e6ti og d\u00f3m \u00f6llum sem rangindin l\u00ed\u00f0a.<\/p>\n<p>\tHann l\u00e9t Mosen vita s\u00edna vegu og sonu \u00cdsrael s\u00edn verk.<\/p>\n<p>\tL\u00edknarfullur og miskunnsamur er Drottinn, \u00feolinm\u00f3\u00f0ur og harla g\u00f3\u00f0gjarn. <span class=\"athugasemd\" title=\"Exod. 34 \/ S\u00e1l. 145; 86\">[<\/span><\/p>\n<p>\tHann er ei alla \u00e6vina bystur og rei\u00f0ist ekki eil\u00edflegana.<\/p>\n<p>\tHann breytir ei vi\u00f0ur oss eftir vorum syndum og endurgeldur oss ekki eftir vorum misgj\u00f6rningum.<\/p>\n<p>\t\u00dev\u00ed a\u00f0 so h\u00e1tt sem \u00fea\u00f0 himinninn er upp yfir j\u00f6r\u00f0inni \u00fe\u00e1 l\u00e6tur hann s\u00edna miskunnsemi mikla vera yfir \u00feeim sem hann \u00f3ttast.<\/p>\n<p>\tSvo fjarri sem \u00fea\u00f0 austri\u00f0 er vestrinu so l\u00e6tur hann vorar misgj\u00f6r\u00f0ir oss fjarl\u00e6gar vera.<\/p>\n<p>\tL\u00edka sem \u00fea\u00f0 fa\u00f0irinn er b\u00f6rnunum l\u00edknsamur, eins \u00fe\u00e1 er Drottinn miskunnsamur vi\u00f0 \u00fe\u00e1 sem hann \u00f3ttast.<\/p>\n<p>\t\u00dev\u00ed a\u00f0 hann veit hva\u00f0a <span class=\"athugasemd\" title=\"a \/ Hva\u00f0 breyskt og veikt h\u00fas og bygging v\u00e9r erum, hafandi stutta og aumlega l\u00edfdaga\">[<\/span> verkefnum v\u00e9r erum, honum til hugar kemur \u00fea\u00f0 v\u00e9r erum duft jar\u00f0ar.<\/p>\n<p>\tMa\u00f0urinn er um s\u00edna l\u00edfdaga sem anna\u00f0 gras, l\u00edka sem bl\u00f3msturi\u00f0 akursins bl\u00f3mgast hann.<\/p>\n<p>\tN\u00e6r e\u00f0 andinn \u00ed burt l\u00ed\u00f0ur af honum \u00fe\u00e1 er hann ei meir og hans <span class=\"athugasemd\" title=\"b \/ Hann veit ekki meir af \u00fev\u00ed bl\u00f3mstri og minnist \u00feess ekki lengur\">[<\/span> sta\u00f0ur \u00feekkir hann ei lengur. <\/p>\n<p>\tEn miskunn Drottins varir um aldur og \u00e6vi yfir \u00feeim sem hann \u00f3ttast og hans r\u00e9ttl\u00e6ti er yfir barnab\u00f6rnum,<\/p>\n<p>\t\u00ed hj\u00e1 \u00feeim sem var\u00f0veita hans s\u00e1ttm\u00e1la og minnast \u00e1 hans bo\u00f0or\u00f0 svo a\u00f0 \u00feeir gj\u00f6ri \u00fear eftir.<\/p>\n<p>\tDrottinn hefur sinn veldisst\u00f3l \u00e1 himnum tilb\u00fai\u00f0 og hans r\u00edki \u00fea\u00f0 drottnar yfir \u00f6llum hlutum.<\/p>\n<p>\tLof segi\u00f0 Drottni, \u00fe\u00e9r allir hans englar, \u00fe\u00e9r \u00f6flugar kempur sem hans erindi \u00fatr\u00e9tta, svo a\u00f0 heyrist raust hans or\u00f0a. <span class=\"athugasemd\" title=\"Ebre. 1\">[<\/span> <\/p>\n<p>\tLof segi\u00f0 Drottni, allar hans hersveitir, hans \u00fe\u00e9narar, \u00fe\u00e9r sem hans vilja gj\u00f6ri\u00f0.<\/p>\n<p>\tLof segi\u00f0 Drottni, \u00f6ll hans verk \u00ed \u00f6llum \u00e1ttum hans herrad\u00e6mis, lof seg \u00fe\u00fa, \u00f6nd m\u00edn, Drottni.<\/p>\n","protected":false},"excerpt":{"rendered":"<p>CIII. S\u00e1lmur Dav\u00ed\u00f0s. Lof seg \u00fe\u00fa, \u00f6nd m\u00edn, Drottni og allt hva\u00f0 \u00ed m\u00e9r er hans heil\u00f6gu nafni. Lof seg \u00fe\u00fa Drottni, s\u00e1la m\u00edn og forgleym ei \u00f6llu \u00fev\u00ed g\u00f3\u00f0u sem hann hefur gj\u00f6rt m\u00e9r, hann hver e\u00f0 fyrirgefur \u00fe\u00e9r allar \u00fe\u00ednar syndir og gr\u00e6\u00f0ir allar \u00fe\u00ednar meinsemdir, hver e\u00f0 frelsar \u00feitt l\u00edt \u00fat af fordj\u00f6rfuninni og k\u00f3r\u00f3nar \u00feig me\u00f0 mildi og miskunnsemi, hver e\u00f0 \u00feinn munn gla\u00f0v\u00e6ran gj\u00f6rir og endurn\u00fdjar \u00feig og ungan gj\u00f6rir, l\u00edka sem annan \u00f6rn. Drottinn hann \u00fatvegar \u00feeim r\u00e9ttl\u00e6ti og d\u00f3m \u00f6llum sem rangindin l\u00ed\u00f0a. Hann l\u00e9t Mosen vita s\u00edna vegu og sonu \u00cdsrael s\u00edn <a href=\"https:\/\/biblian.is\/gudbrandsbiblia\/salmarnir-103-kafli\/\"> [&#8230;]<\/a><\/p>\n","protected":false},"author":1,"featured_media":0,"parent":0,"menu_order":0,"comment_status":"open","ping_status":"open","template":"bibliukaflar.php","meta":{"footnotes":""},"class_list":["post-3275","page","type-page","status-publish","hentry"],"_links":{"self":[{"href":"https:\/\/biblian.is\/gudbrandsbiblia\/wp-json\/wp\/v2\/pages\/3275","targetHints":{"allow":["GET"]}}],"collection":[{"href":"https:\/\/biblian.is\/gudbrandsbiblia\/wp-json\/wp\/v2\/pages"}],"about":[{"href":"https:\/\/biblian.is\/gudbrandsbiblia\/wp-json\/wp\/v2\/types\/page"}],"author":[{"embeddable":true,"href":"https:\/\/biblian.is\/gudbrandsbiblia\/wp-json\/wp\/v2\/users\/1"}],"replies":[{"embeddable":true,"href":"https:\/\/biblian.is\/gudbrandsbiblia\/wp-json\/wp\/v2\/comments?post=3275"}],"version-history":[{"count":0,"href":"https:\/\/biblian.is\/gudbrandsbiblia\/wp-json\/wp\/v2\/pages\/3275\/revisions"}],"wp:attachment":[{"href":"https:\/\/biblian.is\/gudbrandsbiblia\/wp-json\/wp\/v2\/media?parent=3275"}],"curies":[{"name":"wp","href":"https:\/\/api.w.org\/{rel}","templated":true}]}}