{"id":3274,"date":"2017-12-18T18:33:11","date_gmt":"2017-12-18T18:33:11","guid":{"rendered":"http:\/\/biblian.is\/gudbrandsbiblia\/salmarnir-102-kafli\/"},"modified":"2017-12-18T18:33:11","modified_gmt":"2017-12-18T18:33:11","slug":"salmarnir-102-kafli","status":"publish","type":"page","link":"https:\/\/biblian.is\/gudbrandsbiblia\/salmarnir-102-kafli\/","title":{"rendered":"S\u00e1lmarnir 102. kafli"},"content":{"rendered":"<p>CII.<\/p>\n<p>B\u00e6n hins f\u00e1r\u00e1\u00f0a n\u00e6r e\u00f0 hann kvelst \u00ed hugarangri og fyrir Drottni \u00fathellir sinni hrygg\u00f0arb\u00e6n.<\/p>\n<p>Drottinn, heyr \u00fe\u00fa b\u00e6n m\u00edna og l\u00e1ttu mitt \u00e1kall til \u00fe\u00edn koma.<\/p>\n<p>\tByrg ekki \u00feitt andlit fyrir m\u00e9r, \u00fat \u00ed ney\u00f0art\u00edma \u00fe\u00e1 hneig \u00fe\u00fa \u00feitt eyra til m\u00edn, n\u00e6r a\u00f0 eg kalla \u00e1 \u00feig \u00fe\u00e1 b\u00e6nheyr \u00fe\u00fa mig sem skj\u00f3tast.<\/p>\n<p>\t\u00dev\u00ed a\u00f0 m\u00ednir dagar eru \u00ed burt li\u00f0nir sem reykur og m\u00edn bein \u00feau eru forbrennd l\u00edka sem annar eldibrandur,<\/p>\n<p>\tmitt hjarta er slegi\u00f0 og upp\u00feorna\u00f0 l\u00edka sem anna\u00f0 gras svo \u00fea\u00f0 eg forgleymi m\u00edns brau\u00f0s a\u00f0 neyta.<\/p>\n<p>\tM\u00edn bein \u00feau lo\u00f0a vi\u00f0 mitt hold \u00fat af gr\u00e1ti og andvarpan.<\/p>\n<p>\tEg em vor\u00f0inn l\u00edka so sem <span class=\"athugasemd\" title=\"a \/ er \u00f3kenndur fugl \u00ed Nor\u00f0url\u00f6ndum, \u00e1 lat\u00ednu kallast hann ibis\">[<\/span> reyrstorkur \u00e1 ey\u00f0im\u00f6rku, eins l\u00edka em eg vor\u00f0inn svo sem \u00f6nnur n\u00e1ttugla \u00ed ey\u00f0ih\u00fasum,<\/p>\n<p>\teg vaki og em so sem einmana fugl \u00e1 h\u00fas\u00feekjum uppi.<\/p>\n<p>\tDaglega n\u00ed\u00f0a mig m\u00ednir \u00f3vinir og \u00feeir e\u00f0 h\u00e6\u00f0a a\u00f0 m\u00e9r sverja um mig.<\/p>\n<p>\t\u00dev\u00ed a\u00f0 \u00f6skva et eg l\u00edka sem brau\u00f0 og me\u00f0 harminum samblanda eg minn drykk<\/p>\n<p>\tfyrir \u00feinni \u00f3gnan og heiftarrei\u00f0i, \u00fev\u00ed a\u00f0 \u00fe\u00fa hefur svo upplyft m\u00e9r og mig \u00ed grunn ni\u00f0urslegi\u00f0.<\/p>\n<p>\tM\u00ednir dagar eru \u00ed burtu li\u00f0nir sem skuggi og eg sem so sem anna\u00f0 hey upp\u00feorna\u00f0ur.<\/p>\n<p>\tEn \u00fe\u00fa, Drottinn, bl\u00edfur \u00e6vinlega og \u00fe\u00edn minning um aldur og \u00e6vi.<\/p>\n<p>\tTak \u00feig upp og vert miskunnsamur yfir S\u00edon \u00fev\u00ed a\u00f0 t\u00edminn er til a\u00f0 \u00fe\u00fa s\u00e9rt henni l\u00edknsamur og s\u00e1 t\u00edmi er kominn.<\/p>\n<p>\t\u00dev\u00ed a\u00f0 \u00fe\u00ednir \u00fej\u00f3nustumenn vildu fegir a\u00f0 h\u00fan uppbygg\u00f0ist og s\u00e6i gjarnan \u00fea\u00f0 hennar steinar og kalk tilb\u00fai\u00f0 yr\u00f0i<\/p>\n<p>\tso \u00fea\u00f0, Drottinn, hinir hei\u00f0nu \u00f3ttu\u00f0ust \u00feitt nafn og allir konungarnir \u00e1 j\u00f6r\u00f0u \u00fe\u00edna d\u00fdr\u00f0<\/p>\n<p>\t\u00fev\u00ed a\u00f0 Drottinn hann uppbygg\u00f0i S\u00edon og birtist svo \u00ed \u00feinni vegsemd.<\/p>\n<p>\tHann \u00e1l\u00edtur b\u00e6na\u00e1kall hinna fyrirlitnu og forsm\u00e1ir ekki \u00feeirra b\u00e6n.<\/p>\n<p>\tSo \u00fea\u00f0 ver\u00f0ur <span class=\"athugasemd\" title=\"a \/ Svo a\u00f0 \u00fea\u00f0 ver\u00f0i heyrumkunnigt \/ S\u00e1l. 87\">[<\/span> rita\u00f0 upp \u00e1 eftirkomandi kynkv\u00edslir og \u00fea\u00f0 f\u00f3lk sem skapa\u00f0 skal ver\u00f0a mun lofa Drottin.<\/p>\n<p>\t\u00dev\u00ed a\u00f0 hann l\u00edtur \u00fat af sinni heilagri h\u00e6\u00f0 og Drottinn hann s\u00e9r af himni ofan \u00e1 j\u00f6r\u00f0ina<\/p>\n<p>\tsvo a\u00f0 hann heyri andvarpan hins hertekna og leysi sonu dau\u00f0ans<\/p>\n<p>\tupp \u00e1 \u00fea\u00f0 \u00feeir kunngj\u00f6ri nafni\u00f0 Drottins til S\u00edon og hans lof til Jer\u00fasalem<\/p>\n<p>\t\u00fe\u00e1 e\u00f0 f\u00f3lki\u00f0 kemur til samans og k\u00f3ngar\u00edkin Drottni a\u00f0 \u00fej\u00f3na.<\/p>\n<p>\tHann lina\u00f0i \u00e1 veginum minn kraft, hann stytti m\u00edna daga.<\/p>\n<p>\tEg segi: &#8222;Minn Gu\u00f0, svipt m\u00e9r ekki \u00ed burt a\u00f0 <span class=\"athugasemd\" title=\"b \/ Me\u00f0 br\u00e1\u00f0um og \u00f3v\u00edsum dau\u00f0a \/ Ebre. 1\">[<\/span> h\u00e1lfnu\u00f0um d\u00f6gum m\u00ednum, \u00fe\u00edn \u00e1r \u00feau vara um aldur og \u00e6vi.&#8220;<\/p>\n<p>\t\u00de\u00fa hefur \u00feegar af upphafi j\u00f6r\u00f0ina grundvalla\u00f0 og himnarnir eru \u00fe\u00edn handaverk.<\/p>\n<p>\t\u00deeir forganga en \u00fe\u00fa bl\u00edfur, allir munu \u00feeir fyrnast so sem anna\u00f0 fat, \u00feeir munu skiptast svo sem anna\u00f0 kl\u00e6\u00f0i \u00fe\u00e1 e\u00f0 \u00fe\u00fa umskiptir \u00feeim.<\/p>\n<p>\tEn \u00fe\u00fa bl\u00edfur \u00feann sami \u00fe\u00fa ert og \u00fe\u00edn \u00e1r taka \u00f6ngvan enda.<\/p>\n<p>\tSynir \u00feinna \u00fej\u00f3nustumanna munu bl\u00edfa og \u00feeirra s\u00e6\u00f0i mun t\u00edngast fyrir \u00fe\u00e9r.<\/p>\n","protected":false},"excerpt":{"rendered":"<p>CII. B\u00e6n hins f\u00e1r\u00e1\u00f0a n\u00e6r e\u00f0 hann kvelst \u00ed hugarangri og fyrir Drottni \u00fathellir sinni hrygg\u00f0arb\u00e6n. Drottinn, heyr \u00fe\u00fa b\u00e6n m\u00edna og l\u00e1ttu mitt \u00e1kall til \u00fe\u00edn koma. Byrg ekki \u00feitt andlit fyrir m\u00e9r, \u00fat \u00ed ney\u00f0art\u00edma \u00fe\u00e1 hneig \u00fe\u00fa \u00feitt eyra til m\u00edn, n\u00e6r a\u00f0 eg kalla \u00e1 \u00feig \u00fe\u00e1 b\u00e6nheyr \u00fe\u00fa mig sem skj\u00f3tast. \u00dev\u00ed a\u00f0 m\u00ednir dagar eru \u00ed burt li\u00f0nir sem reykur og m\u00edn bein \u00feau eru forbrennd l\u00edka sem annar eldibrandur, mitt hjarta er slegi\u00f0 og upp\u00feorna\u00f0 l\u00edka sem anna\u00f0 gras svo \u00fea\u00f0 eg forgleymi m\u00edns brau\u00f0s a\u00f0 neyta. M\u00edn bein \u00feau lo\u00f0a vi\u00f0 mitt <a href=\"https:\/\/biblian.is\/gudbrandsbiblia\/salmarnir-102-kafli\/\"> [&#8230;]<\/a><\/p>\n","protected":false},"author":1,"featured_media":0,"parent":0,"menu_order":0,"comment_status":"open","ping_status":"open","template":"bibliukaflar.php","meta":{"footnotes":""},"class_list":["post-3274","page","type-page","status-publish","hentry"],"_links":{"self":[{"href":"https:\/\/biblian.is\/gudbrandsbiblia\/wp-json\/wp\/v2\/pages\/3274","targetHints":{"allow":["GET"]}}],"collection":[{"href":"https:\/\/biblian.is\/gudbrandsbiblia\/wp-json\/wp\/v2\/pages"}],"about":[{"href":"https:\/\/biblian.is\/gudbrandsbiblia\/wp-json\/wp\/v2\/types\/page"}],"author":[{"embeddable":true,"href":"https:\/\/biblian.is\/gudbrandsbiblia\/wp-json\/wp\/v2\/users\/1"}],"replies":[{"embeddable":true,"href":"https:\/\/biblian.is\/gudbrandsbiblia\/wp-json\/wp\/v2\/comments?post=3274"}],"version-history":[{"count":0,"href":"https:\/\/biblian.is\/gudbrandsbiblia\/wp-json\/wp\/v2\/pages\/3274\/revisions"}],"wp:attachment":[{"href":"https:\/\/biblian.is\/gudbrandsbiblia\/wp-json\/wp\/v2\/media?parent=3274"}],"curies":[{"name":"wp","href":"https:\/\/api.w.org\/{rel}","templated":true}]}}