{"id":3272,"date":"2017-12-18T18:33:08","date_gmt":"2017-12-18T18:33:08","guid":{"rendered":"http:\/\/biblian.is\/gudbrandsbiblia\/salmarnir-100-kafli\/"},"modified":"2017-12-18T18:33:08","modified_gmt":"2017-12-18T18:33:08","slug":"salmarnir-100-kafli","status":"publish","type":"page","link":"https:\/\/biblian.is\/gudbrandsbiblia\/salmarnir-100-kafli\/","title":{"rendered":"S\u00e1lmarnir 100. kafli"},"content":{"rendered":"<p>C.<\/p>\n<p>Einn \u00feakkl\u00e6tiss\u00e1lmur.<\/p>\n<p>Syngi\u00f0 h\u00e1tt lof Drottni, \u00f6ll ver\u00f6ldin, \u00fej\u00f3ni\u00f0 Drottni me\u00f0 f\u00f6gnu\u00f0i,<\/p>\n<p>\tkomi\u00f0 fyri hans \u00e1sj\u00e1n me\u00f0 gla\u00f0v\u00e6ri.<\/p>\n<p>\tMe\u00f0kenni \u00fea\u00f0 Drottinn er Gu\u00f0, hann hefur gj\u00f6rt oss og ekki sj\u00e1lfir v\u00e9r, s\u00e9r til f\u00f3lks og til sau\u00f0a sinnar hjar\u00f0ar.<\/p>\n<p>\tGangi\u00f0 inn um hans borgarhli\u00f0 me\u00f0 \u00feakkargj\u00f6r\u00f0 og um hans fordyri me\u00f0 lofs\u00f6ngvum, \u00feakki\u00f0 honum, lofi\u00f0 hans nafn,<\/p>\n<p>\t\u00fev\u00f0i a\u00f0 Drottinn hann er lj\u00fafur og hans miskunnsemi varir eil\u00edflegana og hans sannleikur um aldur og \u00e6vi.<\/p>\n","protected":false},"excerpt":{"rendered":"<p>C. Einn \u00feakkl\u00e6tiss\u00e1lmur. Syngi\u00f0 h\u00e1tt lof Drottni, \u00f6ll ver\u00f6ldin, \u00fej\u00f3ni\u00f0 Drottni me\u00f0 f\u00f6gnu\u00f0i, komi\u00f0 fyri hans \u00e1sj\u00e1n me\u00f0 gla\u00f0v\u00e6ri. Me\u00f0kenni \u00fea\u00f0 Drottinn er Gu\u00f0, hann hefur gj\u00f6rt oss og ekki sj\u00e1lfir v\u00e9r, s\u00e9r til f\u00f3lks og til sau\u00f0a sinnar hjar\u00f0ar. Gangi\u00f0 inn um hans borgarhli\u00f0 me\u00f0 \u00feakkargj\u00f6r\u00f0 og um hans fordyri me\u00f0 lofs\u00f6ngvum, \u00feakki\u00f0 honum, lofi\u00f0 hans nafn, \u00fev\u00f0i a\u00f0 Drottinn hann er lj\u00fafur og hans miskunnsemi varir eil\u00edflegana og hans sannleikur um aldur og \u00e6vi.<\/p>\n","protected":false},"author":1,"featured_media":0,"parent":0,"menu_order":0,"comment_status":"open","ping_status":"open","template":"bibliukaflar.php","meta":{"footnotes":""},"class_list":["post-3272","page","type-page","status-publish","hentry"],"_links":{"self":[{"href":"https:\/\/biblian.is\/gudbrandsbiblia\/wp-json\/wp\/v2\/pages\/3272","targetHints":{"allow":["GET"]}}],"collection":[{"href":"https:\/\/biblian.is\/gudbrandsbiblia\/wp-json\/wp\/v2\/pages"}],"about":[{"href":"https:\/\/biblian.is\/gudbrandsbiblia\/wp-json\/wp\/v2\/types\/page"}],"author":[{"embeddable":true,"href":"https:\/\/biblian.is\/gudbrandsbiblia\/wp-json\/wp\/v2\/users\/1"}],"replies":[{"embeddable":true,"href":"https:\/\/biblian.is\/gudbrandsbiblia\/wp-json\/wp\/v2\/comments?post=3272"}],"version-history":[{"count":0,"href":"https:\/\/biblian.is\/gudbrandsbiblia\/wp-json\/wp\/v2\/pages\/3272\/revisions"}],"wp:attachment":[{"href":"https:\/\/biblian.is\/gudbrandsbiblia\/wp-json\/wp\/v2\/media?parent=3272"}],"curies":[{"name":"wp","href":"https:\/\/api.w.org\/{rel}","templated":true}]}}