{"id":3271,"date":"2017-12-18T18:33:08","date_gmt":"2017-12-18T18:33:08","guid":{"rendered":"http:\/\/biblian.is\/gudbrandsbiblia\/salmarnir-99-kafli\/"},"modified":"2017-12-18T18:33:08","modified_gmt":"2017-12-18T18:33:08","slug":"salmarnir-99-kafli","status":"publish","type":"page","link":"https:\/\/biblian.is\/gudbrandsbiblia\/salmarnir-99-kafli\/","title":{"rendered":"S\u00e1lmarnir 99. kafli"},"content":{"rendered":"<p>XCIX.<\/p>\n<p>Drottinn hann er k\u00f3ngurinn, fyrir \u00fea\u00f0 sturlast f\u00f3lki\u00f0, hann situr yfir ker\u00fab\u00edm, \u00fear fyrir \u00f3kyrrar sig ver\u00f6ldin.<\/p>\n<p>\tDrottinn er mikill til S\u00edon og h\u00e1r upp yfir \u00f6llu f\u00f3lki.<\/p>\n<p>\t\u00deakki menn \u00fe\u00ednu miklu og d\u00e1samlegu nafni hvert e\u00f0 heilagt er.<\/p>\n<p>\t\u00cd r\u00edki \u00feessa konungsins \u00fe\u00e1 elska menn r\u00e9ttinn, \u00fe\u00fa hefur r\u00e9ttv\u00edsina, \u00fe\u00fa gj\u00f6rir d\u00f3minn og r\u00e9ttv\u00edsina \u00ed Jakob.<\/p>\n<p>\tForhefji\u00f0 Drottin Gu\u00f0 vorn, tilbi\u00f0ji\u00f0 fyrir hans f\u00f3tsk\u00f6r \u00fev\u00ed a\u00f0 hann er heilagur.<\/p>\n<p>\tM\u00f3ses og Aron me\u00f0al hans kennimanna og Sam\u00fael me\u00f0ur \u00feeirra sem hans nafn \u00e1kalla, \u00feeir \u00e1kalla Drottin og hann b\u00e6nheyr\u00f0i \u00fe\u00e1.<\/p>\n<p>\tHann tala\u00f0i vi\u00f0 \u00fe\u00e1 \u00ed gegnum sk\u00fdjast\u00f3lpann, \u00feeir h\u00e9ldu hans vitnisbur\u00f0i og \u00feau bo\u00f0or\u00f0 sem hann gaf \u00feeim.<\/p>\n<p>\tDrottinn, \u00fe\u00fa ert vor Gu\u00f0, \u00fe\u00fa b\u00e6nheyr\u00f0ir \u00fe\u00e1, \u00fe\u00fa Gu\u00f0 fyrirgafst \u00feeim og vanda\u00f0ir um \u00feeirra breytni.<\/p>\n<p>\tForhefji\u00f0 Drottin vorn Gu\u00f0 og tilbi\u00f0ji\u00f0 fyrir hans heil\u00f6gu fjalli \u00fev\u00ed a\u00f0 Drottinn vor Gu\u00f0 hann er heilagur.<\/p>\n","protected":false},"excerpt":{"rendered":"<p>XCIX. Drottinn hann er k\u00f3ngurinn, fyrir \u00fea\u00f0 sturlast f\u00f3lki\u00f0, hann situr yfir ker\u00fab\u00edm, \u00fear fyrir \u00f3kyrrar sig ver\u00f6ldin. Drottinn er mikill til S\u00edon og h\u00e1r upp yfir \u00f6llu f\u00f3lki. \u00deakki menn \u00fe\u00ednu miklu og d\u00e1samlegu nafni hvert e\u00f0 heilagt er. \u00cd r\u00edki \u00feessa konungsins \u00fe\u00e1 elska menn r\u00e9ttinn, \u00fe\u00fa hefur r\u00e9ttv\u00edsina, \u00fe\u00fa gj\u00f6rir d\u00f3minn og r\u00e9ttv\u00edsina \u00ed Jakob. Forhefji\u00f0 Drottin Gu\u00f0 vorn, tilbi\u00f0ji\u00f0 fyrir hans f\u00f3tsk\u00f6r \u00fev\u00ed a\u00f0 hann er heilagur. M\u00f3ses og Aron me\u00f0al hans kennimanna og Sam\u00fael me\u00f0ur \u00feeirra sem hans nafn \u00e1kalla, \u00feeir \u00e1kalla Drottin og hann b\u00e6nheyr\u00f0i \u00fe\u00e1. Hann tala\u00f0i vi\u00f0 \u00fe\u00e1 \u00ed gegnum sk\u00fdjast\u00f3lpann, \u00feeir <a href=\"https:\/\/biblian.is\/gudbrandsbiblia\/salmarnir-99-kafli\/\"> [&#8230;]<\/a><\/p>\n","protected":false},"author":1,"featured_media":0,"parent":0,"menu_order":0,"comment_status":"open","ping_status":"open","template":"bibliukaflar.php","meta":{"footnotes":""},"class_list":["post-3271","page","type-page","status-publish","hentry"],"_links":{"self":[{"href":"https:\/\/biblian.is\/gudbrandsbiblia\/wp-json\/wp\/v2\/pages\/3271","targetHints":{"allow":["GET"]}}],"collection":[{"href":"https:\/\/biblian.is\/gudbrandsbiblia\/wp-json\/wp\/v2\/pages"}],"about":[{"href":"https:\/\/biblian.is\/gudbrandsbiblia\/wp-json\/wp\/v2\/types\/page"}],"author":[{"embeddable":true,"href":"https:\/\/biblian.is\/gudbrandsbiblia\/wp-json\/wp\/v2\/users\/1"}],"replies":[{"embeddable":true,"href":"https:\/\/biblian.is\/gudbrandsbiblia\/wp-json\/wp\/v2\/comments?post=3271"}],"version-history":[{"count":0,"href":"https:\/\/biblian.is\/gudbrandsbiblia\/wp-json\/wp\/v2\/pages\/3271\/revisions"}],"wp:attachment":[{"href":"https:\/\/biblian.is\/gudbrandsbiblia\/wp-json\/wp\/v2\/media?parent=3271"}],"curies":[{"name":"wp","href":"https:\/\/api.w.org\/{rel}","templated":true}]}}