{"id":3270,"date":"2017-12-18T18:33:08","date_gmt":"2017-12-18T18:33:08","guid":{"rendered":"http:\/\/biblian.is\/gudbrandsbiblia\/salmarnir-98-kafli\/"},"modified":"2017-12-18T18:33:08","modified_gmt":"2017-12-18T18:33:08","slug":"salmarnir-98-kafli","status":"publish","type":"page","link":"https:\/\/biblian.is\/gudbrandsbiblia\/salmarnir-98-kafli\/","title":{"rendered":"S\u00e1lmarnir 98. kafli"},"content":{"rendered":"<p>XCVIII.<\/p>\n<p>Syngi\u00f0 Gu\u00f0i n\u00fdjan lofs\u00f6ng \u00fev\u00ed a\u00f0 hann gj\u00f6rir d\u00e1samleg verk, hann yfirvinnur me\u00f0 sinni h\u00e6gri h\u00f6nd og me\u00f0 s\u00ednum heil\u00f6gum armlegg.<\/p>\n<p>\tDrottinn l\u00e6tur sitt hj\u00e1lpr\u00e6\u00f0i kunnigt vera, fyrir f\u00f3lkinu l\u00e6tur hann sitt r\u00e9ttl\u00e6ti opinbera.<\/p>\n<p>\tHann minnist \u00e1 s\u00edna miskunn og sannleika vi\u00f0 h\u00fasi\u00f0 \u00cdsrael. <span class=\"athugasemd\" title=\"Esa. 52 \/ 63\">[<\/span><\/p>\n<p>\t\u00d6ll endim\u00f6rk jar\u00f0arinnar munu sj\u00e1 hj\u00e1lpr\u00e6\u00f0i\u00f0 Gu\u00f0s vors.<\/p>\n<p>\tSyngi h\u00e1tt lof Drottni \u00f6ll ver\u00f6ldin, syngi\u00f0, vegsami\u00f0 og lofi\u00f0.<\/p>\n<p>\tLofi\u00f0 Drottin me\u00f0 h\u00f6rpunni, me\u00f0ur h\u00f6rpunnar sl\u00e6tti og lofs\u00f6ngvum,<\/p>\n<p>\tme\u00f0ur herl\u00fa\u00f0rum og hornabl\u00e1stri, syngi\u00f0 h\u00e1tt lof \u00ed augs\u00fdn Drottins \u00feess konungsins.<\/p>\n<p>\tSj\u00e1varhafi\u00f0 \u00fea\u00f0 \u00fej\u00f3ti upp og hva\u00f0 \u00fear er inni, jar\u00f0arkringlan og allt hva\u00f0 \u00fear upp \u00e1 byggir,<\/p>\n<p>\t\u00feau rennandi v\u00f6gnin gle\u00f0jist vi\u00f0 og \u00f6ll v\u00f6tnin s\u00e9u gla\u00f0v\u00e6r<\/p>\n<p>\tfyrir Drottni \u00fev\u00ed a\u00f0 hann kemur a\u00f0 d\u00e6ma jar\u00f0r\u00edki\u00f0, hann mun jar\u00f0arkringluna d\u00e6ma me\u00f0 r\u00e9ttl\u00e6ti og f\u00f3lki\u00f0 me\u00f0 r\u00e9ttindum.<\/p>\n","protected":false},"excerpt":{"rendered":"<p>XCVIII. Syngi\u00f0 Gu\u00f0i n\u00fdjan lofs\u00f6ng \u00fev\u00ed a\u00f0 hann gj\u00f6rir d\u00e1samleg verk, hann yfirvinnur me\u00f0 sinni h\u00e6gri h\u00f6nd og me\u00f0 s\u00ednum heil\u00f6gum armlegg. Drottinn l\u00e6tur sitt hj\u00e1lpr\u00e6\u00f0i kunnigt vera, fyrir f\u00f3lkinu l\u00e6tur hann sitt r\u00e9ttl\u00e6ti opinbera. Hann minnist \u00e1 s\u00edna miskunn og sannleika vi\u00f0 h\u00fasi\u00f0 \u00cdsrael. [ \u00d6ll endim\u00f6rk jar\u00f0arinnar munu sj\u00e1 hj\u00e1lpr\u00e6\u00f0i\u00f0 Gu\u00f0s vors. Syngi h\u00e1tt lof Drottni \u00f6ll ver\u00f6ldin, syngi\u00f0, vegsami\u00f0 og lofi\u00f0. Lofi\u00f0 Drottin me\u00f0 h\u00f6rpunni, me\u00f0ur h\u00f6rpunnar sl\u00e6tti og lofs\u00f6ngvum, me\u00f0ur herl\u00fa\u00f0rum og hornabl\u00e1stri, syngi\u00f0 h\u00e1tt lof \u00ed augs\u00fdn Drottins \u00feess konungsins. Sj\u00e1varhafi\u00f0 \u00fea\u00f0 \u00fej\u00f3ti upp og hva\u00f0 \u00fear er inni, jar\u00f0arkringlan og allt hva\u00f0 \u00fear upp <a href=\"https:\/\/biblian.is\/gudbrandsbiblia\/salmarnir-98-kafli\/\"> [&#8230;]<\/a><\/p>\n","protected":false},"author":1,"featured_media":0,"parent":0,"menu_order":0,"comment_status":"open","ping_status":"open","template":"bibliukaflar.php","meta":{"footnotes":""},"class_list":["post-3270","page","type-page","status-publish","hentry"],"_links":{"self":[{"href":"https:\/\/biblian.is\/gudbrandsbiblia\/wp-json\/wp\/v2\/pages\/3270","targetHints":{"allow":["GET"]}}],"collection":[{"href":"https:\/\/biblian.is\/gudbrandsbiblia\/wp-json\/wp\/v2\/pages"}],"about":[{"href":"https:\/\/biblian.is\/gudbrandsbiblia\/wp-json\/wp\/v2\/types\/page"}],"author":[{"embeddable":true,"href":"https:\/\/biblian.is\/gudbrandsbiblia\/wp-json\/wp\/v2\/users\/1"}],"replies":[{"embeddable":true,"href":"https:\/\/biblian.is\/gudbrandsbiblia\/wp-json\/wp\/v2\/comments?post=3270"}],"version-history":[{"count":0,"href":"https:\/\/biblian.is\/gudbrandsbiblia\/wp-json\/wp\/v2\/pages\/3270\/revisions"}],"wp:attachment":[{"href":"https:\/\/biblian.is\/gudbrandsbiblia\/wp-json\/wp\/v2\/media?parent=3270"}],"curies":[{"name":"wp","href":"https:\/\/api.w.org\/{rel}","templated":true}]}}