{"id":3266,"date":"2017-12-18T18:33:08","date_gmt":"2017-12-18T18:33:08","guid":{"rendered":"http:\/\/biblian.is\/gudbrandsbiblia\/salmarnir-94-kafli\/"},"modified":"2017-12-18T18:33:08","modified_gmt":"2017-12-18T18:33:08","slug":"salmarnir-94-kafli","status":"publish","type":"page","link":"https:\/\/biblian.is\/gudbrandsbiblia\/salmarnir-94-kafli\/","title":{"rendered":"S\u00e1lmarnir 94. kafli"},"content":{"rendered":"<p>XCIIII.<\/p>\n<p>Drottinn Gu\u00f0, hvers a\u00f0 hefndin er, <span class=\"athugasemd\" title=\"a \/ Kom fram, l\u00e1t \u00feig sj\u00e1\">[<\/span> augs\u00fdn \u00feig.<\/p>\n<p>\tUpphef \u00feig, \u00fe\u00fa d\u00f3mari veraldarinnar, endurgjald \u00feeim drambl\u00e1tu hva\u00f0 \u00feeir ver\u00f0skulda.<\/p>\n<p>\tDrottinn, hversu lengi skulu hinir \u00f3gu\u00f0hr\u00e6ddu, hversu lengi eiga hinir \u00f3gu\u00f0hr\u00e6ddu hafa \u00feennan <span class=\"athugasemd\" title=\"b \/ \u00deeir tala st\u00f3r or\u00f0 svo sem a\u00f0rir herrar og v\u00edkingar vilja l\u00e1ta hr\u00e6\u00f0ast sig, hva\u00f0 helst \u00feeir gj\u00f6ra og skipa\">[<\/span> ofsa<\/p>\n<p>\tog so drambsamlega a\u00f0 tala og allir illgj\u00f6r\u00f0amenn a\u00f0 hr\u00f3sa s\u00e9r?<\/p>\n<p>\tDrottinn, \u00feeir pl\u00e1ga \u00feitt f\u00f3lk og \u00fevinga \u00fe\u00edna arfleif\u00f0.<\/p>\n<p>\tEkkjurnar og framandi menn \u00ed hel sl\u00e1 \u00feeir og l\u00edfl\u00e1ta hina f\u00f6\u00f0urlausu<\/p>\n<p>\tog segja: &#8222;Drottinn s\u00e9r \u00fea\u00f0 ekki og Gu\u00f0 Jakobs skeytir \u00fear ekki um.&#8220;<\/p>\n<p>\tHyggi\u00f0 a\u00f0, \u00fe\u00e9r vitleysingar me\u00f0al f\u00f3lksins og hinir f\u00e1v\u00edsu: Hven\u00e6r vilji \u00fe\u00e9r skynsamir ver\u00f0a?<\/p>\n<p>\tS\u00e1 sem eyra\u00f0 hefur planta\u00f0 skyldi hann ekki heyra? Hann sem auga\u00f0 hefur skapa\u00f0 skyldi s\u00e1 ekki sj\u00e1?<\/p>\n<p>\tHann sem agar hina hei\u00f0nu, skyldi hann ekki refsa? S\u00e1 e\u00f0 m\u00f6nnunum kennir \u00fea\u00f0 hva\u00f0 \u00feeir vita. <span class=\"athugasemd\" title=\"1. Kor. 3\">[<\/span><\/p>\n<p>\tEn Drottinn veit hugsanir mannanna, a\u00f0 \u00fe\u00e6r eru h\u00e9g\u00f3mlegar.<\/p>\n<p>\tS\u00e6ll er s\u00e1 ma\u00f0ur sem \u00fe\u00fa agar, Drottinn, og menntar hann fyrir \u00feitt l\u00f6gm\u00e1l,<\/p>\n<p>\tso a\u00f0 hann hafi \u00feolinm\u00e6\u00f0i n\u00e6r e\u00f0 \u00e1 m\u00f3ti gengur, allt \u00fear til e\u00f0 \u00feeim \u00f3gu\u00f0lega ver\u00f0ur gr\u00f6fin b\u00fain.<\/p>\n<p>\t\u00dev\u00ed a\u00f0 Drottinn hann mun ekki forleggja sitt f\u00f3lk n\u00e9 heldur yfirgefa s\u00edna arfleif\u00f0.<\/p>\n<p>\t\u00dev\u00ed a\u00f0 r\u00e9ttindin hlj\u00f3ta r\u00e9ttindi a\u00f0 bl\u00edfa og \u00feeim munu allir r\u00e9ttfer\u00f0ugir af hjarta eftir fylgja.<\/p>\n<p>\tHver veitir m\u00e9r hj\u00e1st\u00f3\u00f0 \u00ed gegn \u00feeim illskufullum e\u00f0ur hver styrkir mig \u00ed m\u00f3ti \u00feeim illgj\u00f6r\u00f0am\u00f6nnum?<\/p>\n<p>\tEf a\u00f0 Drottinn hann hef\u00f0i ekki hj\u00e1lpa\u00f0 m\u00e9r \u00fe\u00e1 l\u00e6gi m\u00edn \u00f6nd allarei\u00f0u \u00ed \u00feeirri <span class=\"athugasemd\" title=\"sword \u00cd helv\u00edti \u00fear allir hlutir \u00feegja\">[<\/span> \u00fe\u00f6gninni.<\/p>\n<p>\tEg sag\u00f0a: &#8222;Minn f\u00f3tur hefur skeika\u00f0.&#8220; En \u00fe\u00edn miskunn, Drottinn, hj\u00e1lpa\u00f0i m\u00e9r.<\/p>\n<p>\tMikla hrygg\u00f0 haf\u00f0a eg \u00ed m\u00ednu hjarta en \u00fe\u00ednar hugganir \u00fe\u00e1 gl\u00f6ddu m\u00edna s\u00e1lu.<\/p>\n<p>\tAldrei \u00fe\u00e1 muntu sam\u00feykkur ver\u00f0a \u00fev\u00ed <span class=\"athugasemd\" title=\"c \/ \u00dear menn l\u00e6ra ska\u00f0samlega hluti og fordj\u00f6rfun s\u00e1lna\">[<\/span> ska\u00f0samlega h\u00e1s\u00e6ti, hvert e\u00f0 l\u00f6gm\u00e1li\u00f0 illa \u00fatleggur.<\/p>\n<p>\t\u00deeir brynja sig \u00fat \u00ed m\u00f3ti s\u00e1lu hins r\u00e9ttfer\u00f0uga og d\u00e6ma saklaust bl\u00f3\u00f0.<\/p>\n<p>\tEn Drottinn er m\u00edn verndarhl\u00edf, minn Gu\u00f0 er styrkur m\u00edns athvarfs<\/p>\n<p>\tog hann mun endurgjalda \u00feeim \u00feeirra rangl\u00e6ti og mun afm\u00e1 \u00fe\u00e1 fyrir \u00feeirra illsku sakir, Drottinn Gu\u00f0 vor hann mun afm\u00e1 \u00fe\u00e1.<\/p>\n","protected":false},"excerpt":{"rendered":"<p>XCIIII. Drottinn Gu\u00f0, hvers a\u00f0 hefndin er, [ augs\u00fdn \u00feig. Upphef \u00feig, \u00fe\u00fa d\u00f3mari veraldarinnar, endurgjald \u00feeim drambl\u00e1tu hva\u00f0 \u00feeir ver\u00f0skulda. Drottinn, hversu lengi skulu hinir \u00f3gu\u00f0hr\u00e6ddu, hversu lengi eiga hinir \u00f3gu\u00f0hr\u00e6ddu hafa \u00feennan [ ofsa og so drambsamlega a\u00f0 tala og allir illgj\u00f6r\u00f0amenn a\u00f0 hr\u00f3sa s\u00e9r? Drottinn, \u00feeir pl\u00e1ga \u00feitt f\u00f3lk og \u00fevinga \u00fe\u00edna arfleif\u00f0. Ekkjurnar og framandi menn \u00ed hel sl\u00e1 \u00feeir og l\u00edfl\u00e1ta hina f\u00f6\u00f0urlausu og segja: &#8222;Drottinn s\u00e9r \u00fea\u00f0 ekki og Gu\u00f0 Jakobs skeytir \u00fear ekki um.&#8220; Hyggi\u00f0 a\u00f0, \u00fe\u00e9r vitleysingar me\u00f0al f\u00f3lksins og hinir f\u00e1v\u00edsu: Hven\u00e6r vilji \u00fe\u00e9r skynsamir ver\u00f0a? S\u00e1 sem eyra\u00f0 hefur planta\u00f0 <a href=\"https:\/\/biblian.is\/gudbrandsbiblia\/salmarnir-94-kafli\/\"> [&#8230;]<\/a><\/p>\n","protected":false},"author":1,"featured_media":0,"parent":0,"menu_order":0,"comment_status":"open","ping_status":"open","template":"bibliukaflar.php","meta":{"footnotes":""},"class_list":["post-3266","page","type-page","status-publish","hentry"],"_links":{"self":[{"href":"https:\/\/biblian.is\/gudbrandsbiblia\/wp-json\/wp\/v2\/pages\/3266","targetHints":{"allow":["GET"]}}],"collection":[{"href":"https:\/\/biblian.is\/gudbrandsbiblia\/wp-json\/wp\/v2\/pages"}],"about":[{"href":"https:\/\/biblian.is\/gudbrandsbiblia\/wp-json\/wp\/v2\/types\/page"}],"author":[{"embeddable":true,"href":"https:\/\/biblian.is\/gudbrandsbiblia\/wp-json\/wp\/v2\/users\/1"}],"replies":[{"embeddable":true,"href":"https:\/\/biblian.is\/gudbrandsbiblia\/wp-json\/wp\/v2\/comments?post=3266"}],"version-history":[{"count":0,"href":"https:\/\/biblian.is\/gudbrandsbiblia\/wp-json\/wp\/v2\/pages\/3266\/revisions"}],"wp:attachment":[{"href":"https:\/\/biblian.is\/gudbrandsbiblia\/wp-json\/wp\/v2\/media?parent=3266"}],"curies":[{"name":"wp","href":"https:\/\/api.w.org\/{rel}","templated":true}]}}