{"id":3263,"date":"2017-12-18T18:33:08","date_gmt":"2017-12-18T18:33:08","guid":{"rendered":"http:\/\/biblian.is\/gudbrandsbiblia\/salmarnir-91-kafli\/"},"modified":"2017-12-18T18:33:08","modified_gmt":"2017-12-18T18:33:08","slug":"salmarnir-91-kafli","status":"publish","type":"page","link":"https:\/\/biblian.is\/gudbrandsbiblia\/salmarnir-91-kafli\/","title":{"rendered":"S\u00e1lmarnir 91. kafli"},"content":{"rendered":"<p>XCI.<\/p>\n<p>Hver hann b\u00fdr undir skj\u00f3li Hins h\u00e6sta og sk\u00fdlist undir skugga Hins alm\u00e1ttuga,<\/p>\n<p>\ts\u00e1 segir til Drottins: &#8222;Mitt traust og mitt v\u00edgi, minn Gu\u00f0 \u00e1 hvern eg treysti.&#8220;<\/p>\n<p>\t\u00dev\u00ed a\u00f0 hann frelsar \u00feig \u00fat af sn\u00f6ru vei\u00f0imannsins og \u00fat af \u00feeirri ska\u00f0samlegri dreps\u00f3tt.<\/p>\n<p>\tHann mun sk\u00fdla \u00fe\u00e9r me\u00f0 s\u00ednum fj\u00f6\u00f0rum og \u00feitt tr\u00fana\u00f0artraust mun vera undir hans v\u00e6ngjum. Hans <span class=\"athugasemd\" title=\"a \/ Or\u00f0i\u00f0 og fyrirheiti\u00f0 n\u00e1\u00f0arinnar\">[<\/span> sannleikur er b\u00e6\u00f0i skj\u00f6ldur og verja.<\/p>\n<p>\tSo a\u00f0 \u00fe\u00fa \u00feurfir ei a\u00f0 skelfast fyri \u00f3gnan n\u00e6turinnar, fyrir \u00feeim skeytunum sem \u00e1 daginn flj\u00faga,<\/p>\n<p>\tfyrir \u00feeirri dreps\u00f3ttinni sem \u00ed myrkrunum l\u00e6\u00f0ist, fyrir \u00feeirri s\u00fdkinni sem um mi\u00f0degi\u00f0 fordjarfar. <span class=\"athugasemd\" title=\"Hann meinar allsh\u00e1tta\u00f0a \u00f3g\u00e6fu, ofr\u00edki, rangindi, svik, pretti, hugm\u00f3\u00f0\">[<\/span> <\/p>\n<p>\t\u00de\u00f3tt a\u00f0 \u00fe\u00fasund ni\u00f0urfalli hj\u00e1 \u00feinni s\u00ed\u00f0u og t\u00edu \u00fe\u00fasund til \u00feinnar h\u00e6gri handar \u00fe\u00e1 mun h\u00fan \u00fe\u00f3 ekki h\u00e6fa \u00feig.<\/p>\n<p>\tJ\u00e1, \u00fe\u00fa munt \u00feinn vilja sj\u00e1 me\u00f0 \u00fe\u00ednum augum og l\u00edta \u00e1 \u00fea\u00f0 hvernin e\u00f0 \u00feeim \u00f3gu\u00f0legum mun endugoldi\u00f0 ver\u00f0a.<\/p>\n<p>\t\u00dev\u00ed a\u00f0 Drottinn er \u00feitt tr\u00fana\u00f0artraust, s\u00e1 Hinn h\u00e6sti er \u00feitt athvarf.<\/p>\n<p>\t\u00deig mun ekkert vondslegt henda og engin pl\u00e1ga mun n\u00e1l\u00e6gja sig til \u00fe\u00edns heimkynnis.<\/p>\n<p>\t\u00dev\u00ed a\u00f0 hann hefur bo\u00f0i\u00f0 s\u00ednum englum um \u00feig a\u00f0 \u00feeir skuli var\u00f0veita \u00feig \u00ed \u00f6llum \u00fe\u00ednum vegum,  <\/p>\n<p>\ta\u00f0 \u00feeir \u00e1 h\u00f6ndum beri \u00feig svo a\u00f0 \u00fe\u00fa steytir ei f\u00f3t \u00feinn vi\u00f0 steini. <span class=\"athugasemd\" title=\"Math. 4 \/ Luc. 4\">[<\/span> <\/p>\n<p>\tYfir le\u00f3na og eiturorma muntu ganga og me\u00f0 f\u00f3tum tro\u00f0a le\u00f3ns hv\u00f6lpana og flugdrekana.<\/p>\n<p>\t&#8222;Fyrst hann girnist mig vil eg frelsa hann, hann \u00feekkir mitt nafn, \u00fear fyrir vil eg vernda hann.<\/p>\n<p>\tHann kallar til m\u00edn og eg vil b\u00e6nheyra hann, eg em hj\u00e1 honum \u00ed ney\u00f0inni, eg vil honum \u00fea\u00f0an \u00fat rykkja og hann vegsamlegan gj\u00f6ra.<\/p>\n<p>\tEg vil se\u00f0ja hann me\u00f0 langg\u00e6\u00f0legum l\u00edfd\u00f6gum og eg vil au\u00f0s\u00fdna honum mitt hj\u00e1lpr\u00e6\u00f0i.&#8220;<\/p>\n","protected":false},"excerpt":{"rendered":"<p>XCI. Hver hann b\u00fdr undir skj\u00f3li Hins h\u00e6sta og sk\u00fdlist undir skugga Hins alm\u00e1ttuga, s\u00e1 segir til Drottins: &#8222;Mitt traust og mitt v\u00edgi, minn Gu\u00f0 \u00e1 hvern eg treysti.&#8220; \u00dev\u00ed a\u00f0 hann frelsar \u00feig \u00fat af sn\u00f6ru vei\u00f0imannsins og \u00fat af \u00feeirri ska\u00f0samlegri dreps\u00f3tt. Hann mun sk\u00fdla \u00fe\u00e9r me\u00f0 s\u00ednum fj\u00f6\u00f0rum og \u00feitt tr\u00fana\u00f0artraust mun vera undir hans v\u00e6ngjum. Hans [ sannleikur er b\u00e6\u00f0i skj\u00f6ldur og verja. So a\u00f0 \u00fe\u00fa \u00feurfir ei a\u00f0 skelfast fyri \u00f3gnan n\u00e6turinnar, fyrir \u00feeim skeytunum sem \u00e1 daginn flj\u00faga, fyrir \u00feeirri dreps\u00f3ttinni sem \u00ed myrkrunum l\u00e6\u00f0ist, fyrir \u00feeirri s\u00fdkinni sem um mi\u00f0degi\u00f0 fordjarfar. [ \u00de\u00f3tt <a href=\"https:\/\/biblian.is\/gudbrandsbiblia\/salmarnir-91-kafli\/\"> [&#8230;]<\/a><\/p>\n","protected":false},"author":1,"featured_media":0,"parent":0,"menu_order":0,"comment_status":"open","ping_status":"open","template":"bibliukaflar.php","meta":{"footnotes":""},"class_list":["post-3263","page","type-page","status-publish","hentry"],"_links":{"self":[{"href":"https:\/\/biblian.is\/gudbrandsbiblia\/wp-json\/wp\/v2\/pages\/3263","targetHints":{"allow":["GET"]}}],"collection":[{"href":"https:\/\/biblian.is\/gudbrandsbiblia\/wp-json\/wp\/v2\/pages"}],"about":[{"href":"https:\/\/biblian.is\/gudbrandsbiblia\/wp-json\/wp\/v2\/types\/page"}],"author":[{"embeddable":true,"href":"https:\/\/biblian.is\/gudbrandsbiblia\/wp-json\/wp\/v2\/users\/1"}],"replies":[{"embeddable":true,"href":"https:\/\/biblian.is\/gudbrandsbiblia\/wp-json\/wp\/v2\/comments?post=3263"}],"version-history":[{"count":0,"href":"https:\/\/biblian.is\/gudbrandsbiblia\/wp-json\/wp\/v2\/pages\/3263\/revisions"}],"wp:attachment":[{"href":"https:\/\/biblian.is\/gudbrandsbiblia\/wp-json\/wp\/v2\/media?parent=3263"}],"curies":[{"name":"wp","href":"https:\/\/api.w.org\/{rel}","templated":true}]}}