{"id":3262,"date":"2017-12-18T18:33:08","date_gmt":"2017-12-18T18:33:08","guid":{"rendered":"http:\/\/biblian.is\/gudbrandsbiblia\/salmarnir-90-kafli\/"},"modified":"2017-12-18T18:33:08","modified_gmt":"2017-12-18T18:33:08","slug":"salmarnir-90-kafli","status":"publish","type":"page","link":"https:\/\/biblian.is\/gudbrandsbiblia\/salmarnir-90-kafli\/","title":{"rendered":"S\u00e1lmarnir 90. kafli"},"content":{"rendered":"<p>XC.<\/p>\n<p>B\u00e6n Mosi gu\u00f0smanns.<\/p>\n<p>Drottinn, \u00fe\u00fa ert vort athvarf allt\u00ed\u00f0 og \u00e6vinlega.<\/p>\n<p>\tFyrir en \u00fea\u00f0 fj\u00f6llin ur\u00f0u og j\u00f6r\u00f0in og \u00fea\u00f0 ver\u00f6ldin var sk\u00f6pu\u00f0 ertu Gu\u00f0 um aldir og a\u00f0 eil\u00edfu.<\/p>\n<p>\t\u00de\u00fa sem manninn l\u00e6tur \u00ed burt <span class=\"athugasemd\" title=\"a \/ (Deyja) \/ Jafnan deyja menn og a\u00f0rir koma upp \u00ed sta\u00f0inn \u00feeirra, fyrir kraft Gu\u00f0s or\u00f0s. \u00dear fyrir er vort l\u00edf vi\u00f0 hann a\u00f0 jafna svo sem ekkert\">[<\/span> deyja og segir: &#8222;Komi\u00f0 aftur, \u00fe\u00e9r mannanna synir.&#8220;<\/p>\n<p>\t\u00dev\u00ed a\u00f0 \u00fe\u00fasund \u00e1r eru fyrir \u00fe\u00e9r sem s\u00e1 dagurinn e\u00f0 \u00ed g\u00e6r var umli\u00f0inn og so sem ein n\u00e6tureykt.<\/p>\n<p>\t\u00de\u00fa l\u00e6tur \u00fe\u00e1 \u00ed burt l\u00ed\u00f0a sem anna\u00f0 rennanda vatn og \u00feeir eru svo sem svefn, l\u00edka sem gras \u00fea\u00f0 e\u00f0 snarlega uppvisnar,<\/p>\n<p>\thvert e\u00f0 snemma bl\u00f3mgast og skj\u00f3tlega f\u00f6lnar og a\u00f0 kveldi dags ver\u00f0ur upph\u00f6ggvi\u00f0 og upp\u00feornar.<\/p>\n<p>\t\u00dea\u00f0 sama gj\u00f6rir \u00fe\u00edn rei\u00f0i a\u00f0 v\u00e9r svo forg\u00f6ngum og \u00fe\u00edn grimmd \u00fea\u00f0 v\u00e9r hlj\u00f3tum svo skyndilega \u00ed burt.<\/p>\n<p>\t\u00dev\u00ed a\u00f0 vorar misgj\u00f6r\u00f0ir setur \u00fe\u00fa fram fyrir \u00feig, vorar <span class=\"athugasemd\" title=\"b \/ \u00dea\u00f0 er synd Adams (R\u00f3m. v.) hver e\u00f0 dau\u00f0ann forskuldar. En af \u00feessari synd veit heimurinn ekki\">[<\/span> \u00f3vitanlegar syndir \u00ed lj\u00f3s fyrir \u00fe\u00ednu augliti.<\/p>\n<p>\t\u00dear fyrir \u00ed burt l\u00ed\u00f0a allir vorir dagar fyrir \u00feinni rei\u00f0i, v\u00e9r framlei\u00f0um vora \u00e1rat\u00f6lu svo sem anna\u00f0 \u00e6vint\u00fdr.<\/p>\n<p>\tVort l\u00edf varir um sj\u00f6t\u00edgir \u00e1r en n\u00e6r \u00fea\u00f0 kemst sem h\u00e6st \u00fe\u00e1 er \u00fea\u00f0 \u00e1ttat\u00edgir \u00e1r og \u00fe\u00e1 \u00fea\u00f0 er sem kostulegast \u00fe\u00e1 hefur \u00fea\u00f0 ekki utan hrygg\u00f0 og arm\u00e6\u00f0i veri\u00f0 \u00fev\u00ed \u00fea\u00f0 l\u00ed\u00f0ur snart \u00ed burt so sem flygum v\u00e9r \u00fea\u00f0an \u00ed fr\u00e1.<\/p>\n<p>\tEn hver tr\u00fair \u00fev\u00ed \u00fea\u00f0 \u00fe\u00fa svo <span class=\"athugasemd\" title=\"c \/ (Rei\u00f0ist) \/ a\u00f0 sl\u00edk s\u00e9 \u00fe\u00edn rei\u00f0i og vorar syndir s\u00e9 svo st\u00f3rar sem sl\u00edka rei\u00f0i for\u00fe\u00e9na\u00f0 hafa\">[<\/span> \u00e1kaflega rei\u00f0ist og hver uggar um sig fyrir \u00fev\u00edl\u00edkri \u00feinni grimmarrei\u00f0i?<\/p>\n<p>\tKenn \u00fe\u00fa oss a\u00f0 hugsa \u00fea\u00f0 v\u00e9r hlj\u00f3tum a\u00f0 deyja svo a\u00f0 v\u00e9r fortaldir ver\u00f0um.<\/p>\n<p>\tSn\u00fa \u00fe\u00fa \u00fe\u00e9r \u00fe\u00f3, Drottinn, til vor aftur og vert \u00fe\u00ednum \u00fej\u00f3num miskunnsamur.<\/p>\n<p>\t\u00c1rla se\u00f0 \u00fe\u00fa oss me\u00f0 miskunn \u00feinni, \u00fe\u00e1 viljum v\u00e9r gle\u00f0jast og gla\u00f0v\u00e6rir vera um vora l\u00edfdaga.<\/p>\n<p>\tGle\u00f0 oss n\u00fa aftur eftir langa \u00fevingan oss veitta, eftir \u00fe\u00e1 langa \u00f3lukku sem v\u00e9r h\u00f6fum \u00feola\u00f0.<\/p>\n<p>\tAu\u00f0s\u00fdn \u00fe\u00ednum \u00fej\u00f3num \u00fe\u00edn verk og \u00fe\u00edna vegsemd sonum \u00feeirra.<\/p>\n<p>\tOg Drottinn Gu\u00f0 vor s\u00e9 oss l\u00edknsamur og framkv\u00e6mi \u00ed hj\u00e1 oss verki\u00f0 vorra handa, j\u00e1 \u00fea\u00f0 verki\u00f0 vorra handa \u00fea vilji hann framkv\u00e6ma.<\/p>\n","protected":false},"excerpt":{"rendered":"<p>XC. B\u00e6n Mosi gu\u00f0smanns. Drottinn, \u00fe\u00fa ert vort athvarf allt\u00ed\u00f0 og \u00e6vinlega. Fyrir en \u00fea\u00f0 fj\u00f6llin ur\u00f0u og j\u00f6r\u00f0in og \u00fea\u00f0 ver\u00f6ldin var sk\u00f6pu\u00f0 ertu Gu\u00f0 um aldir og a\u00f0 eil\u00edfu. \u00de\u00fa sem manninn l\u00e6tur \u00ed burt [ deyja og segir: &#8222;Komi\u00f0 aftur, \u00fe\u00e9r mannanna synir.&#8220; \u00dev\u00ed a\u00f0 \u00fe\u00fasund \u00e1r eru fyrir \u00fe\u00e9r sem s\u00e1 dagurinn e\u00f0 \u00ed g\u00e6r var umli\u00f0inn og so sem ein n\u00e6tureykt. \u00de\u00fa l\u00e6tur \u00fe\u00e1 \u00ed burt l\u00ed\u00f0a sem anna\u00f0 rennanda vatn og \u00feeir eru svo sem svefn, l\u00edka sem gras \u00fea\u00f0 e\u00f0 snarlega uppvisnar, hvert e\u00f0 snemma bl\u00f3mgast og skj\u00f3tlega f\u00f6lnar og a\u00f0 kveldi dags <a href=\"https:\/\/biblian.is\/gudbrandsbiblia\/salmarnir-90-kafli\/\"> [&#8230;]<\/a><\/p>\n","protected":false},"author":1,"featured_media":0,"parent":0,"menu_order":0,"comment_status":"open","ping_status":"open","template":"bibliukaflar.php","meta":{"footnotes":""},"class_list":["post-3262","page","type-page","status-publish","hentry"],"_links":{"self":[{"href":"https:\/\/biblian.is\/gudbrandsbiblia\/wp-json\/wp\/v2\/pages\/3262","targetHints":{"allow":["GET"]}}],"collection":[{"href":"https:\/\/biblian.is\/gudbrandsbiblia\/wp-json\/wp\/v2\/pages"}],"about":[{"href":"https:\/\/biblian.is\/gudbrandsbiblia\/wp-json\/wp\/v2\/types\/page"}],"author":[{"embeddable":true,"href":"https:\/\/biblian.is\/gudbrandsbiblia\/wp-json\/wp\/v2\/users\/1"}],"replies":[{"embeddable":true,"href":"https:\/\/biblian.is\/gudbrandsbiblia\/wp-json\/wp\/v2\/comments?post=3262"}],"version-history":[{"count":0,"href":"https:\/\/biblian.is\/gudbrandsbiblia\/wp-json\/wp\/v2\/pages\/3262\/revisions"}],"wp:attachment":[{"href":"https:\/\/biblian.is\/gudbrandsbiblia\/wp-json\/wp\/v2\/media?parent=3262"}],"curies":[{"name":"wp","href":"https:\/\/api.w.org\/{rel}","templated":true}]}}