{"id":3260,"date":"2017-12-18T18:33:08","date_gmt":"2017-12-18T18:33:08","guid":{"rendered":"http:\/\/biblian.is\/gudbrandsbiblia\/salmarnir-88-kafli\/"},"modified":"2017-12-18T18:33:08","modified_gmt":"2017-12-18T18:33:08","slug":"salmarnir-88-kafli","status":"publish","type":"page","link":"https:\/\/biblian.is\/gudbrandsbiblia\/salmarnir-88-kafli\/","title":{"rendered":"S\u00e1lmarnir 88. kafli"},"content":{"rendered":"<p>LXXXVIII.<\/p>\n<p>Lofs\u00e1lmur sona K\u00f3ra fyrir a\u00f0 syngja. Af veikleik \u00feeirra aumu. Eitt menntanarfr\u00e6\u00f0i Heman Efrahiter.<\/p>\n<p>Drottinn Gu\u00f0 minn hj\u00e1lpari, \u00e1 n\u00f3tt og degi kalla eg fyrir \u00fe\u00e9r.<\/p>\n<p>\tM\u00edna b\u00e6n l\u00e1t \u00fe\u00fa koma fyrir \u00feig, hneig \u00fe\u00edn eyru til m\u00edns \u00e1kalls.<\/p>\n<p>\t\u00dev\u00ed a\u00f0 s\u00e1la m\u00edn er full af eymd og mitt l\u00edf \u00fea\u00f0 tekur helv\u00edti a\u00f0 n\u00e1l\u00e6gjast. <span class=\"athugasemd\" title=\"J\u00f3n. 4\">[<\/span><\/p>\n<p>\tEg em reikna\u00f0ur me\u00f0 \u00feeim sem ofan fara \u00ed undirdj\u00fapin, eg em l\u00edka sem s\u00e1 ma\u00f0ur hver e\u00f0 \u00f6ngva hj\u00e1lp hefur.<\/p>\n<p>\tEg ligg \u00e1 me\u00f0al \u00feeirra framli\u00f0nu yfirgefinn, l\u00edka sem hinir \u00ed hel slegnu, \u00feeir e\u00f0 \u00ed gr\u00f6funum hv\u00edlast, hverra \u00fe\u00fa minnist eigi lengur og \u00feeir \u00fat af \u00feinni hendi fordrifnir eru. <span class=\"athugasemd\" title=\"S\u00e1l. 13 \/ Esa. 59\">[<\/span><\/p>\n<p>\t\u00de\u00fa hefur m\u00e9r \u00ed pyttinn ni\u00f0urs\u00f6kkt, \u00ed myrkri\u00f0 og \u00ed undirdj\u00fapi\u00f0.<\/p>\n<p>\t\u00de\u00edn grimmd ni\u00f0ur\u00ferykkir m\u00e9r og allar \u00fe\u00ednar st\u00f3rbylgjur \u00fe\u00e6r \u00ferengja a\u00f0 m\u00e9r. Sela.<\/p>\n<p>\tM\u00edna kunningja hefur \u00fe\u00fa gj\u00f6rt m\u00e9r fjarl\u00e6ga, \u00fe\u00fa hefur l\u00e1ti\u00f0 mig \u00feeim a\u00f0 vi\u00f0bj\u00f3\u00f0 ver\u00f0a, eg ligg hertekinn og kann ekki \u00ed burt a\u00f0 komast.<\/p>\n<p>\tM\u00edn \u00e1sj\u00e1na er herfileg af eymdar ves\u00f6ld, Drottinn, \u00feig \u00e1kalla eg daglega, til \u00fe\u00edn \u00fatbrei\u00f0i eg m\u00ednar hendur. <span class=\"athugasemd\" title=\"S\u00e1l. 6; 115 \/ Esa. 38\">[<\/span><\/p>\n<p>\tMuntu nokku\u00f0 me\u00f0al dau\u00f0ra d\u00e1semdarverkin gj\u00f6ra? Hvert munu hinir framli\u00f0nu uppr\u00edsa og \u00feakka \u00fe\u00e9r? Sela.<\/p>\n<p>\tHvert mun nokkur \u00ed gr\u00f6funum framtelja \u00fe\u00edna miskunnsemi og \u00feinn sannleik \u00ed fordj\u00f6rfuninni?<\/p>\n<p>\tMega nokku\u00f0 \u00fe\u00ednar d\u00e1semdir \u00ed myrkrunum me\u00f0kenndar ver\u00f0a e\u00f0ur \u00feitt r\u00e9ttl\u00e6ti \u00ed landinu \u00fev\u00ed sem fullt er me\u00f0 gleymsku?<\/p>\n<p>\tEn eg kalla til \u00fe\u00edn, Drottinn, og m\u00edn b\u00e6n kemur \u00e1rla fyrir \u00feig.<\/p>\n<p>\tHvar fyri \u00fatsk\u00fafar \u00fe\u00fa, Drottinn, s\u00e1lu minni og byrgir \u00feitt andlit fyri m\u00e9r?<\/p>\n<p>\tEg em aumur og vanmegna af \u00fev\u00ed a\u00f0 eg em svo burtrekinn, eg l\u00ed\u00f0 \u00fe\u00edna skelfing svo a\u00f0 eg \u00f6rvilnust a\u00f0 mestu.<\/p>\n<p>\t\u00de\u00edn heiftarbr\u00e6\u00f0i gengur yfir mig, \u00fe\u00edn skelfing h\u00fan \u00fevingar mig.<\/p>\n<p>\tDaglegana kringja \u00feeir utan um mig l\u00edka sem vatn og allir til samans tort\u00fdna \u00feeir m\u00e9r.<\/p>\n<p>\t\u00de\u00fa veldur \u00fev\u00ed a\u00f0 m\u00ednir vinir og n\u00e1ungar, m\u00ednir kunningjar taka sig langt \u00ed burt fr\u00e1 m\u00e9r fyrir \u00fev\u00edl\u00edkrar eymdar sakir.<\/p>\n","protected":false},"excerpt":{"rendered":"<p>LXXXVIII. Lofs\u00e1lmur sona K\u00f3ra fyrir a\u00f0 syngja. Af veikleik \u00feeirra aumu. Eitt menntanarfr\u00e6\u00f0i Heman Efrahiter. Drottinn Gu\u00f0 minn hj\u00e1lpari, \u00e1 n\u00f3tt og degi kalla eg fyrir \u00fe\u00e9r. M\u00edna b\u00e6n l\u00e1t \u00fe\u00fa koma fyrir \u00feig, hneig \u00fe\u00edn eyru til m\u00edns \u00e1kalls. \u00dev\u00ed a\u00f0 s\u00e1la m\u00edn er full af eymd og mitt l\u00edf \u00fea\u00f0 tekur helv\u00edti a\u00f0 n\u00e1l\u00e6gjast. [ Eg em reikna\u00f0ur me\u00f0 \u00feeim sem ofan fara \u00ed undirdj\u00fapin, eg em l\u00edka sem s\u00e1 ma\u00f0ur hver e\u00f0 \u00f6ngva hj\u00e1lp hefur. Eg ligg \u00e1 me\u00f0al \u00feeirra framli\u00f0nu yfirgefinn, l\u00edka sem hinir \u00ed hel slegnu, \u00feeir e\u00f0 \u00ed gr\u00f6funum hv\u00edlast, hverra \u00fe\u00fa minnist eigi <a href=\"https:\/\/biblian.is\/gudbrandsbiblia\/salmarnir-88-kafli\/\"> [&#8230;]<\/a><\/p>\n","protected":false},"author":1,"featured_media":0,"parent":0,"menu_order":0,"comment_status":"open","ping_status":"open","template":"bibliukaflar.php","meta":{"footnotes":""},"class_list":["post-3260","page","type-page","status-publish","hentry"],"_links":{"self":[{"href":"https:\/\/biblian.is\/gudbrandsbiblia\/wp-json\/wp\/v2\/pages\/3260","targetHints":{"allow":["GET"]}}],"collection":[{"href":"https:\/\/biblian.is\/gudbrandsbiblia\/wp-json\/wp\/v2\/pages"}],"about":[{"href":"https:\/\/biblian.is\/gudbrandsbiblia\/wp-json\/wp\/v2\/types\/page"}],"author":[{"embeddable":true,"href":"https:\/\/biblian.is\/gudbrandsbiblia\/wp-json\/wp\/v2\/users\/1"}],"replies":[{"embeddable":true,"href":"https:\/\/biblian.is\/gudbrandsbiblia\/wp-json\/wp\/v2\/comments?post=3260"}],"version-history":[{"count":0,"href":"https:\/\/biblian.is\/gudbrandsbiblia\/wp-json\/wp\/v2\/pages\/3260\/revisions"}],"wp:attachment":[{"href":"https:\/\/biblian.is\/gudbrandsbiblia\/wp-json\/wp\/v2\/media?parent=3260"}],"curies":[{"name":"wp","href":"https:\/\/api.w.org\/{rel}","templated":true}]}}